{"id":6399,"date":"2024-05-16T07:39:19","date_gmt":"2024-05-16T07:39:19","guid":{"rendered":"https:\/\/poolceramica.com\/?post_type=product&#038;p=6399"},"modified":"2024-05-16T07:52:20","modified_gmt":"2024-05-16T07:52:20","slug":"carrelage-iconic-white-concrete-48x98","status":"publish","type":"product","link":"https:\/\/poolceramica.com\/index.php\/produit\/carrelage-iconic-white-concrete-48x98\/","title":{"rendered":"Carrelage Iconic white concrete 48&#215;98"},"content":{"rendered":"\t\t<div data-elementor-type=\"wp-post\" data-elementor-id=\"6399\" class=\"elementor elementor-6399\">\n\t\t\t\t<div class=\"elementor-element elementor-element-c0102e7 e-flex e-con-boxed e-con e-parent\" data-id=\"c0102e7\" data-element_type=\"container\" data-e-type=\"container\">\n\t\t\t\t\t<div class=\"e-con-inner\">\n\t\t<div class=\"elementor-element elementor-element-84a5ee2 e-con-full e-flex e-con e-child\" data-id=\"84a5ee2\" data-element_type=\"container\" data-e-type=\"container\" data-settings=\"{&quot;background_background&quot;:&quot;classic&quot;}\">\n\t\t<div class=\"elementor-element elementor-element-4326b02 e-con-full e-flex e-con e-child\" data-id=\"4326b02\" data-element_type=\"container\" data-e-type=\"container\">\n\t\t\t\t<div class=\"elementor-element elementor-element-4c75a7a elementor-widget elementor-widget-wd_text_block\" data-id=\"4c75a7a\" data-element_type=\"widget\" data-e-type=\"widget\" data-widget_type=\"wd_text_block.default\">\n\t\t\t\t<div class=\"elementor-widget-container\">\n\t\t\t\t\t\t\t<div class=\"wd-text-block reset-last-child text-left\">\n\t\t\t\n\t\t\t<h4>Carrelage piscine Sukabumi : L'exotisme de l'Indon\u00e9sie dans votre jardin !<\/h4><p>Plongez dans l'univers envo\u00fbtant du carrelage Sukabumi, une v\u00e9ritable invitation au voyage au c\u0153ur de l'Indon\u00e9sie. Originaire de Bali, cette pierre naturelle vous transporte dans un monde de luxe et d'\u00e9l\u00e9gance, o\u00f9 chaque teinte verte \u00e9voque les paysages luxuriants de l'archipel indon\u00e9sien. Transformez votre piscine en un oasis tropical avec le carrelage Sukabumi, et laissez-vous s\u00e9duire par son charme exotique incomparable.<\/p>\n\t\t\t\t\t<\/div>\n\t\t\t\t\t\t<\/div>\n\t\t\t\t<\/div>\n\t\t\t\t<div class=\"elementor-element elementor-element-c498fa3 elementor-widget elementor-widget-wd_image_or_svg\" data-id=\"c498fa3\" data-element_type=\"widget\" data-e-type=\"widget\" data-widget_type=\"wd_image_or_svg.default\">\n\t\t\t\t<div class=\"elementor-widget-container\">\n\t\t\t\t\t\n\t\t<div class=\"wd-image text-left\">\n\t\t\t\t\t\t\t\t<img fetchpriority=\"high\" decoding=\"async\" width=\"683\" height=\"683\" src=\"https:\/\/poolceramica.com\/wp-content\/uploads\/2024\/05\/16772410400-piscina-privada-madr683x683-logo.png\" class=\"attachment-full size-full\" alt=\"\" srcset=\"https:\/\/poolceramica.com\/wp-content\/uploads\/2024\/05\/16772410400-piscina-privada-madr683x683-logo.png 683w, https:\/\/poolceramica.com\/wp-content\/uploads\/2024\/05\/16772410400-piscina-privada-madr683x683-logo-300x300.png 300w, https:\/\/poolceramica.com\/wp-content\/uploads\/2024\/05\/16772410400-piscina-privada-madr683x683-logo-150x150.png 150w, https:\/\/poolceramica.com\/wp-content\/uploads\/2024\/05\/16772410400-piscina-privada-madr683x683-logo-430x430.png 430w\" sizes=\"(max-width: 683px) 100vw, 683px\" \/>\t\t\t\t\t<\/div>\n\n\t\t\t\t\t\t<\/div>\n\t\t\t\t<\/div>\n\t\t\t\t<\/div>\n\t\t<div class=\"elementor-element elementor-element-3e2ec63 e-con-full e-flex e-con e-child\" data-id=\"3e2ec63\" data-element_type=\"container\" data-e-type=\"container\">\n\t\t<div class=\"elementor-element elementor-element-274de91 e-con-full e-flex e-con e-child\" data-id=\"274de91\" data-element_type=\"container\" data-e-type=\"container\">\n\t\t\t\t<div class=\"elementor-element elementor-element-7f996f3 elementor-widget elementor-widget-wd_text_block\" data-id=\"7f996f3\" data-element_type=\"widget\" data-e-type=\"widget\" data-widget_type=\"wd_text_block.default\">\n\t\t\t\t<div class=\"elementor-widget-container\">\n\t\t\t\t\t\t\t<div class=\"wd-text-block reset-last-child text-left\">\n\t\t\t\n\t\t\t<h4>Sukabumi : La pierre verte \u00e9meraude d'Indon\u00e9sie pour une piscine d'exception !<\/h4><p>Authentique et raffin\u00e9, le carrelage Sukabumi s\u00b4inspire de l\u00b4architecture indon\u00e9sienne. Ce mod\u00e8le \u00e1 \u00e9t\u00e9 r\u00e9alis\u00e9 \u00e0 partir des meilleures carri\u00e8res de pierre, chaque carreau r\u00e9v\u00e8le la beaut\u00e9 naturelle et la qualit\u00e9 exceptionnelle de ce mat\u00e9riau. Avec sa couleur \u00e9meraude \u00e9clatante et sa texture unique, le Sukabumi apporte une touche de sophistication \u00e0 votre espace piscine, rehaussant ainsi son allure et son caract\u00e8re avec un design \u00e0 couper le souffle.<\/p>\n\t\t\t\t\t<\/div>\n\t\t\t\t\t\t<\/div>\n\t\t\t\t<\/div>\n\t\t\t\t<\/div>\n\t\t<div class=\"elementor-element elementor-element-544a914 e-con-full e-flex e-con e-child\" data-id=\"544a914\" data-element_type=\"container\" data-e-type=\"container\">\n\t\t\t\t<div class=\"elementor-element elementor-element-37b901d elementor-widget elementor-widget-wd_text_block\" data-id=\"37b901d\" data-element_type=\"widget\" data-e-type=\"widget\" data-widget_type=\"wd_text_block.default\">\n\t\t\t\t<div class=\"elementor-widget-container\">\n\t\t\t\t\t\t\t<div class=\"wd-text-block reset-last-child text-left\">\n\t\t\t\n\t\t\t<h4>Qualit\u00e9 et design : Sublimez votre piscine avec le carrelage Sukabumi !<\/h4><p>Offrez \u00e0 votre piscine le prestige qu'elle m\u00e9rite avec le carrelage Sukabumi, symbole de luxe et de raffinement. Alliant qualit\u00e9 irr\u00e9prochable et esth\u00e9tique recherch\u00e9e, ce rev\u00eatement de piscine vous permet de cr\u00e9er un espace de d\u00e9tente et de loisirs digne des plus beaux resorts balinais. Avec le carrelage Sukabumi, transformez votre piscine en un v\u00e9ritable joyau architectural, et laissez-vous charmer par la magie de l'Indon\u00e9sie au quotidien.<\/p>\n\t\t\t\t\t<\/div>\n\t\t\t\t\t\t<\/div>\n\t\t\t\t<\/div>\n\t\t\t\t<\/div>\n\t\t\t\t<\/div>\n\t\t\t\t<\/div>\n\t\t\t\t\t<\/div>\n\t\t\t\t<\/div>\n\t\t<div class=\"elementor-element elementor-element-c0fac79 e-flex e-con-boxed e-con e-parent\" data-id=\"c0fac79\" data-element_type=\"container\" data-e-type=\"container\">\n\t\t\t\t\t<div class=\"e-con-inner\">\n\t\t\t\t<div class=\"elementor-element elementor-element-3fda5a8 elementor-widget elementor-widget-wd_text_block\" data-id=\"3fda5a8\" data-element_type=\"widget\" data-e-type=\"widget\" data-widget_type=\"wd_text_block.default\">\n\t\t\t\t<div class=\"elementor-widget-container\">\n\t\t\t\t\t\t\t<div class=\"wd-text-block reset-last-child text-left\">\n\t\t\t\n\t\t\t<h4>Durabilit\u00e9, qualit\u00e9 et s\u00e9curit\u00e9<\/h4><p>Avec son classement C et PN24 en r\u00e9sistance \u00e0 la glissance, ce carrelage allie esth\u00e9tique et s\u00e9curit\u00e9. Sa durabilit\u00e9 exceptionnelle garantit une long\u00e9vit\u00e9 remarquable, tandis que sa qualit\u00e9 sup\u00e9rieure assure un investissement \u00e0 long terme pour votre espace piscine. Profitez de chaque instant en toute s\u00e9r\u00e9nit\u00e9, avec le carrelage Sukabumi, synonyme de fiabilit\u00e9 et de confort au touch\u00e9.<\/p>\n\t\t\t\t\t<\/div>\n\t\t\t\t\t\t<\/div>\n\t\t\t\t<\/div>\n\t\t\t\t<div class=\"elementor-element elementor-element-89f3cf9 wd-width-100 elementor-widget elementor-widget-wd_images_gallery\" data-id=\"89f3cf9\" data-element_type=\"widget\" data-e-type=\"widget\" data-widget_type=\"wd_images_gallery.default\">\n\t\t\t\t<div class=\"elementor-widget-container\">\n\t\t\t\t\t\t\t<div class=\"wd-images-gallery photoswipe-images wd-carousel-container\" style=\"--wd-align-items:center; --wd-justify-content:center;\">\n\t\t\t\t\t\t\t<div class=\"wd-carousel-inner\">\n\t\t\t\t\t\t<div class=\"wd-carousel wd-grid\" data-scroll_per_page=\"yes\" style=\"--wd-col-lg:3;--wd-col-md:3;--wd-col-sm:1;--wd-gap-lg:30px;--wd-gap-sm:10px;\">\n\t\t\t\t\t\t\t\t\t<div class=\"wd-carousel-wrap\">\n\t\t\t\t\t\t\t\t\t\t\t\t\t\t\t\t\t\t<div class=\"wd-gallery-item wd-carousel-item\">\n\t\t\t\t\t\t\t\t\t\t\t\t\t<a  href=\"https:\/\/poolceramica.com\/wp-content\/uploads\/2024\/05\/L62__62_6x37_7x3_8__Iconic_White__1_-removebg-preview.png\"data-width=\"577\" data-height=\"433\" data-index=\"1\" data-elementor-open-lightbox=\"no\">\n\t\t\t\t\t\t\n\t\t\t\t\t\t<img decoding=\"async\" src=\"https:\/\/poolceramica.com\/wp-content\/uploads\/2024\/05\/L62__62_6x37_7x3_8__Iconic_White__1_-removebg-preview.png\"alt=\"L62__62_6x37_7x3_8__Iconic_White__1_-removebg-preview\">\n\t\t\t\t\t\t\t\t\t\t\t\t\t<\/a>\n\t\t\t\t\t\t\t\t\t\t\t<\/div>\n\t\t\t\t\t\t\t\t\t\t\t\t\t\t\t<div class=\"wd-gallery-item wd-carousel-item\">\n\t\t\t\t\t\t\t\t\t\t\t\t\t<a  href=\"https:\/\/poolceramica.com\/wp-content\/uploads\/2024\/05\/ROSAGRES-Iconic-white-48.8x97.9-cm.png\"data-width=\"1068\" data-height=\"1072\" data-index=\"2\" data-elementor-open-lightbox=\"no\">\n\t\t\t\t\t\t\n\t\t\t\t\t\t<img decoding=\"async\" src=\"https:\/\/poolceramica.com\/wp-content\/uploads\/2024\/05\/ROSAGRES-Iconic-white-48.8x97.9-cm.png\"alt=\"ROSAGRES - Iconic white - 48.8x97.9 cm\">\n\t\t\t\t\t\t\t\t\t\t\t\t\t<\/a>\n\t\t\t\t\t\t\t\t\t\t\t<\/div>\n\t\t\t\t\t\t\t\t\t\t\t\t\t\t\t<div class=\"wd-gallery-item wd-carousel-item\">\n\t\t\t\t\t\t\t\t\t\t\t\t\t<a  href=\"https:\/\/poolceramica.com\/wp-content\/uploads\/2024\/05\/S62__62_6x31x2_6__Iconic_White-removebg-preview.png\"data-width=\"577\" data-height=\"433\" data-index=\"3\" data-elementor-open-lightbox=\"no\">\n\t\t\t\t\t\t\n\t\t\t\t\t\t<img decoding=\"async\" src=\"https:\/\/poolceramica.com\/wp-content\/uploads\/2024\/05\/S62__62_6x31x2_6__Iconic_White-removebg-preview.png\"alt=\"S62__62_6x31x2_6__Iconic_White-removebg-preview\">\n\t\t\t\t\t\t\t\t\t\t\t\t\t<\/a>\n\t\t\t\t\t\t\t\t\t\t\t<\/div>\n\t\t\t\t\t\t\t\t\t\t\t\t\t\t\t\t<\/div>\n\t\t\t\t\t\t\t\t<\/div>\n\t\t\t\t\t\t\t\t\t\t\t\t\t\t<div class=\"wd-nav-arrows wd-pos-sep wd-hover-1 wd-icon-1\">\n\t\t\t<div class=\"wd-btn-arrow wd-prev wd-disabled\">\n\t\t\t\t<div class=\"wd-arrow-inner\"><\/div>\n\t\t\t<\/div>\n\t\t\t<div class=\"wd-btn-arrow wd-next\">\n\t\t\t\t<div class=\"wd-arrow-inner\"><\/div>\n\t\t\t<\/div>\n\t\t<\/div>\n\t\t\t\t\t\t\n\t\t\t\t<\/div>\n\n\t\t\t\t\t\t\t\t\t\t\t\t\t<\/div>\n\t\t\t\t\t\t<\/div>\n\t\t\t\t<\/div>\n\t\t\t\t\t<\/div>\n\t\t\t\t<\/div>\n\t\t<div class=\"elementor-element elementor-element-772791b e-flex e-con-boxed e-con e-parent\" data-id=\"772791b\" data-element_type=\"container\" data-e-type=\"container\">\n\t\t\t\t\t<div class=\"e-con-inner\">\n\t\t\t\t<div class=\"elementor-element elementor-element-b855f36 elementor-widget elementor-widget-stm_calc\" data-id=\"b855f36\" data-element_type=\"widget\" data-e-type=\"widget\" data-widget_type=\"stm_calc.default\">\n\t\t\t\t<div class=\"elementor-widget-container\">\n\t\t\t\t\t<script type=\"text\/javascript\">window[\"ccb_front_template_4912\"] = [];<\/script>\n<div class=\"ccb-main-widget \" id=\"ccb_app_4912\" data-calc-id=\"4912\"><\/div>\n\t\t\t\t<\/div>\n\t\t\t\t<\/div>\n\t\t\t\t\t<\/div>\n\t\t\t\t<\/div>\n\t\t\t\t<\/div>\n\t\t","protected":false},"excerpt":{"rendered":"<p>Le carrelage Iconic white concrete reproduit\u00a0 l\u00b4aspect du b\u00e9ton banch\u00e9 laissant apparaitre des \u00e9clats de gravier de rivi\u00e8res .<\/p>\n<p>une piscine bleu translucide et une terrasse contemporaine.<\/p>\n","protected":false},"featured_media":6405,"comment_status":"open","ping_status":"closed","template":"","meta":{"csbAdvScrollBarCursor":"","_joinchat":[]},"product_brand":[],"product_cat":[22,20],"product_tag":[],"class_list":{"0":"post-6399","1":"product","2":"type-product","3":"status-publish","4":"has-post-thumbnail","6":"product_cat-carrelage-terrasse","7":"product_cat-carrelage-piscine","9":"first","10":"instock","11":"taxable","12":"shipping-taxable","13":"purchasable","14":"product-type-simple"},"_links":{"self":[{"href":"https:\/\/poolceramica.com\/index.php\/wp-json\/wp\/v2\/product\/6399","targetHints":{"allow":["GET"]}}],"collection":[{"href":"https:\/\/poolceramica.com\/index.php\/wp-json\/wp\/v2\/product"}],"about":[{"href":"https:\/\/poolceramica.com\/index.php\/wp-json\/wp\/v2\/types\/product"}],"replies":[{"embeddable":true,"href":"https:\/\/poolceramica.com\/index.php\/wp-json\/wp\/v2\/comments?post=6399"}],"version-history":[{"count":5,"href":"https:\/\/poolceramica.com\/index.php\/wp-json\/wp\/v2\/product\/6399\/revisions"}],"predecessor-version":[{"id":6413,"href":"https:\/\/poolceramica.com\/index.php\/wp-json\/wp\/v2\/product\/6399\/revisions\/6413"}],"wp:featuredmedia":[{"embeddable":true,"href":"https:\/\/poolceramica.com\/index.php\/wp-json\/wp\/v2\/media\/6405"}],"wp:attachment":[{"href":"https:\/\/poolceramica.com\/index.php\/wp-json\/wp\/v2\/media?parent=6399"}],"wp:term":[{"taxonomy":"product_brand","embeddable":true,"href":"https:\/\/poolceramica.com\/index.php\/wp-json\/wp\/v2\/product_brand?post=6399"},{"taxonomy":"product_cat","embeddable":true,"href":"https:\/\/poolceramica.com\/index.php\/wp-json\/wp\/v2\/product_cat?post=6399"},{"taxonomy":"product_tag","embeddable":true,"href":"https:\/\/poolceramica.com\/index.php\/wp-json\/wp\/v2\/product_tag?post=6399"}],"curies":[{"name":"wp","href":"https:\/\/api.w.org\/{rel}","templated":true}]}}