{"id":5982,"date":"2024-05-14T11:22:22","date_gmt":"2024-05-14T11:22:22","guid":{"rendered":"https:\/\/poolceramica.com\/?post_type=product&#038;p=5982"},"modified":"2024-05-14T11:30:00","modified_gmt":"2024-05-14T11:30:00","slug":"margelle-droite-pietro-grey-slate","status":"publish","type":"product","link":"https:\/\/poolceramica.com\/index.php\/produit\/margelle-droite-pietro-grey-slate\/","title":{"rendered":"Margelle droite Pietro grey slate"},"content":{"rendered":"\t\t<div data-elementor-type=\"wp-post\" data-elementor-id=\"5982\" class=\"elementor elementor-5982\">\n\t\t\t\t<div class=\"elementor-element elementor-element-c0102e7 e-flex e-con-boxed e-con e-parent\" data-id=\"c0102e7\" data-element_type=\"container\" data-e-type=\"container\">\n\t\t\t\t\t<div class=\"e-con-inner\">\n\t\t<div class=\"elementor-element elementor-element-84a5ee2 e-con-full e-flex e-con e-child\" data-id=\"84a5ee2\" data-element_type=\"container\" data-e-type=\"container\" data-settings=\"{&quot;background_background&quot;:&quot;classic&quot;}\">\n\t\t<div class=\"elementor-element elementor-element-4326b02 e-con-full e-flex e-con e-child\" data-id=\"4326b02\" data-element_type=\"container\" data-e-type=\"container\">\n\t\t\t\t<div class=\"elementor-element elementor-element-4c75a7a elementor-widget elementor-widget-wd_text_block\" data-id=\"4c75a7a\" data-element_type=\"widget\" data-e-type=\"widget\" data-widget_type=\"wd_text_block.default\">\n\t\t\t\t<div class=\"elementor-widget-container\">\n\t\t\t\t\t\t\t<div class=\"wd-text-block reset-last-child text-left\">\n\t\t\t\n\t\t\t<h4>Explorez l'\u00e9l\u00e9gance naturelle avec le Black River Stone : une piscine inspir\u00e9e des roches volcaniques<\/h4><p>Plongez dans l'exp\u00e9rience unique du Black River Stone, un carrelage piscine qui recr\u00e9e l'apparence des roches volcaniques pour donner \u00e0 votre espace aquatique l'atmosph\u00e8re dynamique et sombre d'une rivi\u00e8re sauvage. Avec ses nuances profondes et sa texture authentique, ce rev\u00eatement apporte une touche distinctive \u00e0 votre piscine, capturant l'essence des paysages naturels. Transformez votre jardin en un havre de paix en choisissant le Black River Stone pour cr\u00e9er un environnement aquatique spectaculaire et captivant.<\/p>\n\t\t\t\t\t<\/div>\n\t\t\t\t\t\t<\/div>\n\t\t\t\t<\/div>\n\t\t\t\t<div class=\"elementor-element elementor-element-f310ce1 elementor-widget elementor-widget-wd_image_or_svg\" data-id=\"f310ce1\" data-element_type=\"widget\" data-e-type=\"widget\" data-widget_type=\"wd_image_or_svg.default\">\n\t\t\t\t<div class=\"elementor-widget-container\">\n\t\t\t\t\t\n\t\t<div class=\"wd-image text-left\">\n\t\t\t\t\t\t\t\t<img fetchpriority=\"high\" decoding=\"async\" width=\"683\" height=\"683\" src=\"https:\/\/poolceramica.com\/wp-content\/uploads\/2024\/05\/17150968302-piscina-privada-barc-683x683-logo.png\" class=\"attachment-full size-full\" alt=\"\" srcset=\"https:\/\/poolceramica.com\/wp-content\/uploads\/2024\/05\/17150968302-piscina-privada-barc-683x683-logo.png 683w, https:\/\/poolceramica.com\/wp-content\/uploads\/2024\/05\/17150968302-piscina-privada-barc-683x683-logo-300x300.png 300w, https:\/\/poolceramica.com\/wp-content\/uploads\/2024\/05\/17150968302-piscina-privada-barc-683x683-logo-150x150.png 150w, https:\/\/poolceramica.com\/wp-content\/uploads\/2024\/05\/17150968302-piscina-privada-barc-683x683-logo-430x430.png 430w\" sizes=\"(max-width: 683px) 100vw, 683px\" \/>\t\t\t\t\t<\/div>\n\n\t\t\t\t\t\t<\/div>\n\t\t\t\t<\/div>\n\t\t\t\t<\/div>\n\t\t<div class=\"elementor-element elementor-element-3e2ec63 e-con-full e-flex e-con e-child\" data-id=\"3e2ec63\" data-element_type=\"container\" data-e-type=\"container\">\n\t\t<div class=\"elementor-element elementor-element-274de91 e-con-full e-flex e-con e-child\" data-id=\"274de91\" data-element_type=\"container\" data-e-type=\"container\">\n\t\t\t\t<div class=\"elementor-element elementor-element-7f996f3 elementor-widget elementor-widget-wd_text_block\" data-id=\"7f996f3\" data-element_type=\"widget\" data-e-type=\"widget\" data-widget_type=\"wd_text_block.default\">\n\t\t\t\t<div class=\"elementor-widget-container\">\n\t\t\t\t\t\t\t<div class=\"wd-text-block reset-last-child text-left\">\n\t\t\t\n\t\t\t<h4><strong>D\u00e9couvrez le Black River Stone : une piscine inspir\u00e9e par les rivi\u00e8res tumultueuses<\/strong><\/h4><p>Plongez dans l'ambiance sauvage du Black River Stone, un carrelage piscine qui \u00e9voque fid\u00e8lement l'aspect des roches volcaniques. Transformez votre espace aquatique en un coin de nature authentique, rappelant les rivi\u00e8res sauvages et imp\u00e9tueuses. Imaginez-vous au bord d'une rivi\u00e8re tumultueuse avec ce rev\u00eatement unique, qui offre \u00e0 votre piscine une esth\u00e9tique naturelle et saisissante. Cr\u00e9ez une atmosph\u00e8re relaxante et authentique dans votre jardin avec le Black River Stone, id\u00e9al pour une piscine inspir\u00e9e par les forces de la nature.<\/p>\n\t\t\t\t\t<\/div>\n\t\t\t\t\t\t<\/div>\n\t\t\t\t<\/div>\n\t\t\t\t<\/div>\n\t\t<div class=\"elementor-element elementor-element-544a914 e-con-full e-flex e-con e-child\" data-id=\"544a914\" data-element_type=\"container\" data-e-type=\"container\">\n\t\t\t\t<div class=\"elementor-element elementor-element-37b901d elementor-widget elementor-widget-wd_text_block\" data-id=\"37b901d\" data-element_type=\"widget\" data-e-type=\"widget\" data-widget_type=\"wd_text_block.default\">\n\t\t\t\t<div class=\"elementor-widget-container\">\n\t\t\t\t\t\t\t<div class=\"wd-text-block reset-last-child text-left\">\n\t\t\t\n\t\t\t<h4><strong>Transformez votre piscine en oasis naturelle avec le Black River Stone : une esth\u00e9tique contemporaine inspir\u00e9e par les paysages volcaniques<\/strong><\/h4><p>Red\u00e9finissez l'ambiance de votre jardin avec le Black River Stone, un carrelage piscine qui capture l'\u00e9nergie des eaux de rivi\u00e8re sombres et vivantes. Inspir\u00e9 par les paysages volcaniques, ce rev\u00eatement apporte une touche organique et sophistiqu\u00e9e \u00e0 votre espace aquatique. Plongez dans une ambiance paisible et authentique gr\u00e2ce \u00e0 ses nuances profondes et \u00e0 sa texture remarquable. Offrez \u00e0 votre jardin une esth\u00e9tique contemporaine avec le Black River Stone, cr\u00e9ant ainsi un lieu de d\u00e9tente o\u00f9 la nature est mise \u00e0 l'honneur.<\/p>\n\t\t\t\t\t<\/div>\n\t\t\t\t\t\t<\/div>\n\t\t\t\t<\/div>\n\t\t\t\t<\/div>\n\t\t\t\t<\/div>\n\t\t\t\t<\/div>\n\t\t\t\t\t<\/div>\n\t\t\t\t<\/div>\n\t\t<div class=\"elementor-element elementor-element-c0fac79 e-flex e-con-boxed e-con e-parent\" data-id=\"c0fac79\" data-element_type=\"container\" data-e-type=\"container\">\n\t\t\t\t\t<div class=\"e-con-inner\">\n\t\t\t\t<div class=\"elementor-element elementor-element-3fda5a8 elementor-widget elementor-widget-wd_text_block\" data-id=\"3fda5a8\" data-element_type=\"widget\" data-e-type=\"widget\" data-widget_type=\"wd_text_block.default\">\n\t\t\t\t<div class=\"elementor-widget-container\">\n\t\t\t\t\t\t\t<div class=\"wd-text-block reset-last-child text-left\">\n\t\t\t\n\t\t\t<h4>Durabilit\u00e9, qualit\u00e9 et s\u00e9curit\u00e9<\/h4><p>Avec son classement C et PN24 en r\u00e9sistance \u00e0 la glissance, ce carrelage allie esth\u00e9tique et s\u00e9curit\u00e9. Sa durabilit\u00e9 exceptionnelle garantit une long\u00e9vit\u00e9 remarquable, tandis que sa qualit\u00e9 sup\u00e9rieure assure un investissement \u00e0 long terme pour votre espace piscine. Profitez de chaque instant en toute s\u00e9r\u00e9nit\u00e9, avec le carrelage Black river stone, synonyme de fiabilit\u00e9 et de confort au touch\u00e9.<\/p>\n\t\t\t\t\t<\/div>\n\t\t\t\t\t\t<\/div>\n\t\t\t\t<\/div>\n\t\t\t\t<div class=\"elementor-element elementor-element-89f3cf9 wd-width-100 elementor-widget elementor-widget-wd_images_gallery\" data-id=\"89f3cf9\" data-element_type=\"widget\" data-e-type=\"widget\" data-widget_type=\"wd_images_gallery.default\">\n\t\t\t\t<div class=\"elementor-widget-container\">\n\t\t\t\t\t\t\t<div class=\"wd-images-gallery photoswipe-images wd-carousel-container\" style=\"--wd-align-items:center; --wd-justify-content:center;\">\n\t\t\t\t\t\t\t<div class=\"wd-carousel-inner\">\n\t\t\t\t\t\t<div class=\"wd-carousel wd-grid\" data-scroll_per_page=\"yes\" style=\"--wd-col-lg:3;--wd-col-md:3;--wd-col-sm:1;--wd-gap-lg:30px;--wd-gap-sm:10px;\">\n\t\t\t\t\t\t\t\t\t<div class=\"wd-carousel-wrap\">\n\t\t\t\t\t\t\t\t\t\t\t\t\t\t\t\t\t\t<div class=\"wd-gallery-item wd-carousel-item\">\n\t\t\t\t\t\t\t\t\t\t\t\t\t<a  href=\"https:\/\/poolceramica.com\/wp-content\/uploads\/2024\/05\/L62_Pietro_Grey__1_-removebg-preview.png\"data-width=\"594\" data-height=\"420\" data-index=\"1\" data-elementor-open-lightbox=\"no\">\n\t\t\t\t\t\t\n\t\t\t\t\t\t<img decoding=\"async\" src=\"https:\/\/poolceramica.com\/wp-content\/uploads\/2024\/05\/L62_Pietro_Grey__1_-removebg-preview.png\"alt=\"L62_Pietro_Grey__1_-removebg-preview\">\n\t\t\t\t\t\t\t\t\t\t\t\t\t<\/a>\n\t\t\t\t\t\t\t\t\t\t\t<\/div>\n\t\t\t\t\t\t\t\t\t\t\t\t\t\t\t<div class=\"wd-gallery-item wd-carousel-item\">\n\t\t\t\t\t\t\t\t\t\t\t\t\t<a  href=\"https:\/\/poolceramica.com\/wp-content\/uploads\/2024\/05\/ROSAGRES-Pietro-Grey-31x62.6-cm.png\"data-width=\"867\" data-height=\"962\" data-index=\"2\" data-elementor-open-lightbox=\"no\">\n\t\t\t\t\t\t\n\t\t\t\t\t\t<img decoding=\"async\" src=\"https:\/\/poolceramica.com\/wp-content\/uploads\/2024\/05\/ROSAGRES-Pietro-Grey-31x62.6-cm.png\"alt=\"ROSAGRES - Pietro Grey- 31x62.6 cm\">\n\t\t\t\t\t\t\t\t\t\t\t\t\t<\/a>\n\t\t\t\t\t\t\t\t\t\t\t<\/div>\n\t\t\t\t\t\t\t\t\t\t\t\t\t\t\t<div class=\"wd-gallery-item wd-carousel-item\">\n\t\t\t\t\t\t\t\t\t\t\t\t\t<a  href=\"https:\/\/poolceramica.com\/wp-content\/uploads\/2024\/05\/S62_Pietro_Grey-removebg-preview.png\"data-width=\"594\" data-height=\"420\" data-index=\"3\" data-elementor-open-lightbox=\"no\">\n\t\t\t\t\t\t\n\t\t\t\t\t\t<img decoding=\"async\" src=\"https:\/\/poolceramica.com\/wp-content\/uploads\/2024\/05\/S62_Pietro_Grey-removebg-preview.png\"alt=\"S62_Pietro_Grey-removebg-preview\">\n\t\t\t\t\t\t\t\t\t\t\t\t\t<\/a>\n\t\t\t\t\t\t\t\t\t\t\t<\/div>\n\t\t\t\t\t\t\t\t\t\t\t\t\t\t\t\t<\/div>\n\t\t\t\t\t\t\t\t<\/div>\n\t\t\t\t\t\t\t\t\t\t\t\t\t\t<div class=\"wd-nav-arrows wd-pos-sep wd-hover-1 wd-icon-1\">\n\t\t\t<div class=\"wd-btn-arrow wd-prev wd-disabled\">\n\t\t\t\t<div class=\"wd-arrow-inner\"><\/div>\n\t\t\t<\/div>\n\t\t\t<div class=\"wd-btn-arrow wd-next\">\n\t\t\t\t<div class=\"wd-arrow-inner\"><\/div>\n\t\t\t<\/div>\n\t\t<\/div>\n\t\t\t\t\t\t\n\t\t\t\t<\/div>\n\n\t\t\t\t\t\t\t\t\t\t\t\t\t<\/div>\n\t\t\t\t\t\t<\/div>\n\t\t\t\t<\/div>\n\t\t\t\t\t<\/div>\n\t\t\t\t<\/div>\n\t\t<div class=\"elementor-element elementor-element-f4efc73 e-con-full e-flex e-con e-parent\" data-id=\"f4efc73\" data-element_type=\"container\" data-e-type=\"container\">\n\t\t\t\t<div class=\"elementor-element elementor-element-06b41bd elementor-widget__width-inherit elementor-widget elementor-widget-stm_calc\" data-id=\"06b41bd\" data-element_type=\"widget\" data-e-type=\"widget\" data-widget_type=\"stm_calc.default\">\n\t\t\t\t<div class=\"elementor-widget-container\">\n\t\t\t\t\t<script type=\"text\/javascript\">window[\"ccb_front_template_4879\"] = [];<\/script>\n<div class=\"ccb-main-widget \" id=\"ccb_app_4879\" data-calc-id=\"4879\"><\/div>\n\t\t\t\t<\/div>\n\t\t\t\t<\/div>\n\t\t\t\t<\/div>\n\t\t\t\t<\/div>\n\t\t","protected":false},"excerpt":{"rendered":"<p>La margelle droite piscine pietro grey slate aspect ardoise grise pour une terrasse naturelle et intemporelle.<\/p>\n","protected":false},"featured_media":5952,"comment_status":"open","ping_status":"closed","template":"","meta":{"csbAdvScrollBarCursor":"","_joinchat":[]},"product_brand":[],"product_cat":[21],"product_tag":[],"class_list":{"0":"post-5982","1":"product","2":"type-product","3":"status-publish","4":"has-post-thumbnail","6":"product_cat-margelle","8":"first","9":"instock","10":"taxable","11":"shipping-taxable","12":"purchasable","13":"product-type-simple"},"_links":{"self":[{"href":"https:\/\/poolceramica.com\/index.php\/wp-json\/wp\/v2\/product\/5982","targetHints":{"allow":["GET"]}}],"collection":[{"href":"https:\/\/poolceramica.com\/index.php\/wp-json\/wp\/v2\/product"}],"about":[{"href":"https:\/\/poolceramica.com\/index.php\/wp-json\/wp\/v2\/types\/product"}],"replies":[{"embeddable":true,"href":"https:\/\/poolceramica.com\/index.php\/wp-json\/wp\/v2\/comments?post=5982"}],"version-history":[{"count":4,"href":"https:\/\/poolceramica.com\/index.php\/wp-json\/wp\/v2\/product\/5982\/revisions"}],"predecessor-version":[{"id":5986,"href":"https:\/\/poolceramica.com\/index.php\/wp-json\/wp\/v2\/product\/5982\/revisions\/5986"}],"wp:featuredmedia":[{"embeddable":true,"href":"https:\/\/poolceramica.com\/index.php\/wp-json\/wp\/v2\/media\/5952"}],"wp:attachment":[{"href":"https:\/\/poolceramica.com\/index.php\/wp-json\/wp\/v2\/media?parent=5982"}],"wp:term":[{"taxonomy":"product_brand","embeddable":true,"href":"https:\/\/poolceramica.com\/index.php\/wp-json\/wp\/v2\/product_brand?post=5982"},{"taxonomy":"product_cat","embeddable":true,"href":"https:\/\/poolceramica.com\/index.php\/wp-json\/wp\/v2\/product_cat?post=5982"},{"taxonomy":"product_tag","embeddable":true,"href":"https:\/\/poolceramica.com\/index.php\/wp-json\/wp\/v2\/product_tag?post=5982"}],"curies":[{"name":"wp","href":"https:\/\/api.w.org\/{rel}","templated":true}]}}