{"id":5753,"date":"2024-05-13T08:56:33","date_gmt":"2024-05-13T08:56:33","guid":{"rendered":"https:\/\/poolceramica.com\/?post_type=product&#038;p=5753"},"modified":"2024-05-13T08:57:27","modified_gmt":"2024-05-13T08:57:27","slug":"banda-120x70-bande-detancheite-rouleau-10ml","status":"publish","type":"product","link":"https:\/\/poolceramica.com\/index.php\/produit\/banda-120x70-bande-detancheite-rouleau-10ml\/","title":{"rendered":"Banda 120&#215;70  bande d\u00b4\u00e9tanch\u00e9it\u00e9 rouleau 10ml"},"content":{"rendered":"\t\t<div data-elementor-type=\"wp-post\" data-elementor-id=\"5753\" class=\"elementor elementor-5753\">\n\t\t\t\t<div class=\"elementor-element elementor-element-53a13ec e-flex e-con-boxed e-con e-parent\" data-id=\"53a13ec\" data-element_type=\"container\" data-e-type=\"container\">\n\t\t\t\t\t<div class=\"e-con-inner\">\n\t\t\t\t<div class=\"elementor-element elementor-element-c6b2f65 color-scheme-inherit text-left elementor-widget elementor-widget-text-editor\" data-id=\"c6b2f65\" data-element_type=\"widget\" data-e-type=\"widget\" data-widget_type=\"text-editor.default\">\n\t\t\t\t<div class=\"elementor-widget-container\">\n\t\t\t\t\t\t\t\t\tBanda 120&#215;70 est une bande d\u00b4\u00e9tanch\u00e9it\u00e9 sous carrelage \u00e0 appliquer sur l\u00b4ensemble des angles rentrant et sortant \u00e0 l\u00b4int\u00e9rieur de la piscine. C\u00b4est une des \u00e9tapes les plus importante dans la construction ou la r\u00e9novation d une piscine. Cette bande doit \u00eatre coll\u00e9e avec l\u00b4\u00e9tanch\u00e9it\u00e9 sous carrelage Hidrofix ou Hidroelastic . Il est conseill\u00e9 de traiter dans un premier temps les angles avant de passer les deux couches d\u00b4\u00e9tanch\u00e9it\u00e9 sous carrelage sur l\u00b4ensemble de la piscine, afin de pouvoir prendre le temps n\u00e9cessaire pour faire cette \u00e9tape. Il faut appliquer \u00e0 l\u00b4aide d\u00b4une brosse ou d\u00b4un petit rouleau une couche d\u00b4\u00e9tanch\u00e9it\u00e9 puis coller la bande. Appliquer l\u00b4\u00e9tanch\u00e9it\u00e9 sur une longueur puis coller la bande afin que l\u00b4\u00e9tanch\u00e9it\u00e9 soit encore totalement liquide quand la bande est pos\u00e9e. Tout comme les \u00e9tanch\u00e9it\u00e9s sous carrelage, cette op\u00e9ration doit \u00eatre fait en d\u00e9but de matin\u00e9e quand cette op\u00e9ration est fait au printemps ou l\u00b4\u00e9t\u00e9, les supports doivent \u00eatre propre sans poussi\u00e8re et les enduits de redressage doivent \u00eatre sec a c\u0153ur.\u00a0 \u00a0 \u00a0Vous pouvez vous aider du calculateur en bas de page pour d\u00e9terminer le nombre de rouleau n\u00e9cessaire.\t\t\t\t\t\t\t\t<\/div>\n\t\t\t\t<\/div>\n\t\t\t\t\t<\/div>\n\t\t\t\t<\/div>\n\t\t<div class=\"elementor-element elementor-element-21ac230 e-flex e-con-boxed e-con e-parent\" data-id=\"21ac230\" data-element_type=\"container\" data-e-type=\"container\">\n\t\t\t\t\t<div class=\"e-con-inner\">\n\t\t\t\t<div class=\"elementor-element elementor-element-2067ae3 elementor-widget elementor-widget-stm_calc\" data-id=\"2067ae3\" data-element_type=\"widget\" data-e-type=\"widget\" data-widget_type=\"stm_calc.default\">\n\t\t\t\t<div class=\"elementor-widget-container\">\n\t\t\t\t\t<script type=\"text\/javascript\">window[\"ccb_front_template_5749\"] = [];<\/script>\n<div class=\"ccb-main-widget \" id=\"ccb_app_5749\" data-calc-id=\"5749\"><\/div>\n\t\t\t\t<\/div>\n\t\t\t\t<\/div>\n\t\t\t\t\t<\/div>\n\t\t\t\t<\/div>\n\t\t\t\t<\/div>\n\t\t","protected":false},"excerpt":{"rendered":"<p>Bande d\u00b4\u00e9tanch\u00e9it\u00e9 \u00e0 coller avec l\u00b4\u00e9tanch\u00e9it\u00e9s sous carrelage.<\/p>\n<p>rouleau de 10 ml<\/p>\n","protected":false},"featured_media":5754,"comment_status":"open","ping_status":"closed","template":"","meta":{"csbAdvScrollBarCursor":"","_joinchat":[]},"product_brand":[],"product_cat":[80],"product_tag":[],"class_list":{"0":"post-5753","1":"product","2":"type-product","3":"status-publish","4":"has-post-thumbnail","6":"product_cat-etancheite-sous-carrelage","8":"first","9":"instock","10":"taxable","11":"shipping-taxable","12":"purchasable","13":"product-type-simple"},"_links":{"self":[{"href":"https:\/\/poolceramica.com\/index.php\/wp-json\/wp\/v2\/product\/5753","targetHints":{"allow":["GET"]}}],"collection":[{"href":"https:\/\/poolceramica.com\/index.php\/wp-json\/wp\/v2\/product"}],"about":[{"href":"https:\/\/poolceramica.com\/index.php\/wp-json\/wp\/v2\/types\/product"}],"replies":[{"embeddable":true,"href":"https:\/\/poolceramica.com\/index.php\/wp-json\/wp\/v2\/comments?post=5753"}],"version-history":[{"count":6,"href":"https:\/\/poolceramica.com\/index.php\/wp-json\/wp\/v2\/product\/5753\/revisions"}],"predecessor-version":[{"id":5763,"href":"https:\/\/poolceramica.com\/index.php\/wp-json\/wp\/v2\/product\/5753\/revisions\/5763"}],"wp:featuredmedia":[{"embeddable":true,"href":"https:\/\/poolceramica.com\/index.php\/wp-json\/wp\/v2\/media\/5754"}],"wp:attachment":[{"href":"https:\/\/poolceramica.com\/index.php\/wp-json\/wp\/v2\/media?parent=5753"}],"wp:term":[{"taxonomy":"product_brand","embeddable":true,"href":"https:\/\/poolceramica.com\/index.php\/wp-json\/wp\/v2\/product_brand?post=5753"},{"taxonomy":"product_cat","embeddable":true,"href":"https:\/\/poolceramica.com\/index.php\/wp-json\/wp\/v2\/product_cat?post=5753"},{"taxonomy":"product_tag","embeddable":true,"href":"https:\/\/poolceramica.com\/index.php\/wp-json\/wp\/v2\/product_tag?post=5753"}],"curies":[{"name":"wp","href":"https:\/\/api.w.org\/{rel}","templated":true}]}}