{"id":5734,"date":"2024-05-13T07:41:57","date_gmt":"2024-05-13T07:41:57","guid":{"rendered":"https:\/\/poolceramica.com\/?post_type=product&#038;p=5734"},"modified":"2024-05-13T08:11:47","modified_gmt":"2024-05-13T08:11:47","slug":"fix-banda-10-ml-bande-etanche-autocollante","status":"publish","type":"product","link":"https:\/\/poolceramica.com\/index.php\/produit\/fix-banda-10-ml-bande-etanche-autocollante\/","title":{"rendered":"Fix banda 10 ml Bande \u00e9tanche autocollante"},"content":{"rendered":"\t\t<div data-elementor-type=\"wp-post\" data-elementor-id=\"5734\" class=\"elementor elementor-5734\">\n\t\t\t\t<div class=\"elementor-element elementor-element-34bf598b e-flex e-con-boxed e-con e-parent\" data-id=\"34bf598b\" data-element_type=\"container\" data-e-type=\"container\">\n\t\t\t\t\t<div class=\"e-con-inner\">\n\t\t\t\t<div class=\"elementor-element elementor-element-76e27a63 color-scheme-inherit text-left elementor-widget elementor-widget-text-editor\" data-id=\"76e27a63\" data-element_type=\"widget\" data-e-type=\"widget\" data-widget_type=\"text-editor.default\">\n\t\t\t\t<div class=\"elementor-widget-container\">\n\t\t\t\t\t\t\t\t\tFix banda est une bande d\u00b4\u00e9tanch\u00e9it\u00e9 sous carrelage \u00e0 appliquer sur l\u00b4ensemble des angles rentrant et sortant \u00e0 l\u00b4int\u00e9rieur de la piscine.\r\n\r\nC\u00b4est une des \u00e9tapes les plus importante dans la construction ou la r\u00e9novation d une piscine.\r\n\r\nCette bande est autocollante ce qui peut faciliter la mise en \u0153uvre.\r\n\r\nLa condition pour pouvoir utiliser la bande autocollante est que le support soit proche d\u00b4\u00eatre parfaitement lisse afin que la bande puisse coller aux support, dans le cas contraire il faut utiliser la bande Banda 120&#215;70 qui se colle \u00e0 l\u00b4aide de l\u00b4\u00e9tanch\u00e9it\u00e9 sous carrelage elle m\u00eame.\r\n\r\nVous pouvez vous aider du calculateur en bas de page pour d\u00e9terminer le nombre de rouleau n\u00e9cessaire.\r\n\r\n&nbsp;\r\n\r\n&nbsp;\t\t\t\t\t\t\t\t<\/div>\n\t\t\t\t<\/div>\n\t\t\t\t\t<\/div>\n\t\t\t\t<\/div>\n\t\t<div class=\"elementor-element elementor-element-73b6ac5 e-flex e-con-boxed e-con e-parent\" data-id=\"73b6ac5\" data-element_type=\"container\" data-e-type=\"container\">\n\t\t\t\t\t<div class=\"e-con-inner\">\n\t\t\t\t<div class=\"elementor-element elementor-element-8777927 elementor-widget elementor-widget-stm_calc\" data-id=\"8777927\" data-element_type=\"widget\" data-e-type=\"widget\" data-widget_type=\"stm_calc.default\">\n\t\t\t\t<div class=\"elementor-widget-container\">\n\t\t\t\t\t<script type=\"text\/javascript\">window[\"ccb_front_template_5749\"] = [];<\/script>\n<div class=\"ccb-main-widget \" id=\"ccb_app_5749\" data-calc-id=\"5749\"><\/div>\n\t\t\t\t<\/div>\n\t\t\t\t<\/div>\n\t\t\t\t\t<\/div>\n\t\t\t\t<\/div>\n\t\t\t\t<\/div>\n\t\t","protected":false},"excerpt":{"rendered":"<p>Bande d\u00b4\u00e9tanch\u00e9it\u00e9 sous carrelage autocollante \u00e0 appliquer sur l\u00b4ensemble des angles.<\/p>\n<p>Rouleau de 10 ml<\/p>\n","protected":false},"featured_media":5736,"comment_status":"open","ping_status":"closed","template":"","meta":{"csbAdvScrollBarCursor":"","_joinchat":[]},"product_brand":[],"product_cat":[80],"product_tag":[],"class_list":{"0":"post-5734","1":"product","2":"type-product","3":"status-publish","4":"has-post-thumbnail","6":"product_cat-etancheite-sous-carrelage","8":"first","9":"instock","10":"taxable","11":"shipping-taxable","12":"purchasable","13":"product-type-simple"},"_links":{"self":[{"href":"https:\/\/poolceramica.com\/index.php\/wp-json\/wp\/v2\/product\/5734","targetHints":{"allow":["GET"]}}],"collection":[{"href":"https:\/\/poolceramica.com\/index.php\/wp-json\/wp\/v2\/product"}],"about":[{"href":"https:\/\/poolceramica.com\/index.php\/wp-json\/wp\/v2\/types\/product"}],"replies":[{"embeddable":true,"href":"https:\/\/poolceramica.com\/index.php\/wp-json\/wp\/v2\/comments?post=5734"}],"version-history":[{"count":10,"href":"https:\/\/poolceramica.com\/index.php\/wp-json\/wp\/v2\/product\/5734\/revisions"}],"predecessor-version":[{"id":5752,"href":"https:\/\/poolceramica.com\/index.php\/wp-json\/wp\/v2\/product\/5734\/revisions\/5752"}],"wp:featuredmedia":[{"embeddable":true,"href":"https:\/\/poolceramica.com\/index.php\/wp-json\/wp\/v2\/media\/5736"}],"wp:attachment":[{"href":"https:\/\/poolceramica.com\/index.php\/wp-json\/wp\/v2\/media?parent=5734"}],"wp:term":[{"taxonomy":"product_brand","embeddable":true,"href":"https:\/\/poolceramica.com\/index.php\/wp-json\/wp\/v2\/product_brand?post=5734"},{"taxonomy":"product_cat","embeddable":true,"href":"https:\/\/poolceramica.com\/index.php\/wp-json\/wp\/v2\/product_cat?post=5734"},{"taxonomy":"product_tag","embeddable":true,"href":"https:\/\/poolceramica.com\/index.php\/wp-json\/wp\/v2\/product_tag?post=5734"}],"curies":[{"name":"wp","href":"https:\/\/api.w.org\/{rel}","templated":true}]}}