{"id":5713,"date":"2024-05-12T14:16:33","date_gmt":"2024-05-12T14:16:33","guid":{"rendered":"https:\/\/poolceramica.com\/?post_type=product&#038;p=5713"},"modified":"2024-05-12T18:11:20","modified_gmt":"2024-05-12T18:11:20","slug":"primfix-5-kg-primaire-enduit-redressage-piscine","status":"publish","type":"product","link":"https:\/\/poolceramica.com\/index.php\/produit\/primfix-5-kg-primaire-enduit-redressage-piscine\/","title":{"rendered":"Primfix 5 KG primaire enduit redressage piscine"},"content":{"rendered":"\t\t<div data-elementor-type=\"wp-post\" data-elementor-id=\"5713\" class=\"elementor elementor-5713\">\n\t\t\t\t<div class=\"elementor-element elementor-element-72ff2e75 e-flex e-con-boxed e-con e-parent\" data-id=\"72ff2e75\" data-element_type=\"container\" data-e-type=\"container\">\n\t\t\t\t\t<div class=\"e-con-inner\">\n\t\t\t\t<div class=\"elementor-element elementor-element-1d64efa6 color-scheme-inherit text-left elementor-widget elementor-widget-text-editor\" data-id=\"1d64efa6\" data-element_type=\"widget\" data-e-type=\"widget\" data-widget_type=\"text-editor.default\">\n\t\t\t\t<div class=\"elementor-widget-container\">\n\t\t\t\t\t\t\t\t\tPrimfix est un adjuvant a base de latex, m\u00e9lang\u00e9 avec du ciment il permet de cr\u00e9er une liaison entre le support et l\u00b4enduit de redressage.\r\n\r\nl\u00b4application de la barbotine ( Primfix + cement) doit \u00eatre appliquer juste avant l\u00b4enduit de redressage ( frais sur frais ), il faut que la barbotine soit encore liquide sur le mur.\t\t\t\t\t\t\t\t<\/div>\n\t\t\t\t<\/div>\n\t\t\t\t\t<\/div>\n\t\t\t\t<\/div>\n\t\t<div class=\"elementor-element elementor-element-ec25a53 e-flex e-con-boxed e-con e-parent\" data-id=\"ec25a53\" data-element_type=\"container\" data-e-type=\"container\">\n\t\t\t\t\t<div class=\"e-con-inner\">\n\t\t\t\t<div class=\"elementor-element elementor-element-f3dda72 wd-width-100 elementor-widget elementor-widget-wd_video\" data-id=\"f3dda72\" data-element_type=\"widget\" data-e-type=\"widget\" data-widget_type=\"wd_video.default\">\n\t\t\t\t<div class=\"elementor-widget-container\">\n\t\t\t\t\t\n\t\t<div class=\"wd-el-video wd-action-overlay wd-video-hosted\">\n\t\t\t\t\t\t\t<video data-lazy-load=\"https:\/\/poolceramica.com\/wp-content\/uploads\/2024\/05\/VIDEO-6-FIX-REVOCO-RAGREAGE-DES-MURS-fr.mp4\" playsinline muted controls><\/video>\t\t\t\n\t\t\t\n\t\t\t\n\t\t\t\t\t\t\t<div class=\"wd-el-video-overlay wd-fill\">\n\t\t\t\t\t<img fetchpriority=\"high\" decoding=\"async\" width=\"1280\" height=\"720\" src=\"https:\/\/poolceramica.com\/wp-content\/uploads\/2024\/05\/VIDEO-6-FIX-REVOCO-RAGREAGE-DES-MURS-fr-1.jpg\" class=\"attachment-full size-full\" alt=\"\" \/>\t\t\t\t<\/div>\n\t\t\t\t<div class=\"wd-el-video-control color-scheme-light wd-fill\">\n\t\t\t\t\t<span class=\"wd-el-video-play-btn\"><\/span>\n\t\t\t\t\t\t\t\t\t<\/div>\n\n\t\t\t\t<a class=\"wd-el-video-link wd-el-video-btn-overlay wd-fill wd-el-video-hosted\" href=\"#69e4ce0d531c7\"><\/a>\n\t\t\t\t\t<\/div>\n\t\t\t\t\t\t<\/div>\n\t\t\t\t<\/div>\n\t\t\t\t\t<\/div>\n\t\t\t\t<\/div>\n\t\t<div class=\"elementor-element elementor-element-66f842d e-flex e-con-boxed e-con e-parent\" data-id=\"66f842d\" data-element_type=\"container\" data-e-type=\"container\">\n\t\t\t\t\t<div class=\"e-con-inner\">\n\t\t\t\t<div class=\"elementor-element elementor-element-2fa97fb elementor-widget elementor-widget-stm_calc\" data-id=\"2fa97fb\" data-element_type=\"widget\" data-e-type=\"widget\" data-widget_type=\"stm_calc.default\">\n\t\t\t\t<div class=\"elementor-widget-container\">\n\t\t\t\t\t<script type=\"text\/javascript\">window[\"ccb_front_template_5717\"] = [];<\/script>\n<div class=\"ccb-main-widget \" id=\"ccb_app_5717\" data-calc-id=\"5717\"><\/div>\n\t\t\t\t<\/div>\n\t\t\t\t<\/div>\n\t\t\t\t\t<\/div>\n\t\t\t\t<\/div>\n\t\t\t\t<\/div>\n\t\t","protected":false},"excerpt":{"rendered":"<p>Primfix, servant \u00e0 faire la barbotine ( Primfix + ciment) pour faire le primaire de l\u00b4enduit de redressage Fix Revoco.<\/p>\n<p>consommation : 0,3l\/m2<\/p>\n<p>Primaire frais sur frais<\/p>\n","protected":false},"featured_media":5714,"comment_status":"open","ping_status":"closed","template":"","meta":{"csbAdvScrollBarCursor":"","_joinchat":[]},"product_brand":[],"product_cat":[83],"product_tag":[],"class_list":{"0":"post-5713","1":"product","2":"type-product","3":"status-publish","4":"has-post-thumbnail","6":"product_cat-enduit-de-redressage-piscine","8":"first","9":"instock","10":"taxable","11":"shipping-taxable","12":"product-type-simple"},"_links":{"self":[{"href":"https:\/\/poolceramica.com\/index.php\/wp-json\/wp\/v2\/product\/5713","targetHints":{"allow":["GET"]}}],"collection":[{"href":"https:\/\/poolceramica.com\/index.php\/wp-json\/wp\/v2\/product"}],"about":[{"href":"https:\/\/poolceramica.com\/index.php\/wp-json\/wp\/v2\/types\/product"}],"replies":[{"embeddable":true,"href":"https:\/\/poolceramica.com\/index.php\/wp-json\/wp\/v2\/comments?post=5713"}],"version-history":[{"count":11,"href":"https:\/\/poolceramica.com\/index.php\/wp-json\/wp\/v2\/product\/5713\/revisions"}],"predecessor-version":[{"id":5729,"href":"https:\/\/poolceramica.com\/index.php\/wp-json\/wp\/v2\/product\/5713\/revisions\/5729"}],"wp:featuredmedia":[{"embeddable":true,"href":"https:\/\/poolceramica.com\/index.php\/wp-json\/wp\/v2\/media\/5714"}],"wp:attachment":[{"href":"https:\/\/poolceramica.com\/index.php\/wp-json\/wp\/v2\/media?parent=5713"}],"wp:term":[{"taxonomy":"product_brand","embeddable":true,"href":"https:\/\/poolceramica.com\/index.php\/wp-json\/wp\/v2\/product_brand?post=5713"},{"taxonomy":"product_cat","embeddable":true,"href":"https:\/\/poolceramica.com\/index.php\/wp-json\/wp\/v2\/product_cat?post=5713"},{"taxonomy":"product_tag","embeddable":true,"href":"https:\/\/poolceramica.com\/index.php\/wp-json\/wp\/v2\/product_tag?post=5713"}],"curies":[{"name":"wp","href":"https:\/\/api.w.org\/{rel}","templated":true}]}}