{"id":5699,"date":"2024-05-12T13:50:08","date_gmt":"2024-05-12T13:50:08","guid":{"rendered":"https:\/\/poolceramica.com\/?post_type=product&#038;p=5699"},"modified":"2024-05-12T13:50:08","modified_gmt":"2024-05-12T13:50:08","slug":"fix-revoco-25-kg-enduit-de-redressage-piscine","status":"publish","type":"product","link":"https:\/\/poolceramica.com\/index.php\/produit\/fix-revoco-25-kg-enduit-de-redressage-piscine\/","title":{"rendered":"Fix revoco 25 kg enduit de redressage piscine"},"content":{"rendered":"\t\t<div data-elementor-type=\"wp-post\" data-elementor-id=\"5699\" class=\"elementor elementor-5699\">\n\t\t\t\t<div class=\"elementor-element elementor-element-4e8d11ef e-flex e-con-boxed e-con e-parent\" data-id=\"4e8d11ef\" data-element_type=\"container\" data-e-type=\"container\">\n\t\t\t\t\t<div class=\"e-con-inner\">\n\t\t\t\t<div class=\"elementor-element elementor-element-6a2a74d5 color-scheme-inherit text-left elementor-widget elementor-widget-text-editor\" data-id=\"6a2a74d5\" data-element_type=\"widget\" data-e-type=\"widget\" data-widget_type=\"text-editor.default\">\n\t\t\t\t<div class=\"elementor-widget-container\">\n\t\t\t\t\t\t\t\t\tL\u00b4enduit de redressage des murs de piscine est n\u00e9cessaire dans la construction d\u00b4une piscine en bloc a bancher ou en r\u00e9novation.\r\n\r\nCette \u00e9tape permet d\u00b4obtenir une surface lisse, plane et de corriger des d\u00e9fauts. tout comme un peintre enduira un mur il faut passer par cette phase afin d\u00b4avoir une base qui permette de poser la finition dans de bonne condition.\r\n\r\nl\u00b4enduit de redressage n\u00b4apporte aucune \u00e9tanch\u00e9it\u00e9 p\u00e9renne m\u00eame en y ajoutant du latex contrairement a ce que beaucoup de personne pensent car c\u00b4est un enduit dur o\u00f9 des microfissures peuvent apparaitre.\r\n\r\nSeul une \u00e9tanch\u00e9it\u00e9 sous carrelage avec des bandes \u00e9tanches dans les angles peuvent palier a des microfissures.\r\n\r\nAvant d\u00b4appliquer l\u00b4enduit de redressage il faut passer une couche de barbotine compos\u00e9e de primaire primfix + b\u00e9ton juste avant sans le laisser s\u00e9cher, frais sur frais, \u00e0 l\u00b4aide d\u00b4une simple brosse.\t\t\t\t\t\t\t\t<\/div>\n\t\t\t\t<\/div>\n\t\t\t\t\t<\/div>\n\t\t\t\t<\/div>\n\t\t<div class=\"elementor-element elementor-element-45d2224 e-flex e-con-boxed e-con e-parent\" data-id=\"45d2224\" data-element_type=\"container\" data-e-type=\"container\">\n\t\t\t\t\t<div class=\"e-con-inner\">\n\t\t\t\t<div class=\"elementor-element elementor-element-8bf6bb0 wd-width-100 elementor-widget elementor-widget-wd_video\" data-id=\"8bf6bb0\" data-element_type=\"widget\" data-e-type=\"widget\" data-widget_type=\"wd_video.default\">\n\t\t\t\t<div class=\"elementor-widget-container\">\n\t\t\t\t\t\n\t\t<div class=\"wd-el-video wd-action-overlay wd-video-hosted\">\n\t\t\t\t\t\t\t<video data-lazy-load=\"https:\/\/poolceramica.com\/wp-content\/uploads\/2024\/05\/VIDEO-6-FIX-REVOCO-RAGREAGE-DES-MURS-fr.mp4\" playsinline muted controls><\/video>\t\t\t\n\t\t\t\n\t\t\t\n\t\t\t\t\t\t\t<div class=\"wd-el-video-overlay wd-fill\">\n\t\t\t\t\t<img fetchpriority=\"high\" decoding=\"async\" width=\"1280\" height=\"720\" src=\"https:\/\/poolceramica.com\/wp-content\/uploads\/2024\/05\/VIDEO-6-FIX-REVOCO-RAGREAGE-DES-MURS-fr-0.jpg\" class=\"attachment-full size-full\" alt=\"\" \/>\t\t\t\t<\/div>\n\t\t\t\t<div class=\"wd-el-video-control color-scheme-light wd-fill\">\n\t\t\t\t\t<span class=\"wd-el-video-play-btn\"><\/span>\n\t\t\t\t\t\t\t\t\t<\/div>\n\n\t\t\t\t<a class=\"wd-el-video-link wd-el-video-btn-overlay wd-fill wd-el-video-hosted\" href=\"#69e4cdc74041f\"><\/a>\n\t\t\t\t\t<\/div>\n\t\t\t\t\t\t<\/div>\n\t\t\t\t<\/div>\n\t\t\t\t\t<\/div>\n\t\t\t\t<\/div>\n\t\t<div class=\"elementor-element elementor-element-54d1937 e-flex e-con-boxed e-con e-parent\" data-id=\"54d1937\" data-element_type=\"container\" data-e-type=\"container\">\n\t\t\t\t\t<div class=\"e-con-inner\">\n\t\t\t\t<div class=\"elementor-element elementor-element-b20d56c elementor-widget elementor-widget-stm_calc\" data-id=\"b20d56c\" data-element_type=\"widget\" data-e-type=\"widget\" data-widget_type=\"stm_calc.default\">\n\t\t\t\t<div class=\"elementor-widget-container\">\n\t\t\t\t\t<script type=\"text\/javascript\">window[\"ccb_front_template_5698\"] = [];<\/script>\n<div class=\"ccb-main-widget \" id=\"ccb_app_5698\" data-calc-id=\"5698\"><\/div>\n\t\t\t\t<\/div>\n\t\t\t\t<\/div>\n\t\t\t\t\t<\/div>\n\t\t\t\t<\/div>\n\t\t\t\t<\/div>\n\t\t","protected":false},"excerpt":{"rendered":"<p>Fix revoco est un enduit de redressage pour les murs de piscine.<\/p>\n<p>la consommation est 18 kg \/ M2 \/ cm d\u00b4\u00e9paisseur.<\/p>\n<p>maximum 2.5 cm d\u00b4\u00e9paisseur par couche.<\/p>\n<p>passer une couche de primaire ( Primfix)\u00a0 directement avant d\u00b4appliquer Fix revoco ( frais sur frais).<\/p>\n","protected":false},"featured_media":5700,"comment_status":"open","ping_status":"closed","template":"","meta":{"csbAdvScrollBarCursor":"","_joinchat":[]},"product_brand":[],"product_cat":[83],"product_tag":[],"class_list":{"0":"post-5699","1":"product","2":"type-product","3":"status-publish","4":"has-post-thumbnail","6":"product_cat-enduit-de-redressage-piscine","8":"first","9":"instock","10":"taxable","11":"shipping-taxable","12":"product-type-simple"},"_links":{"self":[{"href":"https:\/\/poolceramica.com\/index.php\/wp-json\/wp\/v2\/product\/5699","targetHints":{"allow":["GET"]}}],"collection":[{"href":"https:\/\/poolceramica.com\/index.php\/wp-json\/wp\/v2\/product"}],"about":[{"href":"https:\/\/poolceramica.com\/index.php\/wp-json\/wp\/v2\/types\/product"}],"replies":[{"embeddable":true,"href":"https:\/\/poolceramica.com\/index.php\/wp-json\/wp\/v2\/comments?post=5699"}],"version-history":[{"count":7,"href":"https:\/\/poolceramica.com\/index.php\/wp-json\/wp\/v2\/product\/5699\/revisions"}],"predecessor-version":[{"id":5709,"href":"https:\/\/poolceramica.com\/index.php\/wp-json\/wp\/v2\/product\/5699\/revisions\/5709"}],"wp:featuredmedia":[{"embeddable":true,"href":"https:\/\/poolceramica.com\/index.php\/wp-json\/wp\/v2\/media\/5700"}],"wp:attachment":[{"href":"https:\/\/poolceramica.com\/index.php\/wp-json\/wp\/v2\/media?parent=5699"}],"wp:term":[{"taxonomy":"product_brand","embeddable":true,"href":"https:\/\/poolceramica.com\/index.php\/wp-json\/wp\/v2\/product_brand?post=5699"},{"taxonomy":"product_cat","embeddable":true,"href":"https:\/\/poolceramica.com\/index.php\/wp-json\/wp\/v2\/product_cat?post=5699"},{"taxonomy":"product_tag","embeddable":true,"href":"https:\/\/poolceramica.com\/index.php\/wp-json\/wp\/v2\/product_tag?post=5699"}],"curies":[{"name":"wp","href":"https:\/\/api.w.org\/{rel}","templated":true}]}}