{"id":5672,"date":"2024-05-12T12:06:24","date_gmt":"2024-05-12T12:06:24","guid":{"rendered":"https:\/\/poolceramica.com\/?post_type=product&#038;p=5672"},"modified":"2024-05-12T12:15:44","modified_gmt":"2024-05-12T12:15:44","slug":"kit-sellador-s10-etancheite-piece-a-sceller","status":"publish","type":"product","link":"https:\/\/poolceramica.com\/index.php\/produit\/kit-sellador-s10-etancheite-piece-a-sceller\/","title":{"rendered":"Kit Sellador S10 \u00e9tanch\u00e9it\u00e9 pi\u00e8ce a sceller"},"content":{"rendered":"\t\t<div data-elementor-type=\"wp-post\" data-elementor-id=\"5672\" class=\"elementor elementor-5672\">\n\t\t\t\t<div class=\"elementor-element elementor-element-7a6d5f2c e-flex e-con-boxed e-con e-parent\" data-id=\"7a6d5f2c\" data-element_type=\"container\" data-e-type=\"container\">\n\t\t\t\t\t<div class=\"e-con-inner\">\n\t\t\t\t<div class=\"elementor-element elementor-element-1e2c7ecd color-scheme-inherit text-left elementor-widget elementor-widget-text-editor\" data-id=\"1e2c7ecd\" data-element_type=\"widget\" data-e-type=\"widget\" data-widget_type=\"text-editor.default\">\n\t\t\t\t<div class=\"elementor-widget-container\">\n\t\t\t\t\t\t\t\t\tLes pi\u00e8ces a sceller tel que les tuyaux, bondes, skimmers et autres sont les principales causes de fuite dans les piscines, la cause est que le b\u00e9ton adh\u00e8re mal aux mati\u00e8res dans lesquels sont fabriqu\u00e9es les pi\u00e8ces a sceller ce qui entraine une microfissure autour de ses pi\u00e8ces.\r\n\r\nIl est aussi possible que lors du coulage du b\u00e9ton une poche d\u00b4air se cr\u00e9e en dessous ou autour de la piece a sceller, c est pour cela qu\u00b4il est important d\u00b4utiliser un b\u00e9ton assez fluide mais aussi de le vibrer soigneusement a ses endroits.\r\n\r\nen utilisant cette m\u00e9thode d\u00b4\u00e9tanch\u00e9it\u00e9 cela permet d\u00b4assurer une liaison entre le b\u00e9ton et le pvc mais aussi une souplesse dans l \u00e9tanch\u00e9it\u00e9.\r\n\r\nIl faut d\u00b4abord \u00e9vider autour de la pi\u00e8ce a sceller sur 2 cm, poncer le PVC puis nettoyer avant d appliquer le primaire d\u00b4accrochage ( imprimacion sellador s10 ) sur le b\u00e9ton ainsi que le pvc.\r\n\r\nDans une fen\u00eatre de 2 \u00e0 4 heure il faut appliquer le mastic sellador s10 en appuyant dessus en ayant pr\u00e9alablement appliquer de l\u00b4eau avec du liquide vaisselle sur le mastic et vos doigts afin de chasser l\u00b4air et de s\u00b4assurer d une parfaite adh\u00e9sion entre les deux supports, comme pour un joint sanitaire sur une baignoire.\r\n\r\nil faut appliquer le sellador s10 par couche successive jusqu\u00b4\u00e0 combler compl\u00e8tement la r\u00e9serve de 2 cm cr\u00e9e autour des pi\u00e8ces a sceller.\r\n\r\nAu moment de l\u00b4application de l\u00b4\u00e9tanch\u00e9it\u00e9 sous carrelage avec le mono ou bi composant il est recommander de recouvrir avec ces produits le mastic, ainsi que de faire remonter ou mordre l\u00b4\u00e9tanch\u00e9it\u00e9 sous carrelage sur les pi\u00e8ces a sceller.\r\n\r\n&nbsp;\r\n\r\n&nbsp;\t\t\t\t\t\t\t\t<\/div>\n\t\t\t\t<\/div>\n\t\t\t\t\t<\/div>\n\t\t\t\t<\/div>\n\t\t<div class=\"elementor-element elementor-element-9ffaa16 e-flex e-con-boxed e-con e-parent\" data-id=\"9ffaa16\" data-element_type=\"container\" data-e-type=\"container\">\n\t\t\t\t\t<div class=\"e-con-inner\">\n\t\t\t\t<div class=\"elementor-element elementor-element-d79b393 wd-width-100 elementor-widget elementor-widget-wd_video\" data-id=\"d79b393\" data-element_type=\"widget\" data-e-type=\"widget\" data-widget_type=\"wd_video.default\">\n\t\t\t\t<div class=\"elementor-widget-container\">\n\t\t\t\t\t\n\t\t<div class=\"wd-el-video wd-action-overlay wd-video-hosted\">\n\t\t\t\t\t\t\t<video data-lazy-load=\"https:\/\/poolceramica.com\/wp-content\/uploads\/2024\/05\/VIDEO-5-SELLADOR-S10-SCELLAGE-DES-TUYAUX-ECLAIRAGES-BONDES-SKIMMERS\u2026-fr.mp4\" playsinline muted controls><\/video>\t\t\t\n\t\t\t\n\t\t\t\n\t\t\t\t\t\t\t<div class=\"wd-el-video-overlay wd-fill\">\n\t\t\t\t\t<img fetchpriority=\"high\" decoding=\"async\" width=\"1280\" height=\"720\" src=\"https:\/\/poolceramica.com\/wp-content\/uploads\/2024\/05\/VIDEO-5-SELLADOR-S10-SCELLAGE-DES-TUYAUX-ECLAIRAGES-BONDES-SKIMMERS\u2026-fr-0.jpg\" class=\"attachment-full size-full\" alt=\"\" \/>\t\t\t\t<\/div>\n\t\t\t\t<div class=\"wd-el-video-control color-scheme-light wd-fill\">\n\t\t\t\t\t<span class=\"wd-el-video-play-btn\"><\/span>\n\t\t\t\t\t\t\t\t\t<\/div>\n\n\t\t\t\t<a class=\"wd-el-video-link wd-el-video-btn-overlay wd-fill wd-el-video-hosted\" href=\"#69e4cdc896ca1\"><\/a>\n\t\t\t\t\t<\/div>\n\t\t\t\t\t\t<\/div>\n\t\t\t\t<\/div>\n\t\t\t\t\t<\/div>\n\t\t\t\t<\/div>\n\t\t\t\t<\/div>\n\t\t","protected":false},"excerpt":{"rendered":"<p>Sellador S10 est un mastic d\u00b4\u00e9tanch\u00e9it\u00e9 piscine \u00e0 appliquer autour de l\u00b4ensemble des pi\u00e8ces a sceller pour faire une liaison \u00e9tanche entre le b\u00e9ton et les mat\u00e9riaux tel que le PVC.<\/p>\n<p>Le kit comprend : 1 bidon de primaire ( imprimacion sellador s10) et 6 cartouches ( sellador s10).<\/p>\n<p>&nbsp;<\/p>\n","protected":false},"featured_media":5673,"comment_status":"open","ping_status":"closed","template":"","meta":{"csbAdvScrollBarCursor":"","_joinchat":[]},"product_brand":[],"product_cat":[82],"product_tag":[],"class_list":{"0":"post-5672","1":"product","2":"type-product","3":"status-publish","4":"has-post-thumbnail","6":"product_cat-etancheite-traverse-parois","8":"first","9":"instock","10":"taxable","11":"shipping-taxable","12":"product-type-simple"},"_links":{"self":[{"href":"https:\/\/poolceramica.com\/index.php\/wp-json\/wp\/v2\/product\/5672","targetHints":{"allow":["GET"]}}],"collection":[{"href":"https:\/\/poolceramica.com\/index.php\/wp-json\/wp\/v2\/product"}],"about":[{"href":"https:\/\/poolceramica.com\/index.php\/wp-json\/wp\/v2\/types\/product"}],"replies":[{"embeddable":true,"href":"https:\/\/poolceramica.com\/index.php\/wp-json\/wp\/v2\/comments?post=5672"}],"version-history":[{"count":7,"href":"https:\/\/poolceramica.com\/index.php\/wp-json\/wp\/v2\/product\/5672\/revisions"}],"predecessor-version":[{"id":5689,"href":"https:\/\/poolceramica.com\/index.php\/wp-json\/wp\/v2\/product\/5672\/revisions\/5689"}],"wp:featuredmedia":[{"embeddable":true,"href":"https:\/\/poolceramica.com\/index.php\/wp-json\/wp\/v2\/media\/5673"}],"wp:attachment":[{"href":"https:\/\/poolceramica.com\/index.php\/wp-json\/wp\/v2\/media?parent=5672"}],"wp:term":[{"taxonomy":"product_brand","embeddable":true,"href":"https:\/\/poolceramica.com\/index.php\/wp-json\/wp\/v2\/product_brand?post=5672"},{"taxonomy":"product_cat","embeddable":true,"href":"https:\/\/poolceramica.com\/index.php\/wp-json\/wp\/v2\/product_cat?post=5672"},{"taxonomy":"product_tag","embeddable":true,"href":"https:\/\/poolceramica.com\/index.php\/wp-json\/wp\/v2\/product_tag?post=5672"}],"curies":[{"name":"wp","href":"https:\/\/api.w.org\/{rel}","templated":true}]}}