{"id":5669,"date":"2024-05-12T10:33:34","date_gmt":"2024-05-12T10:33:34","guid":{"rendered":"https:\/\/poolceramica.com\/?post_type=product&#038;p=5669"},"modified":"2024-05-12T10:39:51","modified_gmt":"2024-05-12T10:39:51","slug":"epoxinet-5l-nettoyant-epoxy-frais","status":"publish","type":"product","link":"https:\/\/poolceramica.com\/index.php\/produit\/epoxinet-5l-nettoyant-epoxy-frais\/","title":{"rendered":"Epoxinet 5L nettoyant \u00e9poxy frais"},"content":{"rendered":"","protected":false},"excerpt":{"rendered":"<p>Epoxinet est un nettoyant de r\u00e9sidus frais n\u00e9cessaire pour le jointoiement avec du joint \u00e9poxy.<\/p>\n<p>Il permet de nettoyer les outils dont les diff\u00e9rentes \u00e9ponges utilis\u00e9e pendant l\u00b4application mais aussi ne nettoyer les r\u00e9sidus de joint ( laitance ) pendant l\u00b4application quand le joint est encore frais.<\/p>\n","protected":false},"featured_media":5671,"comment_status":"open","ping_status":"closed","template":"","meta":{"csbAdvScrollBarCursor":"","_joinchat":[]},"product_brand":[],"product_cat":[81],"product_tag":[],"class_list":{"0":"post-5669","1":"product","2":"type-product","3":"status-publish","4":"has-post-thumbnail","6":"product_cat-joints-piscine","8":"first","9":"instock","10":"taxable","11":"shipping-taxable","12":"product-type-simple"},"_links":{"self":[{"href":"https:\/\/poolceramica.com\/index.php\/wp-json\/wp\/v2\/product\/5669","targetHints":{"allow":["GET"]}}],"collection":[{"href":"https:\/\/poolceramica.com\/index.php\/wp-json\/wp\/v2\/product"}],"about":[{"href":"https:\/\/poolceramica.com\/index.php\/wp-json\/wp\/v2\/types\/product"}],"replies":[{"embeddable":true,"href":"https:\/\/poolceramica.com\/index.php\/wp-json\/wp\/v2\/comments?post=5669"}],"version-history":[{"count":1,"href":"https:\/\/poolceramica.com\/index.php\/wp-json\/wp\/v2\/product\/5669\/revisions"}],"predecessor-version":[{"id":5670,"href":"https:\/\/poolceramica.com\/index.php\/wp-json\/wp\/v2\/product\/5669\/revisions\/5670"}],"wp:featuredmedia":[{"embeddable":true,"href":"https:\/\/poolceramica.com\/index.php\/wp-json\/wp\/v2\/media\/5671"}],"wp:attachment":[{"href":"https:\/\/poolceramica.com\/index.php\/wp-json\/wp\/v2\/media?parent=5669"}],"wp:term":[{"taxonomy":"product_brand","embeddable":true,"href":"https:\/\/poolceramica.com\/index.php\/wp-json\/wp\/v2\/product_brand?post=5669"},{"taxonomy":"product_cat","embeddable":true,"href":"https:\/\/poolceramica.com\/index.php\/wp-json\/wp\/v2\/product_cat?post=5669"},{"taxonomy":"product_tag","embeddable":true,"href":"https:\/\/poolceramica.com\/index.php\/wp-json\/wp\/v2\/product_tag?post=5669"}],"curies":[{"name":"wp","href":"https:\/\/api.w.org\/{rel}","templated":true}]}}