{"id":5659,"date":"2024-05-12T08:43:09","date_gmt":"2024-05-12T08:43:09","guid":{"rendered":"https:\/\/poolceramica.com\/?post_type=product&#038;p=5659"},"modified":"2024-05-12T08:47:04","modified_gmt":"2024-05-12T08:47:04","slug":"joint-epoxy-professional-px-5-kg-couleur-no9-gris-cemento","status":"publish","type":"product","link":"https:\/\/poolceramica.com\/index.php\/produit\/joint-epoxy-professional-px-5-kg-couleur-no9-gris-cemento\/","title":{"rendered":"Joint Epoxy Professional px 5 Kg couleur n\u00ba9 gris cemento"},"content":{"rendered":"\t\t<div data-elementor-type=\"wp-post\" data-elementor-id=\"5659\" class=\"elementor elementor-5659\">\n\t\t\t\t<div class=\"elementor-element elementor-element-59a9d60a e-flex e-con-boxed e-con e-parent\" data-id=\"59a9d60a\" data-element_type=\"container\" data-e-type=\"container\">\n\t\t\t\t\t<div class=\"e-con-inner\">\n\t\t\t\t<div class=\"elementor-element elementor-element-d4d0b22 color-scheme-inherit text-left elementor-widget elementor-widget-text-editor\" data-id=\"d4d0b22\" data-element_type=\"widget\" data-e-type=\"widget\" data-widget_type=\"text-editor.default\">\n\t\t\t\t<div class=\"elementor-widget-container\">\n\t\t\t\t\t\t\t\t\t<p>Le joint epoxy Professional PX est sp\u00e9cialement formul\u00e9 pour les piscines, ainsi que pour faciliter la mise en \u0153uvre.\u00a0<\/p><p>Il a une bonne r\u00e9sistance aux diff\u00e9rents produits utilis\u00e9s dans la chimie de la piscine.<\/p><p>C\u00b4est un des joints epoxy le plus facile a mettre en \u0153uvre, mais cela demande du temps et de la minutie.<\/p><p>Il est tres important d\u00b4acheter un bidon d\u00b4epoxinet pour 50 m2 de carrelage afin de pouvoir nettoyer les outils et les laitances lors de l application.<\/p><p>Le jointoiement avec de l\u00b4epoxy doit \u00eatre pr\u00e9par\u00e9, vous devez avoir a disposition les bon outils et les diff\u00e9rentes \u00e9ponges en quantit\u00e9s suffisante.<\/p><p>il faut appliquer le joint par zone de 1 \u00e0 2 m2 compl\u00e8te c\u00b4est a dire jusqu\u00b4au nettoyage avant de passer \u00e0 une autre zone.<\/p><p>l\u00b4application doit se faire entre 7h et 11 h dans la matin\u00e9e quand le produit est appliqu\u00e9 au printemps et en \u00e9t\u00e9.<\/p><p>Il faut attendre 2 semaines avant la mise en eau de la piscine.<\/p><p>Ce joint ne doit pas \u00eatre utilis\u00e9 en r\u00e9novation sur un ancien joint ciment dans ce cas il faut utiliser le joint HR.<\/p><p>\u00a0 \u00a0 \u00a0<\/p><p>\u00a0<\/p>\t\t\t\t\t\t\t\t<\/div>\n\t\t\t\t<\/div>\n\t\t\t\t\t<\/div>\n\t\t\t\t<\/div>\n\t\t<div class=\"elementor-element elementor-element-7aba5c7 e-flex e-con-boxed e-con e-parent\" data-id=\"7aba5c7\" data-element_type=\"container\" data-e-type=\"container\">\n\t\t\t\t\t<div class=\"e-con-inner\">\n\t\t\t\t<div class=\"elementor-element elementor-element-7dce2e0 wd-width-100 elementor-widget elementor-widget-wd_video\" data-id=\"7dce2e0\" data-element_type=\"widget\" data-e-type=\"widget\" data-widget_type=\"wd_video.default\">\n\t\t\t\t<div class=\"elementor-widget-container\">\n\t\t\t\t\t\n\t\t<div class=\"wd-el-video wd-action-overlay wd-video-hosted\">\n\t\t\t\t\t\t\t<video data-lazy-load=\"https:\/\/poolceramica.com\/wp-content\/uploads\/2024\/05\/VIDEO-15-JOINTOIEMENT-DES-CARREAUX-AVEC-PROFESIONAL-PX-fr.mp4\" playsinline muted controls><\/video>\t\t\t\n\t\t\t\n\t\t\t\n\t\t\t\t\t\t\t<div class=\"wd-el-video-overlay wd-fill\">\n\t\t\t\t\t<img fetchpriority=\"high\" decoding=\"async\" width=\"1280\" height=\"720\" src=\"https:\/\/poolceramica.com\/wp-content\/uploads\/2024\/05\/VIDEO-15-JOINTOIEMENT-DES-CARREAUX-AVEC-PROFESIONAL-PX-fr-1.jpg\" class=\"attachment-full size-full\" alt=\"\" \/>\t\t\t\t<\/div>\n\t\t\t\t<div class=\"wd-el-video-control color-scheme-light wd-fill\">\n\t\t\t\t\t<span class=\"wd-el-video-play-btn\"><\/span>\n\t\t\t\t\t\t\t\t\t<\/div>\n\n\t\t\t\t<a class=\"wd-el-video-link wd-el-video-btn-overlay wd-fill wd-el-video-hosted\" href=\"#69e4ce016b139\"><\/a>\n\t\t\t\t\t<\/div>\n\t\t\t\t\t\t<\/div>\n\t\t\t\t<\/div>\n\t\t\t\t\t<\/div>\n\t\t\t\t<\/div>\n\t\t<div class=\"elementor-element elementor-element-976cf11 e-flex e-con-boxed e-con e-parent\" data-id=\"976cf11\" data-element_type=\"container\" data-e-type=\"container\">\n\t\t\t\t\t<div class=\"e-con-inner\">\n\t\t\t\t<div class=\"elementor-element elementor-element-db67196 elementor-widget elementor-widget-stm_calc\" data-id=\"db67196\" data-element_type=\"widget\" data-e-type=\"widget\" data-widget_type=\"stm_calc.default\">\n\t\t\t\t<div class=\"elementor-widget-container\">\n\t\t\t\t\t<script type=\"text\/javascript\">window[\"ccb_front_template_5649\"] = [];<\/script>\n<div class=\"ccb-main-widget \" id=\"ccb_app_5649\" data-calc-id=\"5649\"><\/div>\n\t\t\t\t<\/div>\n\t\t\t\t<\/div>\n\t\t\t\t\t<\/div>\n\t\t\t\t<\/div>\n\t\t\t\t<\/div>\n\t\t","protected":false},"excerpt":{"rendered":"<p>Joint epoxy Professional PX sp\u00e9cialement formul\u00e9 pour une utilisation en piscine.<\/p>\n<p>Il est fortement recommand\u00e9 d\u00b4acheter un bidon de Epoxinet 5L pour 10 sceaux de joint \u00e9poxy.<\/p>\n<p>Couleur n\u00ba9 gris cemento.<\/p>\n<p>Pour les carrelage : Tresor Bali \/ Tresor Java \/\u00a0 Serena Nero \/ Mistery Blue Stone.<\/p>\n","protected":false},"featured_media":5641,"comment_status":"open","ping_status":"closed","template":"","meta":{"csbAdvScrollBarCursor":"","_joinchat":[]},"product_brand":[],"product_cat":[81],"product_tag":[],"class_list":{"0":"post-5659","1":"product","2":"type-product","3":"status-publish","4":"has-post-thumbnail","6":"product_cat-joints-piscine","8":"first","9":"instock","10":"taxable","11":"shipping-taxable","12":"product-type-simple"},"_links":{"self":[{"href":"https:\/\/poolceramica.com\/index.php\/wp-json\/wp\/v2\/product\/5659","targetHints":{"allow":["GET"]}}],"collection":[{"href":"https:\/\/poolceramica.com\/index.php\/wp-json\/wp\/v2\/product"}],"about":[{"href":"https:\/\/poolceramica.com\/index.php\/wp-json\/wp\/v2\/types\/product"}],"replies":[{"embeddable":true,"href":"https:\/\/poolceramica.com\/index.php\/wp-json\/wp\/v2\/comments?post=5659"}],"version-history":[{"count":1,"href":"https:\/\/poolceramica.com\/index.php\/wp-json\/wp\/v2\/product\/5659\/revisions"}],"predecessor-version":[{"id":5660,"href":"https:\/\/poolceramica.com\/index.php\/wp-json\/wp\/v2\/product\/5659\/revisions\/5660"}],"wp:featuredmedia":[{"embeddable":true,"href":"https:\/\/poolceramica.com\/index.php\/wp-json\/wp\/v2\/media\/5641"}],"wp:attachment":[{"href":"https:\/\/poolceramica.com\/index.php\/wp-json\/wp\/v2\/media?parent=5659"}],"wp:term":[{"taxonomy":"product_brand","embeddable":true,"href":"https:\/\/poolceramica.com\/index.php\/wp-json\/wp\/v2\/product_brand?post=5659"},{"taxonomy":"product_cat","embeddable":true,"href":"https:\/\/poolceramica.com\/index.php\/wp-json\/wp\/v2\/product_cat?post=5659"},{"taxonomy":"product_tag","embeddable":true,"href":"https:\/\/poolceramica.com\/index.php\/wp-json\/wp\/v2\/product_tag?post=5659"}],"curies":[{"name":"wp","href":"https:\/\/api.w.org\/{rel}","templated":true}]}}