{"id":5635,"date":"2024-05-12T07:50:44","date_gmt":"2024-05-12T07:50:44","guid":{"rendered":"https:\/\/poolceramica.com\/?post_type=product&#038;p=5635"},"modified":"2024-05-12T07:52:43","modified_gmt":"2024-05-12T07:52:43","slug":"joint-hr-5-kg-couleur-no48-marron-arena","status":"publish","type":"product","link":"https:\/\/poolceramica.com\/index.php\/produit\/joint-hr-5-kg-couleur-no48-marron-arena\/","title":{"rendered":"Joint HR 5 Kg couleur n\u00ba48 Marron arena"},"content":{"rendered":"\t\t<div data-elementor-type=\"wp-post\" data-elementor-id=\"5635\" class=\"elementor elementor-5635\">\n\t\t\t\t<div class=\"elementor-element elementor-element-59a9d60a e-flex e-con-boxed e-con e-parent\" data-id=\"59a9d60a\" data-element_type=\"container\" data-e-type=\"container\">\n\t\t\t\t\t<div class=\"e-con-inner\">\n\t\t\t\t<div class=\"elementor-element elementor-element-d4d0b22 color-scheme-inherit text-left elementor-widget elementor-widget-text-editor\" data-id=\"d4d0b22\" data-element_type=\"widget\" data-e-type=\"widget\" data-widget_type=\"text-editor.default\">\n\t\t\t\t<div class=\"elementor-widget-container\">\n\t\t\t\t\t\t\t\t\tLe joint HR ( Haute R\u00e9sistance ) ideal pool est sp\u00e9cialement formul\u00e9 pour les piscines.\r\n\r\nIl a une bonne r\u00e9sistance aux diff\u00e9rents produits utilis\u00e9s dans la chimie de la piscine.\r\n\r\nC\u00b4est un produit plus facile a mettre en \u0153uvre que les joints \u00e9poxy et qui \u00e0 d\u00e9j\u00e0 une tr\u00e8s bonne durabilit\u00e9 surtout si votre piscine \u00e0 une filtration avec du chlore ou\u00a0 au sel avec une automatisation de la gestion du PH et de la production de chlore.\r\n\r\n&nbsp;\t\t\t\t\t\t\t\t<\/div>\n\t\t\t\t<\/div>\n\t\t\t\t\t<\/div>\n\t\t\t\t<\/div>\n\t\t<div class=\"elementor-element elementor-element-7aba5c7 e-flex e-con-boxed e-con e-parent\" data-id=\"7aba5c7\" data-element_type=\"container\" data-e-type=\"container\">\n\t\t\t\t\t<div class=\"e-con-inner\">\n\t\t\t\t<div class=\"elementor-element elementor-element-7dce2e0 wd-width-100 elementor-widget elementor-widget-wd_video\" data-id=\"7dce2e0\" data-element_type=\"widget\" data-e-type=\"widget\" data-widget_type=\"wd_video.default\">\n\t\t\t\t<div class=\"elementor-widget-container\">\n\t\t\t\t\t\n\t\t<div class=\"wd-el-video wd-action-overlay wd-video-hosted\">\n\t\t\t\t\t\t\t<video data-lazy-load=\"https:\/\/poolceramica.com\/wp-content\/uploads\/2024\/05\/JOINTOIEMENT-DE-LA-FINITION-STRUCTUREE-PASTILLA-DE-ROSA-GRES.mp4\" playsinline muted controls><\/video>\t\t\t\n\t\t\t\n\t\t\t\n\t\t\t\t\t\t\t<div class=\"wd-el-video-overlay wd-fill\">\n\t\t\t\t\t<img fetchpriority=\"high\" decoding=\"async\" width=\"1280\" height=\"720\" src=\"https:\/\/poolceramica.com\/wp-content\/uploads\/2024\/05\/JOINTOIEMENT-DE-LA-FINITION-STRUCTUREE-PASTILLA-DE-ROSA-GRES-0.jpg\" class=\"attachment-full size-full\" alt=\"\" \/>\t\t\t\t<\/div>\n\t\t\t\t<div class=\"wd-el-video-control color-scheme-light wd-fill\">\n\t\t\t\t\t<span class=\"wd-el-video-play-btn\"><\/span>\n\t\t\t\t\t\t\t\t\t<\/div>\n\n\t\t\t\t<a class=\"wd-el-video-link wd-el-video-btn-overlay wd-fill wd-el-video-hosted\" href=\"#69e4df1ca0289\"><\/a>\n\t\t\t\t\t<\/div>\n\t\t\t\t\t\t<\/div>\n\t\t\t\t<\/div>\n\t\t\t\t\t<\/div>\n\t\t\t\t<\/div>\n\t\t<div class=\"elementor-element elementor-element-976cf11 e-flex e-con-boxed e-con e-parent\" data-id=\"976cf11\" data-element_type=\"container\" data-e-type=\"container\">\n\t\t\t\t\t<div class=\"e-con-inner\">\n\t\t\t\t<div class=\"elementor-element elementor-element-db67196 elementor-widget elementor-widget-stm_calc\" data-id=\"db67196\" data-element_type=\"widget\" data-e-type=\"widget\" data-widget_type=\"stm_calc.default\">\n\t\t\t\t<div class=\"elementor-widget-container\">\n\t\t\t\t\t<p style=\"text-align: center\">Aucune calculatrice s\u00e9lectionn\u00e9e<\/p>\t\t\t\t<\/div>\n\t\t\t\t<\/div>\n\t\t\t\t\t<\/div>\n\t\t\t\t<\/div>\n\t\t\t\t<\/div>\n\t\t","protected":false},"excerpt":{"rendered":"<p>Joint HR (haute r\u00e9sistance) sp\u00e9cialement formul\u00e9 pour une utilisation en piscine.<\/p>\n<p>Couleur n\u00ba48 Marron arena.<\/p>\n<p>Pour les carrelage : Pietro golden<\/p>\n","protected":false},"featured_media":5612,"comment_status":"open","ping_status":"closed","template":"","meta":{"csbAdvScrollBarCursor":"","_joinchat":[]},"product_brand":[],"product_cat":[81],"product_tag":[],"class_list":{"0":"post-5635","1":"product","2":"type-product","3":"status-publish","4":"has-post-thumbnail","6":"product_cat-joints-piscine","8":"first","9":"instock","10":"taxable","11":"shipping-taxable","12":"product-type-simple"},"_links":{"self":[{"href":"https:\/\/poolceramica.com\/index.php\/wp-json\/wp\/v2\/product\/5635","targetHints":{"allow":["GET"]}}],"collection":[{"href":"https:\/\/poolceramica.com\/index.php\/wp-json\/wp\/v2\/product"}],"about":[{"href":"https:\/\/poolceramica.com\/index.php\/wp-json\/wp\/v2\/types\/product"}],"replies":[{"embeddable":true,"href":"https:\/\/poolceramica.com\/index.php\/wp-json\/wp\/v2\/comments?post=5635"}],"version-history":[{"count":2,"href":"https:\/\/poolceramica.com\/index.php\/wp-json\/wp\/v2\/product\/5635\/revisions"}],"predecessor-version":[{"id":5637,"href":"https:\/\/poolceramica.com\/index.php\/wp-json\/wp\/v2\/product\/5635\/revisions\/5637"}],"wp:featuredmedia":[{"embeddable":true,"href":"https:\/\/poolceramica.com\/index.php\/wp-json\/wp\/v2\/media\/5612"}],"wp:attachment":[{"href":"https:\/\/poolceramica.com\/index.php\/wp-json\/wp\/v2\/media?parent=5635"}],"wp:term":[{"taxonomy":"product_brand","embeddable":true,"href":"https:\/\/poolceramica.com\/index.php\/wp-json\/wp\/v2\/product_brand?post=5635"},{"taxonomy":"product_cat","embeddable":true,"href":"https:\/\/poolceramica.com\/index.php\/wp-json\/wp\/v2\/product_cat?post=5635"},{"taxonomy":"product_tag","embeddable":true,"href":"https:\/\/poolceramica.com\/index.php\/wp-json\/wp\/v2\/product_tag?post=5635"}],"curies":[{"name":"wp","href":"https:\/\/api.w.org\/{rel}","templated":true}]}}