{"id":5583,"date":"2024-05-11T13:51:46","date_gmt":"2024-05-11T13:51:46","guid":{"rendered":"https:\/\/poolceramica.com\/?post_type=product&#038;p=5583"},"modified":"2024-05-12T08:51:58","modified_gmt":"2024-05-12T08:51:58","slug":"hidroelastic-gris-20-kg","status":"publish","type":"product","link":"https:\/\/poolceramica.com\/index.php\/produit\/hidroelastic-gris-20-kg\/","title":{"rendered":"Hidroelastic gris 20 Kg"},"content":{"rendered":"\t\t<div data-elementor-type=\"wp-post\" data-elementor-id=\"5583\" class=\"elementor elementor-5583\">\n\t\t\t\t<div class=\"elementor-element elementor-element-559a722d e-flex e-con-boxed e-con e-parent\" data-id=\"559a722d\" data-element_type=\"container\" data-e-type=\"container\">\n\t\t\t\t\t<div class=\"e-con-inner\">\n\t\t\t\t<div class=\"elementor-element elementor-element-ad8f3ea color-scheme-inherit text-left elementor-widget elementor-widget-text-editor\" data-id=\"ad8f3ea\" data-element_type=\"widget\" data-e-type=\"widget\" data-widget_type=\"text-editor.default\">\n\t\t\t\t<div class=\"elementor-widget-container\">\n\t\t\t\t\t\t\t\t\t<p>Cette \u00e9tanch\u00e9it\u00e9 sous carrelage bi composante est utilis\u00e9e et appr\u00e9ci\u00e9e par les piscinistes, elle a une \u00e9lasticit\u00e9 plus importante que la mono composante.<\/p><p>La consommation moyenne est de 3 kg \/ m2 pour les deux couches ( utilisez notre calculateur en bas de la page).<\/p><p>Afin de compl\u00e9ter le complexe d\u00b4 \u00e9tanch\u00e9it\u00e9 il est indispensable de placer une bande d&rsquo;\u00e9tanch\u00e9it\u00e9 comme la Fix Banda ou Banda 120&#215;70 sur l\u00b4ensemble des angles rentrant y compris ceux des marches et de la plage immerg\u00e9e.<\/p><p>Cette \u00e9tanch\u00e9it\u00e9 s\u00b4applique directement sur le b\u00e9ton, l\u00b4enduit de lissage ou la chape mais jamais directement sur les blocs a bancher qui doivent \u00eatre enduit pr\u00e9alablement avec l\u00b4enduit de redressage Fix Revoco par exemple.<\/p><p>Les supports doivent \u00eatre compl\u00e8tement sec a c\u0153ur, d\u00e9poussi\u00e9r\u00e9s et lav\u00e9s l\u00b4eau afin que l\u00b4hidrofix est une bonne accroche.<\/p><p>Apres avoir traiter les angles avec les bandes d\u00b4\u00e9tanch\u00e9it\u00e9s, il faut appliquer deux couches d\u00b4\u00e9tanch\u00e9it\u00e9 sous carrelage, au printemps et surtout en \u00e9t\u00e9 l\u00b4application doit se faire en d\u00e9but de matin\u00e9e ( entre 8h et 11 h ), le temps de s\u00e9chage entre deux couches est de 24H.<\/p><p>Vous pouvez utiliser une brosse plate, un rouleau mais le mieux est la liane qui permet d\u00b4appliquer une pression pour faire rentrer le produits dans le support, assurer l\u00b4adh\u00e9sion du produit au support et le lisser.<\/p><p>La totalit\u00e9 des deux couches fait 2 \u00e0 3 mm d\u00b4\u00e9paisseur.<\/p><p>Vous pouvez faire mordre ou remonter l\u00b4\u00e9tanch\u00e9it\u00e9 sur toutes les travers\u00e9es de parois apr\u00e8s les avoir pr\u00e9c\u00e9demment imp\u00e9rativement avec un mastic \u00e9tanche comme le Sellador\u00a0 s10 par exemple.<\/p><p>\u00a0<\/p><p>\u00a0<\/p>\t\t\t\t\t\t\t\t<\/div>\n\t\t\t\t<\/div>\n\t\t\t\t\t<\/div>\n\t\t\t\t<\/div>\n\t\t<div class=\"elementor-element elementor-element-a56202b e-flex e-con-boxed e-con e-parent\" data-id=\"a56202b\" data-element_type=\"container\" data-e-type=\"container\">\n\t\t\t\t\t<div class=\"e-con-inner\">\n\t\t\t\t<div class=\"elementor-element elementor-element-d2c84b3 wd-width-100 elementor-widget elementor-widget-wd_video\" data-id=\"d2c84b3\" data-element_type=\"widget\" data-e-type=\"widget\" data-widget_type=\"wd_video.default\">\n\t\t\t\t<div class=\"elementor-widget-container\">\n\t\t\t\t\t\n\t\t<div class=\"wd-el-video wd-action-overlay wd-video-hosted\">\n\t\t\t\t\t\t\t<video data-lazy-load=\"https:\/\/poolceramica.com\/wp-content\/uploads\/2024\/05\/VIDEO-12-IMPERMEABILISATION-DE-LA-PISCINE-AVEC-HYDROELASTIC-fr.mp4\" playsinline muted controls><\/video>\t\t\t\n\t\t\t\n\t\t\t\n\t\t\t\t\t\t\t<div class=\"wd-el-video-overlay wd-fill\">\n\t\t\t\t\t<img fetchpriority=\"high\" decoding=\"async\" width=\"1280\" height=\"720\" src=\"https:\/\/poolceramica.com\/wp-content\/uploads\/2024\/05\/VIDEO-12-IMPERMEABILISATION-DE-LA-PISCINE-AVEC-HYDROELASTIC-fr-0.jpg\" class=\"attachment-full size-full\" alt=\"\" \/>\t\t\t\t<\/div>\n\t\t\t\t<div class=\"wd-el-video-control color-scheme-light wd-fill\">\n\t\t\t\t\t<span class=\"wd-el-video-play-btn\"><\/span>\n\t\t\t\t\t\t\t\t\t<\/div>\n\n\t\t\t\t<a class=\"wd-el-video-link wd-el-video-btn-overlay wd-fill wd-el-video-hosted\" href=\"#69e4cdfe6c034\"><\/a>\n\t\t\t\t\t<\/div>\n\t\t\t\t\t\t<\/div>\n\t\t\t\t<\/div>\n\t\t\t\t\t<\/div>\n\t\t\t\t<\/div>\n\t\t<div class=\"elementor-element elementor-element-265a545 e-flex e-con-boxed e-con e-parent\" data-id=\"265a545\" data-element_type=\"container\" data-e-type=\"container\">\n\t\t\t\t\t<div class=\"e-con-inner\">\n\t\t\t\t<div class=\"elementor-element elementor-element-f79fc06 elementor-widget elementor-widget-stm_calc\" data-id=\"f79fc06\" data-element_type=\"widget\" data-e-type=\"widget\" data-widget_type=\"stm_calc.default\">\n\t\t\t\t<div class=\"elementor-widget-container\">\n\t\t\t\t\t<script type=\"text\/javascript\">window[\"ccb_front_template_5661\"] = [];<\/script>\n<div class=\"ccb-main-widget \" id=\"ccb_app_5661\" data-calc-id=\"5661\"><\/div>\n\t\t\t\t<\/div>\n\t\t\t\t<\/div>\n\t\t\t\t\t<\/div>\n\t\t\t\t<\/div>\n\t\t\t\t<\/div>\n\t\t","protected":false},"excerpt":{"rendered":"<p>Etanch\u00e9it\u00e9 sous carrelage bi composante \u00e0 appliquer en deux couches avec des bandes d\u00b4\u00e9tanch\u00e9it\u00e9s dans les angles.<\/p>\n","protected":false},"featured_media":5608,"comment_status":"open","ping_status":"closed","template":"","meta":{"csbAdvScrollBarCursor":"","_joinchat":[]},"product_brand":[],"product_cat":[80],"product_tag":[],"class_list":{"0":"post-5583","1":"product","2":"type-product","3":"status-publish","4":"has-post-thumbnail","6":"product_cat-etancheite-sous-carrelage","8":"first","9":"instock","10":"taxable","11":"shipping-taxable","12":"product-type-simple"},"_links":{"self":[{"href":"https:\/\/poolceramica.com\/index.php\/wp-json\/wp\/v2\/product\/5583","targetHints":{"allow":["GET"]}}],"collection":[{"href":"https:\/\/poolceramica.com\/index.php\/wp-json\/wp\/v2\/product"}],"about":[{"href":"https:\/\/poolceramica.com\/index.php\/wp-json\/wp\/v2\/types\/product"}],"replies":[{"embeddable":true,"href":"https:\/\/poolceramica.com\/index.php\/wp-json\/wp\/v2\/comments?post=5583"}],"version-history":[{"count":13,"href":"https:\/\/poolceramica.com\/index.php\/wp-json\/wp\/v2\/product\/5583\/revisions"}],"predecessor-version":[{"id":5664,"href":"https:\/\/poolceramica.com\/index.php\/wp-json\/wp\/v2\/product\/5583\/revisions\/5664"}],"wp:featuredmedia":[{"embeddable":true,"href":"https:\/\/poolceramica.com\/index.php\/wp-json\/wp\/v2\/media\/5608"}],"wp:attachment":[{"href":"https:\/\/poolceramica.com\/index.php\/wp-json\/wp\/v2\/media?parent=5583"}],"wp:term":[{"taxonomy":"product_brand","embeddable":true,"href":"https:\/\/poolceramica.com\/index.php\/wp-json\/wp\/v2\/product_brand?post=5583"},{"taxonomy":"product_cat","embeddable":true,"href":"https:\/\/poolceramica.com\/index.php\/wp-json\/wp\/v2\/product_cat?post=5583"},{"taxonomy":"product_tag","embeddable":true,"href":"https:\/\/poolceramica.com\/index.php\/wp-json\/wp\/v2\/product_tag?post=5583"}],"curies":[{"name":"wp","href":"https:\/\/api.w.org\/{rel}","templated":true}]}}