{"id":5512,"date":"2024-05-10T16:28:44","date_gmt":"2024-05-10T16:28:44","guid":{"rendered":"https:\/\/poolceramica.com\/?post_type=product&#038;p=5512"},"modified":"2024-05-10T18:27:08","modified_gmt":"2024-05-10T18:27:08","slug":"colle-piscine-fixset-gel-gris","status":"publish","type":"product","link":"https:\/\/poolceramica.com\/index.php\/produit\/colle-piscine-fixset-gel-gris\/","title":{"rendered":"Colle piscine Fixset gel gris C2 TE 25 kg"},"content":{"rendered":"\t\t<div data-elementor-type=\"wp-post\" data-elementor-id=\"5512\" class=\"elementor elementor-5512\">\n\t\t\t\t<div class=\"elementor-element elementor-element-52604049 e-flex e-con-boxed e-con e-parent\" data-id=\"52604049\" data-element_type=\"container\" data-e-type=\"container\">\n\t\t\t\t\t<div class=\"e-con-inner\">\n\t\t\t\t<div class=\"elementor-element elementor-element-400be40b color-scheme-inherit text-left elementor-widget elementor-widget-text-editor\" data-id=\"400be40b\" data-element_type=\"widget\" data-e-type=\"widget\" data-widget_type=\"text-editor.default\">\n\t\t\t\t<div class=\"elementor-widget-container\">\n\t\t\t\t\t\t\t\t\t<b>DOMAINES D&rsquo;APPLICATION<\/b>\r\n\r\n-C&rsquo;est le ciment colle id\u00e9al pour le collage de mosa\u00efque vitr\u00e9e et gr\u00e9s c\u00e9rames dans les piscines avec chloration traditionnelle.\r\n\r\n-Pose de gr\u00e8s porcelainier sur des supports en mortier en int\u00e9rieur et de gr\u00e8s porcelainier en sols ext\u00e9rieurs.\r\n\r\n-Adapt\u00e9 pour le collage des carreaux de fa\u00efence, du gr\u00e8s, du gr\u00e8s porcelainier, de la mosa\u00efque, etc., en int\u00e9rieur lorsqu&rsquo;une r\u00e9sistance \u00e0 l&rsquo;humidit\u00e9 sup\u00e9rieure est recherch\u00e9e. Id\u00e9al pour les salles de bains, les bacs \u00e0 douche, etc.\r\n\r\n&#8211;<b><span style=\"color: #ff9c00;\">FIXSET GEL<\/span><\/b>\u00a0est un ciment \u00e0 couche fine applicable en \u00e9paisseurs de 3 \u00e0 10 mm.\r\n\r\n-Il adh\u00e8re parfaitement sur\u00a0<b>RECRECEM PREMIX, FIX-REVOCO, HIDROFIX.<\/b>\t\t\t\t\t\t\t\t<\/div>\n\t\t\t\t<\/div>\n\t\t\t\t\t<\/div>\n\t\t\t\t<\/div>\n\t\t<div class=\"elementor-element elementor-element-648d63c e-flex e-con-boxed e-con e-parent\" data-id=\"648d63c\" data-element_type=\"container\" data-e-type=\"container\">\n\t\t\t\t\t<div class=\"e-con-inner\">\n\t\t\t\t<div class=\"elementor-element elementor-element-4d28444 wd-width-100 elementor-widget elementor-widget-wd_video\" data-id=\"4d28444\" data-element_type=\"widget\" data-e-type=\"widget\" data-widget_type=\"wd_video.default\">\n\t\t\t\t<div class=\"elementor-widget-container\">\n\t\t\t\t\t\n\t\t<div class=\"wd-el-video wd-action-overlay wd-video-hosted\">\n\t\t\t\t\t\t\t<video data-lazy-load=\"https:\/\/poolceramica.com\/wp-content\/uploads\/2024\/05\/VIDEO-14-CERAMIC-TILE-INSTALLATION-WITH-TECNOCOL-GEL-en.mp4\" playsinline muted controls><\/video>\t\t\t\n\t\t\t\n\t\t\t\n\t\t\t\t\t\t\t<div class=\"wd-el-video-overlay wd-fill\">\n\t\t\t\t\t<img fetchpriority=\"high\" decoding=\"async\" width=\"1280\" height=\"720\" src=\"https:\/\/poolceramica.com\/wp-content\/uploads\/2024\/05\/VIDEO-14-CERAMIC-TILE-INSTALLATION-WITH-TECNOCOL-GEL-en-0-1.jpg\" class=\"attachment-full size-full\" alt=\"\" \/>\t\t\t\t<\/div>\n\t\t\t\t<div class=\"wd-el-video-control color-scheme-light wd-fill\">\n\t\t\t\t\t<span class=\"wd-el-video-play-btn\"><\/span>\n\t\t\t\t\t\t\t\t\t<\/div>\n\n\t\t\t\t<a class=\"wd-el-video-link wd-el-video-btn-overlay wd-fill wd-el-video-hosted\" href=\"#69e4ce00986f5\"><\/a>\n\t\t\t\t\t<\/div>\n\t\t\t\t\t\t<\/div>\n\t\t\t\t<\/div>\n\t\t\t\t\t<\/div>\n\t\t\t\t<\/div>\n\t\t<div class=\"elementor-element elementor-element-8fbc717 e-flex e-con-boxed e-con e-parent\" data-id=\"8fbc717\" data-element_type=\"container\" data-e-type=\"container\">\n\t\t\t\t\t<div class=\"e-con-inner\">\n\t\t\t\t<div class=\"elementor-element elementor-element-84bece7 elementor-widget elementor-widget-stm_calc\" data-id=\"84bece7\" data-element_type=\"widget\" data-e-type=\"widget\" data-widget_type=\"stm_calc.default\">\n\t\t\t\t<div class=\"elementor-widget-container\">\n\t\t\t\t\t<script type=\"text\/javascript\">window[\"ccb_front_template_5543\"] = [];<\/script>\n<div class=\"ccb-main-widget \" id=\"ccb_app_5543\" data-calc-id=\"5543\"><\/div>\n\t\t\t\t<\/div>\n\t\t\t\t<\/div>\n\t\t\t\t\t<\/div>\n\t\t\t\t<\/div>\n\t\t\t\t<\/div>\n\t\t","protected":false},"excerpt":{"rendered":"<p>Colle gel C2 ET pour piscine et terrasse, permet de coller sur une \u00e9tanch\u00e9it\u00e9 mono composante comme l\u00b4Hydrofix ainsi que sur les chapes traditionnelle. Parfaitement adapt\u00e9e pour le carrelage jusqu&rsquo;\u00e0 60&#215;60\u00a0 La consommation est de 5\u00e0 6 kg par m2 pour un double encollage obligatoire en ext\u00e9rieur.<\/p>\n","protected":false},"featured_media":5513,"comment_status":"open","ping_status":"closed","template":"","meta":{"csbAdvScrollBarCursor":"","_joinchat":[]},"product_brand":[],"product_cat":[79],"product_tag":[],"class_list":{"0":"post-5512","1":"product","2":"type-product","3":"status-publish","4":"has-post-thumbnail","6":"product_cat-colle-carrelage-piscine","8":"first","9":"instock","10":"taxable","11":"shipping-taxable","12":"purchasable","13":"product-type-simple"},"_links":{"self":[{"href":"https:\/\/poolceramica.com\/index.php\/wp-json\/wp\/v2\/product\/5512","targetHints":{"allow":["GET"]}}],"collection":[{"href":"https:\/\/poolceramica.com\/index.php\/wp-json\/wp\/v2\/product"}],"about":[{"href":"https:\/\/poolceramica.com\/index.php\/wp-json\/wp\/v2\/types\/product"}],"replies":[{"embeddable":true,"href":"https:\/\/poolceramica.com\/index.php\/wp-json\/wp\/v2\/comments?post=5512"}],"version-history":[{"count":11,"href":"https:\/\/poolceramica.com\/index.php\/wp-json\/wp\/v2\/product\/5512\/revisions"}],"predecessor-version":[{"id":5552,"href":"https:\/\/poolceramica.com\/index.php\/wp-json\/wp\/v2\/product\/5512\/revisions\/5552"}],"wp:featuredmedia":[{"embeddable":true,"href":"https:\/\/poolceramica.com\/index.php\/wp-json\/wp\/v2\/media\/5513"}],"wp:attachment":[{"href":"https:\/\/poolceramica.com\/index.php\/wp-json\/wp\/v2\/media?parent=5512"}],"wp:term":[{"taxonomy":"product_brand","embeddable":true,"href":"https:\/\/poolceramica.com\/index.php\/wp-json\/wp\/v2\/product_brand?post=5512"},{"taxonomy":"product_cat","embeddable":true,"href":"https:\/\/poolceramica.com\/index.php\/wp-json\/wp\/v2\/product_cat?post=5512"},{"taxonomy":"product_tag","embeddable":true,"href":"https:\/\/poolceramica.com\/index.php\/wp-json\/wp\/v2\/product_tag?post=5512"}],"curies":[{"name":"wp","href":"https:\/\/api.w.org\/{rel}","templated":true}]}}