{"id":5507,"date":"2024-05-10T14:08:56","date_gmt":"2024-05-10T14:08:56","guid":{"rendered":"https:\/\/poolceramica.com\/?post_type=product&#038;p=5507"},"modified":"2024-05-13T09:20:58","modified_gmt":"2024-05-13T09:20:58","slug":"margelle-ronde-serena-mix-river-stone","status":"publish","type":"product","link":"https:\/\/poolceramica.com\/index.php\/produit\/margelle-ronde-serena-mix-river-stone\/","title":{"rendered":"Margelle ronde Serena mix river stone"},"content":{"rendered":"\t\t<div data-elementor-type=\"wp-post\" data-elementor-id=\"5507\" class=\"elementor elementor-5507\">\n\t\t\t\t<div class=\"elementor-element elementor-element-e16a0b1 e-flex e-con-boxed e-con e-parent\" data-id=\"e16a0b1\" data-element_type=\"container\" data-e-type=\"container\" data-settings=\"{&quot;background_background&quot;:&quot;classic&quot;}\">\n\t\t\t\t\t<div class=\"e-con-inner\">\n\t\t\t\t<div class=\"elementor-element elementor-element-407293f elementor-widget__width-inherit wd-width-100 elementor-widget elementor-widget-wd_video\" data-id=\"407293f\" data-element_type=\"widget\" data-e-type=\"widget\" data-widget_type=\"wd_video.default\">\n\t\t\t\t<div class=\"elementor-widget-container\">\n\t\t\t\t\t\n\t\t<div class=\"wd-el-video wd-action-overlay wd-video-hosted wd-with-aspect-ratio\">\n\t\t\t\t\t\t\t<video data-lazy-load=\"https:\/\/poolceramica.com\/wp-content\/uploads\/2024\/05\/SERENA-MIX-River-stone.mp4\" playsinline muted controls><\/video>\t\t\t\n\t\t\t\n\t\t\t\n\t\t\t\t\t\t\t<div class=\"wd-el-video-overlay wd-fill\">\n\t\t\t\t\t<img fetchpriority=\"high\" decoding=\"async\" width=\"1280\" height=\"720\" src=\"https:\/\/poolceramica.com\/wp-content\/uploads\/2024\/05\/SERENA-MIX-River-stone-0-video-photo.jpg\" class=\"attachment-full size-full\" alt=\"Carrelage Serena Mix Bali Rivi\u00e8re pour piscine\" \/>\t\t\t\t<\/div>\n\t\t\t\t<div class=\"wd-el-video-control color-scheme-light wd-fill\">\n\t\t\t\t\t<span class=\"wd-el-video-play-btn\"><\/span>\n\t\t\t\t\t\t\t\t\t<\/div>\n\n\t\t\t\t<a class=\"wd-el-video-link wd-el-video-btn-overlay wd-fill wd-el-video-hosted\" href=\"#69e4bfdeaaad1\"><\/a>\n\t\t\t\t\t<\/div>\n\t\t\t\t\t\t<\/div>\n\t\t\t\t<\/div>\n\t\t\t\t\t<\/div>\n\t\t\t\t<\/div>\n\t\t<div class=\"elementor-element elementor-element-c0102e7 e-flex e-con-boxed e-con e-parent\" data-id=\"c0102e7\" data-element_type=\"container\" data-e-type=\"container\">\n\t\t\t\t\t<div class=\"e-con-inner\">\n\t\t<div class=\"elementor-element elementor-element-84a5ee2 e-con-full e-flex e-con e-child\" data-id=\"84a5ee2\" data-element_type=\"container\" data-e-type=\"container\" data-settings=\"{&quot;background_background&quot;:&quot;classic&quot;}\">\n\t\t<div class=\"elementor-element elementor-element-4326b02 e-con-full e-flex e-con e-child\" data-id=\"4326b02\" data-element_type=\"container\" data-e-type=\"container\">\n\t\t\t\t<div class=\"elementor-element elementor-element-4c75a7a elementor-widget elementor-widget-wd_text_block\" data-id=\"4c75a7a\" data-element_type=\"widget\" data-e-type=\"widget\" data-widget_type=\"wd_text_block.default\">\n\t\t\t\t<div class=\"elementor-widget-container\">\n\t\t\t\t\t\t\t<div class=\"wd-text-block reset-last-child text-left\">\n\t\t\t\n\t\t\t<h4>Transformez votre piscine avec le Serena Mix River Stone : l'\u00e9l\u00e9gance inspir\u00e9e par la pierre s\u00e8che proven\u00e7ale<\/h4><p>D\u00e9couvrez le Serena Mix River Stone, un carrelage piscine qui capture l'essence de la pierre de taille des murs en pierre s\u00e8che typiques de la Provence et de la Corse. Son aspect authentique donne \u00e0 votre piscine l'apparence d'une oasis naturelle, \u00e9voquant le charme des rivi\u00e8res cristallines. Offrez \u00e0 votre espace aquatique une esth\u00e9tique rustique et \u00e9l\u00e9gante avec ce rev\u00eatement unique, parfait pour cr\u00e9er un environnement relaxant et naturel dans votre jardin.<\/p>\n\t\t\t\t\t<\/div>\n\t\t\t\t\t\t<\/div>\n\t\t\t\t<\/div>\n\t\t\t\t<div class=\"elementor-element elementor-element-e129e5d wd-width-100 elementor-widget elementor-widget-wd_video\" data-id=\"e129e5d\" data-element_type=\"widget\" data-e-type=\"widget\" data-widget_type=\"wd_video.default\">\n\t\t\t\t<div class=\"elementor-widget-container\">\n\t\t\t\t\t\n\t\t<div class=\"wd-el-video wd-action-overlay wd-video-hosted\">\n\t\t\t\t\t\t\t<video data-lazy-load=\"https:\/\/poolceramica.com\/wp-content\/uploads\/2023\/07\/petite-piscine-carrelage-sukabumi-3-Pool-ceramica.mp4\" playsinline muted controls><\/video>\t\t\t\n\t\t\t\n\t\t\t\n\t\t\t\t\t\t\t<div class=\"wd-el-video-overlay wd-fill\">\n\t\t\t\t\t<img decoding=\"async\" width=\"1280\" height=\"720\" src=\"https:\/\/poolceramica.com\/wp-content\/uploads\/2023\/07\/petite-piscine-carrelage-sukabumi-3-Pool-ceramica-photo.jpg\" class=\"attachment-full size-full\" alt=\"\" \/>\t\t\t\t<\/div>\n\t\t\t\t<div class=\"wd-el-video-control color-scheme-light wd-fill\">\n\t\t\t\t\t<span class=\"wd-el-video-play-btn\"><\/span>\n\t\t\t\t\t\t\t\t\t<\/div>\n\n\t\t\t\t<a class=\"wd-el-video-link wd-el-video-btn-overlay wd-fill wd-el-video-hosted\" href=\"#69e4bfdeab5ae\"><\/a>\n\t\t\t\t\t<\/div>\n\t\t\t\t\t\t<\/div>\n\t\t\t\t<\/div>\n\t\t\t\t<\/div>\n\t\t<div class=\"elementor-element elementor-element-3e2ec63 e-con-full e-flex e-con e-child\" data-id=\"3e2ec63\" data-element_type=\"container\" data-e-type=\"container\">\n\t\t<div class=\"elementor-element elementor-element-274de91 e-con-full e-flex e-con e-child\" data-id=\"274de91\" data-element_type=\"container\" data-e-type=\"container\">\n\t\t\t\t<div class=\"elementor-element elementor-element-7f996f3 elementor-widget elementor-widget-wd_text_block\" data-id=\"7f996f3\" data-element_type=\"widget\" data-e-type=\"widget\" data-widget_type=\"wd_text_block.default\">\n\t\t\t\t<div class=\"elementor-widget-container\">\n\t\t\t\t\t\t\t<div class=\"wd-text-block reset-last-child text-left\">\n\t\t\t\n\t\t\t<h4>Serena Mix River Stone : l'harmonie parfaite entre l'eau et la pierre pour votre espace piscine<\/h4><p>Plongez dans l'ambiance sereine du Serena Mix River Stone, un carrelage piscine qui \u00e9voque les rivi\u00e8res naturelles et les murs de pierre s\u00e8che des r\u00e9gions m\u00e9diterran\u00e9ennes. Sa texture rappelle la beaut\u00e9 naturelle des paysages proven\u00e7aux, transformant votre piscine en un havre de paix. Avec ses nuances terreuses et son style intemporel, ce rev\u00eatement cr\u00e9e une connexion harmonieuse entre l'eau de votre piscine et les \u00e9l\u00e9ments naturels qui l'entourent.<\/p>\n\t\t\t\t\t<\/div>\n\t\t\t\t\t\t<\/div>\n\t\t\t\t<\/div>\n\t\t\t\t<\/div>\n\t\t<div class=\"elementor-element elementor-element-544a914 e-con-full e-flex e-con e-child\" data-id=\"544a914\" data-element_type=\"container\" data-e-type=\"container\">\n\t\t\t\t<div class=\"elementor-element elementor-element-37b901d elementor-widget elementor-widget-wd_text_block\" data-id=\"37b901d\" data-element_type=\"widget\" data-e-type=\"widget\" data-widget_type=\"wd_text_block.default\">\n\t\t\t\t<div class=\"elementor-widget-container\">\n\t\t\t\t\t\t\t<div class=\"wd-text-block reset-last-child text-left\">\n\t\t\t\n\t\t\t<h4><strong>Cr\u00e9ez une oasis m\u00e9diterran\u00e9enne avec le Serena Mix River Stone : qualit\u00e9 artisanale et ambiance naturelle<\/strong><\/h4><p>Red\u00e9finissez l'\u00e9l\u00e9gance de votre espace piscine avec le Serena Mix River Stone. Chaque carreau de ce carrelage incarne l'artisanat de qualit\u00e9 et la beaut\u00e9 intemporelle des murs en pierre s\u00e8che m\u00e9diterran\u00e9ens. Offrez \u00e0 votre piscine une atmosph\u00e8re authentique et relaxante, inspir\u00e9e par les paysages m\u00e9diterran\u00e9ens. Choisissez le Serena Mix River Stone pour un design raffin\u00e9 qui transforme votre piscine en un lieu de d\u00e9tente \u00e9l\u00e9gant et naturel.<\/p>\n\t\t\t\t\t<\/div>\n\t\t\t\t\t\t<\/div>\n\t\t\t\t<\/div>\n\t\t\t\t<\/div>\n\t\t\t\t<\/div>\n\t\t\t\t<\/div>\n\t\t\t\t\t<\/div>\n\t\t\t\t<\/div>\n\t\t<div class=\"elementor-element elementor-element-c0fac79 e-flex e-con-boxed e-con e-parent\" data-id=\"c0fac79\" data-element_type=\"container\" data-e-type=\"container\">\n\t\t\t\t\t<div class=\"e-con-inner\">\n\t\t\t\t<div class=\"elementor-element elementor-element-3fda5a8 elementor-widget elementor-widget-wd_text_block\" data-id=\"3fda5a8\" data-element_type=\"widget\" data-e-type=\"widget\" data-widget_type=\"wd_text_block.default\">\n\t\t\t\t<div class=\"elementor-widget-container\">\n\t\t\t\t\t\t\t<div class=\"wd-text-block reset-last-child text-left\">\n\t\t\t\n\t\t\t<h4>Durabilit\u00e9, qualit\u00e9 et s\u00e9curit\u00e9<\/h4><p>Avec son classement C et PN24 en r\u00e9sistance \u00e0 la glissance, ce carrelage allie esth\u00e9tique et s\u00e9curit\u00e9. Sa durabilit\u00e9 exceptionnelle garantit une long\u00e9vit\u00e9 remarquable, tandis que sa qualit\u00e9 sup\u00e9rieure assure un investissement \u00e0 long terme pour votre espace piscine. Profitez de chaque instant en toute s\u00e9r\u00e9nit\u00e9, avec le carrelage serena mix river stone, synonyme de fiabilit\u00e9 et de confort au touch\u00e9.<\/p>\n\t\t\t\t\t<\/div>\n\t\t\t\t\t\t<\/div>\n\t\t\t\t<\/div>\n\t\t\t\t<div class=\"elementor-element elementor-element-89f3cf9 wd-width-100 elementor-widget elementor-widget-wd_images_gallery\" data-id=\"89f3cf9\" data-element_type=\"widget\" data-e-type=\"widget\" data-widget_type=\"wd_images_gallery.default\">\n\t\t\t\t<div class=\"elementor-widget-container\">\n\t\t\t\t\t\t\t<div class=\"wd-images-gallery photoswipe-images wd-carousel-container\" style=\"--wd-align-items:center; --wd-justify-content:center;\">\n\t\t\t\t\t\t\t<div class=\"wd-carousel-inner\">\n\t\t\t\t\t\t<div class=\"wd-carousel wd-grid\" data-scroll_per_page=\"yes\" style=\"--wd-col-lg:3;--wd-col-md:3;--wd-col-sm:1;--wd-gap-lg:30px;--wd-gap-sm:10px;\">\n\t\t\t\t\t\t\t\t\t<div class=\"wd-carousel-wrap\">\n\t\t\t\t\t\t\t\t\t\t\t\t\t\t\t\t\t\t<div class=\"wd-gallery-item wd-carousel-item\">\n\t\t\t\t\t\t\t\t\t\t\t\t\t<a  href=\"https:\/\/poolceramica.com\/wp-content\/uploads\/2024\/05\/L62_Serena_Mix__1_-removebg-preview.png\"data-width=\"594\" data-height=\"420\" data-index=\"1\" data-elementor-open-lightbox=\"no\">\n\t\t\t\t\t\t\n\t\t\t\t\t\t<img decoding=\"async\" src=\"https:\/\/poolceramica.com\/wp-content\/uploads\/2024\/05\/L62_Serena_Mix__1_-removebg-preview.png\"alt=\"L62_Serena_Mix__1_-removebg-preview\">\n\t\t\t\t\t\t\t\t\t\t\t\t\t<\/a>\n\t\t\t\t\t\t\t\t\t\t\t<\/div>\n\t\t\t\t\t\t\t\t\t\t\t\t\t\t\t<div class=\"wd-gallery-item wd-carousel-item\">\n\t\t\t\t\t\t\t\t\t\t\t\t\t<a  href=\"https:\/\/poolceramica.com\/wp-content\/uploads\/2024\/05\/ROSAGRES-Serena-mix-31x62.6-cm.png\"data-width=\"849\" data-height=\"966\" data-index=\"2\" data-elementor-open-lightbox=\"no\">\n\t\t\t\t\t\t\n\t\t\t\t\t\t<img decoding=\"async\" src=\"https:\/\/poolceramica.com\/wp-content\/uploads\/2024\/05\/ROSAGRES-Serena-mix-31x62.6-cm.png\"alt=\"Carrelage Serena Mix Bali Rivi\u00e8re pour piscine\">\n\t\t\t\t\t\t\t\t\t\t\t\t\t<\/a>\n\t\t\t\t\t\t\t\t\t\t\t<\/div>\n\t\t\t\t\t\t\t\t\t\t\t\t\t\t\t<div class=\"wd-gallery-item wd-carousel-item\">\n\t\t\t\t\t\t\t\t\t\t\t\t\t<a  href=\"https:\/\/poolceramica.com\/wp-content\/uploads\/2024\/05\/S62_Serena_Mix-removebg-preview.png\"data-width=\"594\" data-height=\"420\" data-index=\"3\" data-elementor-open-lightbox=\"no\">\n\t\t\t\t\t\t\n\t\t\t\t\t\t<img decoding=\"async\" src=\"https:\/\/poolceramica.com\/wp-content\/uploads\/2024\/05\/S62_Serena_Mix-removebg-preview.png\"alt=\"S62_Serena_Mix-removebg-preview\">\n\t\t\t\t\t\t\t\t\t\t\t\t\t<\/a>\n\t\t\t\t\t\t\t\t\t\t\t<\/div>\n\t\t\t\t\t\t\t\t\t\t\t\t\t\t\t\t<\/div>\n\t\t\t\t\t\t\t\t<\/div>\n\t\t\t\t\t\t\t\t\t\t\t\t\t\t<div class=\"wd-nav-arrows wd-pos-sep wd-hover-1 wd-icon-1\">\n\t\t\t<div class=\"wd-btn-arrow wd-prev wd-disabled\">\n\t\t\t\t<div class=\"wd-arrow-inner\"><\/div>\n\t\t\t<\/div>\n\t\t\t<div class=\"wd-btn-arrow wd-next\">\n\t\t\t\t<div class=\"wd-arrow-inner\"><\/div>\n\t\t\t<\/div>\n\t\t<\/div>\n\t\t\t\t\t\t\n\t\t\t\t<\/div>\n\n\t\t\t\t\t\t\t\t\t\t\t\t\t<\/div>\n\t\t\t\t\t\t<\/div>\n\t\t\t\t<\/div>\n\t\t\t\t\t<\/div>\n\t\t\t\t<\/div>\n\t\t<div class=\"elementor-element elementor-element-f4efc73 e-con-full e-flex e-con e-parent\" data-id=\"f4efc73\" data-element_type=\"container\" data-e-type=\"container\">\n\t\t\t\t<div class=\"elementor-element elementor-element-06b41bd elementor-widget__width-inherit elementor-widget elementor-widget-stm_calc\" data-id=\"06b41bd\" data-element_type=\"widget\" data-e-type=\"widget\" data-widget_type=\"stm_calc.default\">\n\t\t\t\t<div class=\"elementor-widget-container\">\n\t\t\t\t\t<script type=\"text\/javascript\">window[\"ccb_front_template_4879\"] = [];<\/script>\n<div class=\"ccb-main-widget \" id=\"ccb_app_4879\" data-calc-id=\"4879\"><\/div>\n\t\t\t\t<\/div>\n\t\t\t\t<\/div>\n\t\t\t\t<\/div>\n\t\t\t\t<\/div>\n\t\t","protected":false},"excerpt":{"rendered":"<p>Les Margelles ronde Serena mix river stone reproduisent fid\u00e8lement l\u00b4aspect des murs en pierre s\u00e8che naturelle, pour donner un aspect rivi\u00e8re \u00e0 votre piscine\u00a0 .<\/p>\n<p>Elle permettent de faire une liaison harmonieuse entre le carrelage de votre piscine et \/ ou ce de la plage, la beaut\u00e9 de la pierre naturelle avec la durabilit\u00e9\u00a0 du mat\u00e9riaux gr\u00e8s c\u00e9rame.<\/p>\n","protected":false},"featured_media":5254,"comment_status":"open","ping_status":"closed","template":"","meta":{"csbAdvScrollBarCursor":"","_joinchat":[]},"product_brand":[],"product_cat":[21],"product_tag":[],"class_list":{"0":"post-5507","1":"product","2":"type-product","3":"status-publish","4":"has-post-thumbnail","6":"product_cat-margelle","8":"first","9":"instock","10":"taxable","11":"shipping-taxable","12":"purchasable","13":"product-type-simple"},"_links":{"self":[{"href":"https:\/\/poolceramica.com\/index.php\/wp-json\/wp\/v2\/product\/5507","targetHints":{"allow":["GET"]}}],"collection":[{"href":"https:\/\/poolceramica.com\/index.php\/wp-json\/wp\/v2\/product"}],"about":[{"href":"https:\/\/poolceramica.com\/index.php\/wp-json\/wp\/v2\/types\/product"}],"replies":[{"embeddable":true,"href":"https:\/\/poolceramica.com\/index.php\/wp-json\/wp\/v2\/comments?post=5507"}],"version-history":[{"count":1,"href":"https:\/\/poolceramica.com\/index.php\/wp-json\/wp\/v2\/product\/5507\/revisions"}],"predecessor-version":[{"id":5508,"href":"https:\/\/poolceramica.com\/index.php\/wp-json\/wp\/v2\/product\/5507\/revisions\/5508"}],"wp:featuredmedia":[{"embeddable":true,"href":"https:\/\/poolceramica.com\/index.php\/wp-json\/wp\/v2\/media\/5254"}],"wp:attachment":[{"href":"https:\/\/poolceramica.com\/index.php\/wp-json\/wp\/v2\/media?parent=5507"}],"wp:term":[{"taxonomy":"product_brand","embeddable":true,"href":"https:\/\/poolceramica.com\/index.php\/wp-json\/wp\/v2\/product_brand?post=5507"},{"taxonomy":"product_cat","embeddable":true,"href":"https:\/\/poolceramica.com\/index.php\/wp-json\/wp\/v2\/product_cat?post=5507"},{"taxonomy":"product_tag","embeddable":true,"href":"https:\/\/poolceramica.com\/index.php\/wp-json\/wp\/v2\/product_tag?post=5507"}],"curies":[{"name":"wp","href":"https:\/\/api.w.org\/{rel}","templated":true}]}}