{"id":5476,"date":"2024-05-10T12:18:20","date_gmt":"2024-05-10T12:18:20","guid":{"rendered":"https:\/\/poolceramica.com\/?post_type=product&#038;p=5476"},"modified":"2024-05-13T12:07:08","modified_gmt":"2024-05-13T12:07:08","slug":"margelle-droite-mistery-blue-stone-the-sea","status":"publish","type":"product","link":"https:\/\/poolceramica.com\/index.php\/produit\/margelle-droite-mistery-blue-stone-the-sea\/","title":{"rendered":"Margelle droite Mistery blue stone the sea"},"content":{"rendered":"\t\t<div data-elementor-type=\"wp-post\" data-elementor-id=\"5476\" class=\"elementor elementor-5476\">\n\t\t\t\t<div class=\"elementor-element elementor-element-e16a0b1 e-flex e-con-boxed e-con e-parent\" data-id=\"e16a0b1\" data-element_type=\"container\" data-e-type=\"container\" data-settings=\"{&quot;background_background&quot;:&quot;classic&quot;}\">\n\t\t\t\t\t<div class=\"e-con-inner\">\n\t\t\t\t<div class=\"elementor-element elementor-element-407293f elementor-widget__width-inherit wd-width-100 elementor-widget elementor-widget-wd_video\" data-id=\"407293f\" data-element_type=\"widget\" data-e-type=\"widget\" data-widget_type=\"wd_video.default\">\n\t\t\t\t<div class=\"elementor-widget-container\">\n\t\t\t\t\t\n\t\t<div class=\"wd-el-video wd-action-overlay wd-video-hosted wd-with-aspect-ratio\">\n\t\t\t\t\t\t\t<video data-lazy-load=\"https:\/\/poolceramica.com\/wp-content\/uploads\/2024\/05\/Mistery-blue-stone-1.mp4\" playsinline muted controls><\/video>\t\t\t\n\t\t\t\n\t\t\t\n\t\t\t\t\t\t\t<div class=\"wd-el-video-overlay wd-fill\">\n\t\t\t\t\t<img fetchpriority=\"high\" decoding=\"async\" width=\"1280\" height=\"720\" src=\"https:\/\/poolceramica.com\/wp-content\/uploads\/2024\/05\/Mistery-blue-stone-1-0-video-.jpg\" class=\"attachment-full size-full\" alt=\"\" \/>\t\t\t\t<\/div>\n\t\t\t\t<div class=\"wd-el-video-control color-scheme-light wd-fill\">\n\t\t\t\t\t<span class=\"wd-el-video-play-btn\"><\/span>\n\t\t\t\t\t\t\t\t\t<\/div>\n\n\t\t\t\t<a class=\"wd-el-video-link wd-el-video-btn-overlay wd-fill wd-el-video-hosted\" href=\"#69e4bfea3f926\"><\/a>\n\t\t\t\t\t<\/div>\n\t\t\t\t\t\t<\/div>\n\t\t\t\t<\/div>\n\t\t\t\t\t<\/div>\n\t\t\t\t<\/div>\n\t\t<div class=\"elementor-element elementor-element-c0102e7 e-flex e-con-boxed e-con e-parent\" data-id=\"c0102e7\" data-element_type=\"container\" data-e-type=\"container\">\n\t\t\t\t\t<div class=\"e-con-inner\">\n\t\t<div class=\"elementor-element elementor-element-84a5ee2 e-con-full e-flex e-con e-child\" data-id=\"84a5ee2\" data-element_type=\"container\" data-e-type=\"container\" data-settings=\"{&quot;background_background&quot;:&quot;classic&quot;}\">\n\t\t<div class=\"elementor-element elementor-element-4326b02 e-con-full e-flex e-con e-child\" data-id=\"4326b02\" data-element_type=\"container\" data-e-type=\"container\">\n\t\t\t\t<div class=\"elementor-element elementor-element-4c75a7a elementor-widget elementor-widget-wd_text_block\" data-id=\"4c75a7a\" data-element_type=\"widget\" data-e-type=\"widget\" data-widget_type=\"wd_text_block.default\">\n\t\t\t\t<div class=\"elementor-widget-container\">\n\t\t\t\t\t\t\t<div class=\"wd-text-block reset-last-child text-left\">\n\t\t\t\n\t\t\t<h4><strong>Cr\u00e9ez une ambiance m\u00e9diterran\u00e9enne avec le Mystery Blue Stone The Sea : l'\u00e9l\u00e9gance de la pierre bleue de Barcelone<\/strong><\/h4><p>Plongez dans l'ambiance envo\u00fbtante du Mystery Blue Stone The Sea, un carrelage piscine inspir\u00e9 par la pierre bleue de Barcelone pour recr\u00e9er l'atmosph\u00e8re rafra\u00eechissante de l'eau de mer. Sa teinte bleu myst\u00e9rieuse et sa texture naturelle ajoutent une touche m\u00e9diterran\u00e9enne \u00e0 votre espace aquatique, transformant votre piscine en un lieu d'\u00e9vasion estival. Offrez \u00e0 votre jardin une esth\u00e9tique sophistiqu\u00e9e avec le Mystery Blue Stone The Sea, id\u00e9al pour cr\u00e9er une atmosph\u00e8re c\u00f4ti\u00e8re authentique.<\/p>\n\t\t\t\t\t<\/div>\n\t\t\t\t\t\t<\/div>\n\t\t\t\t<\/div>\n\t\t\t\t<div class=\"elementor-element elementor-element-ca058ca elementor-widget elementor-widget-wd_image_or_svg\" data-id=\"ca058ca\" data-element_type=\"widget\" data-e-type=\"widget\" data-widget_type=\"wd_image_or_svg.default\">\n\t\t\t\t<div class=\"elementor-widget-container\">\n\t\t\t\t\t\n\t\t<div class=\"wd-image text-left\">\n\t\t\t\t\t\t\t\t<img decoding=\"async\" width=\"683\" height=\"683\" src=\"https:\/\/poolceramica.com\/wp-content\/uploads\/2024\/05\/Mistery-Blue-stone-683x683-logo-7.png\" class=\"attachment-full size-full\" alt=\"\" srcset=\"https:\/\/poolceramica.com\/wp-content\/uploads\/2024\/05\/Mistery-Blue-stone-683x683-logo-7.png 683w, https:\/\/poolceramica.com\/wp-content\/uploads\/2024\/05\/Mistery-Blue-stone-683x683-logo-7-300x300.png 300w, https:\/\/poolceramica.com\/wp-content\/uploads\/2024\/05\/Mistery-Blue-stone-683x683-logo-7-150x150.png 150w, https:\/\/poolceramica.com\/wp-content\/uploads\/2024\/05\/Mistery-Blue-stone-683x683-logo-7-430x430.png 430w\" sizes=\"(max-width: 683px) 100vw, 683px\" \/>\t\t\t\t\t<\/div>\n\n\t\t\t\t\t\t<\/div>\n\t\t\t\t<\/div>\n\t\t\t\t<\/div>\n\t\t<div class=\"elementor-element elementor-element-3e2ec63 e-con-full e-flex e-con e-child\" data-id=\"3e2ec63\" data-element_type=\"container\" data-e-type=\"container\">\n\t\t<div class=\"elementor-element elementor-element-274de91 e-con-full e-flex e-con e-child\" data-id=\"274de91\" data-element_type=\"container\" data-e-type=\"container\">\n\t\t\t\t<div class=\"elementor-element elementor-element-7f996f3 elementor-widget elementor-widget-wd_text_block\" data-id=\"7f996f3\" data-element_type=\"widget\" data-e-type=\"widget\" data-widget_type=\"wd_text_block.default\">\n\t\t\t\t<div class=\"elementor-widget-container\">\n\t\t\t\t\t\t\t<div class=\"wd-text-block reset-last-child text-left\">\n\t\t\t\n\t\t\t<h4><strong>D\u00e9couvrez le Mystery Blue Stone The Sea : une piscine inspir\u00e9e par la beaut\u00e9 de l'eau de mer<\/strong><\/h4><p>Plongez dans le monde marin avec le Mystery Blue Stone The Sea, un carrelage piscine qui \u00e9voque l'essence de l'eau de mer. Sa couleur bleue profonde et sa texture unique vous transportent vers les rivages m\u00e9diterran\u00e9ens, cr\u00e9ant ainsi une ambiance rafra\u00eechissante et apaisante dans votre jardin. Transformez votre espace aquatique en un coin de paradis estival avec le Mystery Blue Stone The Sea, parfait pour ceux qui r\u00eavent de vacances au bord de la mer.<\/p>\n\t\t\t\t\t<\/div>\n\t\t\t\t\t\t<\/div>\n\t\t\t\t<\/div>\n\t\t\t\t<\/div>\n\t\t<div class=\"elementor-element elementor-element-544a914 e-con-full e-flex e-con e-child\" data-id=\"544a914\" data-element_type=\"container\" data-e-type=\"container\">\n\t\t\t\t<div class=\"elementor-element elementor-element-37b901d elementor-widget elementor-widget-wd_text_block\" data-id=\"37b901d\" data-element_type=\"widget\" data-e-type=\"widget\" data-widget_type=\"wd_text_block.default\">\n\t\t\t\t<div class=\"elementor-widget-container\">\n\t\t\t\t\t\t\t<div class=\"wd-text-block reset-last-child text-left\">\n\t\t\t\n\t\t\t<h4><strong>Transformez votre piscine en oasis c\u00f4ti\u00e8re avec le Mystery Blue Stone The Sea : une esth\u00e9tique inspir\u00e9e par la mer<\/strong><\/h4><p>Red\u00e9finissez l'ambiance de votre espace piscine avec le Mystery Blue Stone The Sea, un rev\u00eatement qui capture la beaut\u00e9 de l'eau de mer. Inspir\u00e9 par la pierre bleue de Barcelone, ce carrelage apporte une touche m\u00e9diterran\u00e9enne \u00e9l\u00e9gante \u00e0 votre jardin. Plongez dans une atmosph\u00e8re marine avec ses nuances bleues sublimes et sa texture caract\u00e9ristique. Offrez \u00e0 votre espace ext\u00e9rieur une esth\u00e9tique c\u00f4ti\u00e8re exceptionnelle avec le Mystery Blue Stone The Sea, cr\u00e9ant ainsi une oasis relaxante o\u00f9 la mer rencontre la terre.<\/p>\n\t\t\t\t\t<\/div>\n\t\t\t\t\t\t<\/div>\n\t\t\t\t<\/div>\n\t\t\t\t<\/div>\n\t\t\t\t<\/div>\n\t\t\t\t<\/div>\n\t\t\t\t\t<\/div>\n\t\t\t\t<\/div>\n\t\t<div class=\"elementor-element elementor-element-c0fac79 e-flex e-con-boxed e-con e-parent\" data-id=\"c0fac79\" data-element_type=\"container\" data-e-type=\"container\">\n\t\t\t\t\t<div class=\"e-con-inner\">\n\t\t\t\t<div class=\"elementor-element elementor-element-3fda5a8 elementor-widget elementor-widget-wd_text_block\" data-id=\"3fda5a8\" data-element_type=\"widget\" data-e-type=\"widget\" data-widget_type=\"wd_text_block.default\">\n\t\t\t\t<div class=\"elementor-widget-container\">\n\t\t\t\t\t\t\t<div class=\"wd-text-block reset-last-child text-left\">\n\t\t\t\n\t\t\t<h4>Durabilit\u00e9, qualit\u00e9 et s\u00e9curit\u00e9<\/h4><p>Avec son classement C et PN24 en r\u00e9sistance \u00e0 la glissance, ce carrelage allie esth\u00e9tique et s\u00e9curit\u00e9. Sa durabilit\u00e9 exceptionnelle garantit une long\u00e9vit\u00e9 remarquable, tandis que sa qualit\u00e9 sup\u00e9rieure assure un investissement \u00e0 long terme pour votre espace piscine. Profitez de chaque instant en toute s\u00e9r\u00e9nit\u00e9, avec le carrelage Mistery blue stone the sea, synonyme de fiabilit\u00e9 et de confort au touch\u00e9.<\/p>\n\t\t\t\t\t<\/div>\n\t\t\t\t\t\t<\/div>\n\t\t\t\t<\/div>\n\t\t\t\t<div class=\"elementor-element elementor-element-89f3cf9 wd-width-100 elementor-widget elementor-widget-wd_images_gallery\" data-id=\"89f3cf9\" data-element_type=\"widget\" data-e-type=\"widget\" data-widget_type=\"wd_images_gallery.default\">\n\t\t\t\t<div class=\"elementor-widget-container\">\n\t\t\t\t\t\t\t<div class=\"wd-images-gallery photoswipe-images wd-carousel-container\" style=\"--wd-align-items:center; --wd-justify-content:center;\">\n\t\t\t\t\t\t\t<div class=\"wd-carousel-inner\">\n\t\t\t\t\t\t<div class=\"wd-carousel wd-grid\" data-scroll_per_page=\"yes\" style=\"--wd-col-lg:3;--wd-col-md:3;--wd-col-sm:1;--wd-gap-lg:30px;--wd-gap-sm:10px;\">\n\t\t\t\t\t\t\t\t\t<div class=\"wd-carousel-wrap\">\n\t\t\t\t\t\t\t\t\t\t\t\t\t\t\t\t\t\t<div class=\"wd-gallery-item wd-carousel-item\">\n\t\t\t\t\t\t\t\t\t\t\t\t\t<a  href=\"https:\/\/poolceramica.com\/wp-content\/uploads\/2024\/05\/L62_Mistery_Blue_Stone-removebg-preview.png\"data-width=\"594\" data-height=\"420\" data-index=\"1\" data-elementor-open-lightbox=\"no\">\n\t\t\t\t\t\t\n\t\t\t\t\t\t<img decoding=\"async\" src=\"https:\/\/poolceramica.com\/wp-content\/uploads\/2024\/05\/L62_Mistery_Blue_Stone-removebg-preview.png\"alt=\"L62_Mistery_Blue_Stone-removebg-preview\">\n\t\t\t\t\t\t\t\t\t\t\t\t\t<\/a>\n\t\t\t\t\t\t\t\t\t\t\t<\/div>\n\t\t\t\t\t\t\t\t\t\t\t\t\t\t\t<div class=\"wd-gallery-item wd-carousel-item\">\n\t\t\t\t\t\t\t\t\t\t\t\t\t<a  href=\"https:\/\/poolceramica.com\/wp-content\/uploads\/2024\/05\/ROSAGRES-Mistery-Blue-Stone-31x62.6-cm.png\"data-width=\"948\" data-height=\"1068\" data-index=\"2\" data-elementor-open-lightbox=\"no\">\n\t\t\t\t\t\t\n\t\t\t\t\t\t<img decoding=\"async\" src=\"https:\/\/poolceramica.com\/wp-content\/uploads\/2024\/05\/ROSAGRES-Mistery-Blue-Stone-31x62.6-cm.png\"alt=\"ROSAGRES - Mistery Blue Stone - 31x62.6 cm\">\n\t\t\t\t\t\t\t\t\t\t\t\t\t<\/a>\n\t\t\t\t\t\t\t\t\t\t\t<\/div>\n\t\t\t\t\t\t\t\t\t\t\t\t\t\t\t<div class=\"wd-gallery-item wd-carousel-item\">\n\t\t\t\t\t\t\t\t\t\t\t\t\t<a  href=\"https:\/\/poolceramica.com\/wp-content\/uploads\/2024\/05\/S62_Mistery_Blue_Stone-removebg-preview.png\"data-width=\"594\" data-height=\"420\" data-index=\"3\" data-elementor-open-lightbox=\"no\">\n\t\t\t\t\t\t\n\t\t\t\t\t\t<img decoding=\"async\" src=\"https:\/\/poolceramica.com\/wp-content\/uploads\/2024\/05\/S62_Mistery_Blue_Stone-removebg-preview.png\"alt=\"S62_Mistery_Blue_Stone-removebg-preview\">\n\t\t\t\t\t\t\t\t\t\t\t\t\t<\/a>\n\t\t\t\t\t\t\t\t\t\t\t<\/div>\n\t\t\t\t\t\t\t\t\t\t\t\t\t\t\t\t<\/div>\n\t\t\t\t\t\t\t\t<\/div>\n\t\t\t\t\t\t\t\t\t\t\t\t\t\t<div class=\"wd-nav-arrows wd-pos-sep wd-hover-1 wd-icon-1\">\n\t\t\t<div class=\"wd-btn-arrow wd-prev wd-disabled\">\n\t\t\t\t<div class=\"wd-arrow-inner\"><\/div>\n\t\t\t<\/div>\n\t\t\t<div class=\"wd-btn-arrow wd-next\">\n\t\t\t\t<div class=\"wd-arrow-inner\"><\/div>\n\t\t\t<\/div>\n\t\t<\/div>\n\t\t\t\t\t\t\n\t\t\t\t<\/div>\n\n\t\t\t\t\t\t\t\t\t\t\t\t\t<\/div>\n\t\t\t\t\t\t<\/div>\n\t\t\t\t<\/div>\n\t\t\t\t\t<\/div>\n\t\t\t\t<\/div>\n\t\t<div class=\"elementor-element elementor-element-f4efc73 e-con-full e-flex e-con e-parent\" data-id=\"f4efc73\" data-element_type=\"container\" data-e-type=\"container\">\n\t\t\t\t<div class=\"elementor-element elementor-element-06b41bd elementor-widget__width-inherit elementor-widget elementor-widget-stm_calc\" data-id=\"06b41bd\" data-element_type=\"widget\" data-e-type=\"widget\" data-widget_type=\"stm_calc.default\">\n\t\t\t\t<div class=\"elementor-widget-container\">\n\t\t\t\t\t<script type=\"text\/javascript\">window[\"ccb_front_template_4879\"] = [];<\/script>\n<div class=\"ccb-main-widget \" id=\"ccb_app_4879\" data-calc-id=\"4879\"><\/div>\n\t\t\t\t<\/div>\n\t\t\t\t<\/div>\n\t\t\t\t<\/div>\n\t\t\t\t<\/div>\n\t\t","protected":false},"excerpt":{"rendered":"<p>Margelle droite Mistery blue stone the sea\u00a0inspir\u00e9 par la pierre bleu de Barcelone, l\u00b4eau de la mer dans votre piscine.<\/p>\n","protected":false},"featured_media":5422,"comment_status":"open","ping_status":"closed","template":"","meta":{"csbAdvScrollBarCursor":"","_joinchat":[]},"product_brand":[],"product_cat":[21],"product_tag":[],"class_list":{"0":"post-5476","1":"product","2":"type-product","3":"status-publish","4":"has-post-thumbnail","6":"product_cat-margelle","8":"first","9":"instock","10":"taxable","11":"shipping-taxable","12":"purchasable","13":"product-type-simple"},"_links":{"self":[{"href":"https:\/\/poolceramica.com\/index.php\/wp-json\/wp\/v2\/product\/5476","targetHints":{"allow":["GET"]}}],"collection":[{"href":"https:\/\/poolceramica.com\/index.php\/wp-json\/wp\/v2\/product"}],"about":[{"href":"https:\/\/poolceramica.com\/index.php\/wp-json\/wp\/v2\/types\/product"}],"replies":[{"embeddable":true,"href":"https:\/\/poolceramica.com\/index.php\/wp-json\/wp\/v2\/comments?post=5476"}],"version-history":[{"count":5,"href":"https:\/\/poolceramica.com\/index.php\/wp-json\/wp\/v2\/product\/5476\/revisions"}],"predecessor-version":[{"id":5848,"href":"https:\/\/poolceramica.com\/index.php\/wp-json\/wp\/v2\/product\/5476\/revisions\/5848"}],"wp:featuredmedia":[{"embeddable":true,"href":"https:\/\/poolceramica.com\/index.php\/wp-json\/wp\/v2\/media\/5422"}],"wp:attachment":[{"href":"https:\/\/poolceramica.com\/index.php\/wp-json\/wp\/v2\/media?parent=5476"}],"wp:term":[{"taxonomy":"product_brand","embeddable":true,"href":"https:\/\/poolceramica.com\/index.php\/wp-json\/wp\/v2\/product_brand?post=5476"},{"taxonomy":"product_cat","embeddable":true,"href":"https:\/\/poolceramica.com\/index.php\/wp-json\/wp\/v2\/product_cat?post=5476"},{"taxonomy":"product_tag","embeddable":true,"href":"https:\/\/poolceramica.com\/index.php\/wp-json\/wp\/v2\/product_tag?post=5476"}],"curies":[{"name":"wp","href":"https:\/\/api.w.org\/{rel}","templated":true}]}}