{"id":5069,"date":"2024-05-04T13:42:29","date_gmt":"2024-05-04T13:42:29","guid":{"rendered":"https:\/\/poolceramica.com\/?post_type=product&#038;p=5069"},"modified":"2024-06-05T20:37:12","modified_gmt":"2024-06-05T20:37:12","slug":"carrelage-tresor-java-black-stone","status":"publish","type":"product","link":"https:\/\/poolceramica.com\/index.php\/produit\/carrelage-tresor-java-black-stone\/","title":{"rendered":"Carrelage Tresor Java Black Stone"},"content":{"rendered":"\t\t<div data-elementor-type=\"wp-post\" data-elementor-id=\"5069\" class=\"elementor elementor-5069\">\n\t\t\t\t<div class=\"elementor-element elementor-element-e16a0b1 e-flex e-con-boxed e-con e-parent\" data-id=\"e16a0b1\" data-element_type=\"container\" data-e-type=\"container\" data-settings=\"{&quot;background_background&quot;:&quot;classic&quot;}\">\n\t\t\t\t\t<div class=\"e-con-inner\">\n\t\t\t\t<div class=\"elementor-element elementor-element-407293f elementor-widget__width-inherit wd-width-100 elementor-widget elementor-widget-wd_video\" data-id=\"407293f\" data-element_type=\"widget\" data-e-type=\"widget\" data-widget_type=\"wd_video.default\">\n\t\t\t\t<div class=\"elementor-widget-container\">\n\t\t\t\t\t\n\t\t<div class=\"wd-el-video wd-action-overlay wd-video-hosted wd-with-aspect-ratio\">\n\t\t\t\t\t\t\t<video data-lazy-load=\"https:\/\/poolceramica.com\/wp-content\/uploads\/2024\/05\/Petite-piscine-carrelage-pierre-de-java-online-video-cutter.com_.mp4\" playsinline muted controls><\/video>\t\t\t\n\t\t\t\n\t\t\t\n\t\t\t\t\t\t\t<div class=\"wd-el-video-overlay wd-fill\">\n\t\t\t\t\t<img fetchpriority=\"high\" decoding=\"async\" width=\"1280\" height=\"720\" src=\"https:\/\/poolceramica.com\/wp-content\/uploads\/2024\/05\/Tresor-java-logo-6-.jpg\" class=\"attachment-full size-full\" alt=\"\" \/>\t\t\t\t<\/div>\n\t\t\t\t<div class=\"wd-el-video-control color-scheme-light wd-fill\">\n\t\t\t\t\t<span class=\"wd-el-video-play-btn\"><\/span>\n\t\t\t\t\t\t\t\t\t<\/div>\n\n\t\t\t\t<a class=\"wd-el-video-link wd-el-video-btn-overlay wd-fill wd-el-video-hosted\" href=\"#69e4be6270542\"><\/a>\n\t\t\t\t\t<\/div>\n\t\t\t\t\t\t<\/div>\n\t\t\t\t<\/div>\n\t\t\t\t\t<\/div>\n\t\t\t\t<\/div>\n\t\t<div class=\"elementor-element elementor-element-c0102e7 e-flex e-con-boxed e-con e-parent\" data-id=\"c0102e7\" data-element_type=\"container\" data-e-type=\"container\">\n\t\t\t\t\t<div class=\"e-con-inner\">\n\t\t<div class=\"elementor-element elementor-element-84a5ee2 e-con-full e-flex e-con e-child\" data-id=\"84a5ee2\" data-element_type=\"container\" data-e-type=\"container\" data-settings=\"{&quot;background_background&quot;:&quot;classic&quot;}\">\n\t\t<div class=\"elementor-element elementor-element-4326b02 e-con-full e-flex e-con e-child\" data-id=\"4326b02\" data-element_type=\"container\" data-e-type=\"container\">\n\t\t\t\t<div class=\"elementor-element elementor-element-4c75a7a elementor-widget elementor-widget-wd_text_block\" data-id=\"4c75a7a\" data-element_type=\"widget\" data-e-type=\"widget\" data-widget_type=\"wd_text_block.default\">\n\t\t\t\t<div class=\"elementor-widget-container\">\n\t\t\t\t\t\t\t<div class=\"wd-text-block reset-last-child text-left\">\n\t\t\t\n\t\t\t<h4>D\u00e9couvrez le Black Java Stone : un carrelage piscine inspir\u00e9 par la pierre de lave noire de Java<\/h4><p>Plongez dans l'univers captivant du Black Java Stone, un carrelage piscine qui \u00e9voque la beaut\u00e9 naturelle de la pierre de lave noire de Java en Indon\u00e9sie. Sa r\u00e9sistance exceptionnelle et son esth\u00e9tique saisissante en font un choix id\u00e9al pour transformer votre piscine en un espace contemporain et sophistiqu\u00e9. Explorez la fusion entre modernit\u00e9 et tradition avec ce rev\u00eatement unique, cr\u00e9ant ainsi une ambiance exclusive dans votre jardin.<\/p>\n\t\t\t\t\t<\/div>\n\t\t\t\t\t\t<\/div>\n\t\t\t\t<\/div>\n\t\t\t\t<div class=\"elementor-element elementor-element-9d0ce10 elementor-widget elementor-widget-wd_image_or_svg\" data-id=\"9d0ce10\" data-element_type=\"widget\" data-e-type=\"widget\" data-widget_type=\"wd_image_or_svg.default\">\n\t\t\t\t<div class=\"elementor-widget-container\">\n\t\t\t\t\t\n\t\t<div class=\"wd-image text-left\">\n\t\t\t\t\t\t\t\t<img decoding=\"async\" width=\"683\" height=\"683\" src=\"https:\/\/poolceramica.com\/wp-content\/uploads\/2024\/05\/17165492001-piscina-privada-valencia-spain-piscinas-1-683x683-logo.png\" class=\"attachment-full size-full\" alt=\"Carrelage noir Tr\u00e9sor Black Java pour piscine\" srcset=\"https:\/\/poolceramica.com\/wp-content\/uploads\/2024\/05\/17165492001-piscina-privada-valencia-spain-piscinas-1-683x683-logo.png 683w, https:\/\/poolceramica.com\/wp-content\/uploads\/2024\/05\/17165492001-piscina-privada-valencia-spain-piscinas-1-683x683-logo-300x300.png 300w, https:\/\/poolceramica.com\/wp-content\/uploads\/2024\/05\/17165492001-piscina-privada-valencia-spain-piscinas-1-683x683-logo-150x150.png 150w, https:\/\/poolceramica.com\/wp-content\/uploads\/2024\/05\/17165492001-piscina-privada-valencia-spain-piscinas-1-683x683-logo-430x430.png 430w\" sizes=\"(max-width: 683px) 100vw, 683px\" \/>\t\t\t\t\t<\/div>\n\n\t\t\t\t\t\t<\/div>\n\t\t\t\t<\/div>\n\t\t\t\t<\/div>\n\t\t<div class=\"elementor-element elementor-element-3e2ec63 e-con-full e-flex e-con e-child\" data-id=\"3e2ec63\" data-element_type=\"container\" data-e-type=\"container\">\n\t\t<div class=\"elementor-element elementor-element-274de91 e-con-full e-flex e-con e-child\" data-id=\"274de91\" data-element_type=\"container\" data-e-type=\"container\">\n\t\t\t\t<div class=\"elementor-element elementor-element-7f996f3 elementor-widget elementor-widget-wd_text_block\" data-id=\"7f996f3\" data-element_type=\"widget\" data-e-type=\"widget\" data-widget_type=\"wd_text_block.default\">\n\t\t\t\t<div class=\"elementor-widget-container\">\n\t\t\t\t\t\t\t<div class=\"wd-text-block reset-last-child text-left\">\n\t\t\t\n\t\t\t<h4>Black Java Stone : l'alliance parfaite entre modernit\u00e9 et tradition pour votre espace aquatique<\/h4><p>Le carrelage Black Java Stone incarne l'\u00e9l\u00e9gance intemporelle inspir\u00e9e par les formations rocheuses spectaculaires de Java. Avec sa couleur profonde et sa texture \u00e9l\u00e9gante, ce rev\u00eatement sublimera votre piscine en lui conf\u00e9rant un style authentique et contemporain. Optez pour la durabilit\u00e9 et le raffinement avec le Black Java Stone, un choix esth\u00e9tique qui red\u00e9finit le luxe dans votre jardin.<\/p>\n\t\t\t\t\t<\/div>\n\t\t\t\t\t\t<\/div>\n\t\t\t\t<\/div>\n\t\t\t\t<\/div>\n\t\t<div class=\"elementor-element elementor-element-544a914 e-con-full e-flex e-con e-child\" data-id=\"544a914\" data-element_type=\"container\" data-e-type=\"container\">\n\t\t\t\t<div class=\"elementor-element elementor-element-37b901d elementor-widget elementor-widget-wd_text_block\" data-id=\"37b901d\" data-element_type=\"widget\" data-e-type=\"widget\" data-widget_type=\"wd_text_block.default\">\n\t\t\t\t<div class=\"elementor-widget-container\">\n\t\t\t\t\t\t\t<div class=\"wd-text-block reset-last-child text-left\">\n\t\t\t\n\t\t\t<h4>Cr\u00e9ez une oasis contemporaine avec le Black Java Stone : qualit\u00e9 artisanale et design raffin\u00e9<\/h4><p>Transformez votre espace aquatique en un v\u00e9ritable chef-d'\u0153uvre architectural avec le Black Java Stone. Chaque dalle de ce carrelage incarne l'excellence et la sophistication, inspir\u00e9e par la beaut\u00e9 naturelle de l'Indon\u00e9sie. Offrez \u00e0 votre piscine une allure exclusive et prestigieuse gr\u00e2ce \u00e0 ce rev\u00eatement de haute qualit\u00e9. Choisissez le Black Java Stone pour une exp\u00e9rience de vie exclusive, o\u00f9 le charme de Java s'invite dans votre quotidien.<\/p>\n\t\t\t\t\t<\/div>\n\t\t\t\t\t\t<\/div>\n\t\t\t\t<\/div>\n\t\t\t\t<\/div>\n\t\t\t\t<\/div>\n\t\t\t\t<\/div>\n\t\t\t\t\t<\/div>\n\t\t\t\t<\/div>\n\t\t<div class=\"elementor-element elementor-element-c0fac79 e-flex e-con-boxed e-con e-parent\" data-id=\"c0fac79\" data-element_type=\"container\" data-e-type=\"container\">\n\t\t\t\t\t<div class=\"e-con-inner\">\n\t\t\t\t<div class=\"elementor-element elementor-element-89f3cf9 wd-width-100 elementor-widget elementor-widget-wd_images_gallery\" data-id=\"89f3cf9\" data-element_type=\"widget\" data-e-type=\"widget\" data-widget_type=\"wd_images_gallery.default\">\n\t\t\t\t<div class=\"elementor-widget-container\">\n\t\t\t\t\t\t\t<div class=\"wd-images-gallery photoswipe-images wd-carousel-container\" style=\"--wd-align-items:center; --wd-justify-content:center;\">\n\t\t\t\t\t\t\t<div class=\"wd-carousel-inner\">\n\t\t\t\t\t\t<div class=\"wd-carousel wd-grid\" data-scroll_per_page=\"yes\" style=\"--wd-col-lg:3;--wd-col-md:3;--wd-col-sm:1;--wd-gap-lg:30px;--wd-gap-sm:10px;\">\n\t\t\t\t\t\t\t\t\t<div class=\"wd-carousel-wrap\">\n\t\t\t\t\t\t\t\t\t\t\t\t\t\t\t\t\t\t<div class=\"wd-gallery-item wd-carousel-item\">\n\t\t\t\t\t\t\t\t\t\t\t\t\t<a  href=\"https:\/\/poolceramica.com\/wp-content\/uploads\/2024\/05\/L62_Java__1_-transparent-.png\"data-width=\"594\" data-height=\"420\" data-index=\"1\" data-elementor-open-lightbox=\"no\">\n\t\t\t\t\t\t\n\t\t\t\t\t\t<img decoding=\"async\" src=\"https:\/\/poolceramica.com\/wp-content\/uploads\/2024\/05\/L62_Java__1_-transparent-.png\"alt=\"L62_Java__1_-transparent\">\n\t\t\t\t\t\t\t\t\t\t\t\t\t<\/a>\n\t\t\t\t\t\t\t\t\t\t\t<\/div>\n\t\t\t\t\t\t\t\t\t\t\t\t\t\t\t<div class=\"wd-gallery-item wd-carousel-item\">\n\t\t\t\t\t\t\t\t\t\t\t\t\t<a  href=\"https:\/\/poolceramica.com\/wp-content\/uploads\/2024\/05\/ROSAGRES-Tresor-java-31x62.6-cm.png\"data-width=\"980\" data-height=\"935\" data-index=\"2\" data-elementor-open-lightbox=\"no\">\n\t\t\t\t\t\t\n\t\t\t\t\t\t<img decoding=\"async\" src=\"https:\/\/poolceramica.com\/wp-content\/uploads\/2024\/05\/ROSAGRES-Tresor-java-31x62.6-cm.png\"alt=\"Carrelage noir Tr\u00e9sor Black Java pour piscine\">\n\t\t\t\t\t\t\t\t\t\t\t\t\t<\/a>\n\t\t\t\t\t\t\t\t\t\t\t<\/div>\n\t\t\t\t\t\t\t\t\t\t\t\t\t\t\t\t<\/div>\n\t\t\t\t\t\t\t\t<\/div>\n\t\t\t\t\t\t\t\t\t\t\t\t\t\t<div class=\"wd-nav-arrows wd-pos-sep wd-hover-1 wd-icon-1\">\n\t\t\t<div class=\"wd-btn-arrow wd-prev wd-disabled\">\n\t\t\t\t<div class=\"wd-arrow-inner\"><\/div>\n\t\t\t<\/div>\n\t\t\t<div class=\"wd-btn-arrow wd-next\">\n\t\t\t\t<div class=\"wd-arrow-inner\"><\/div>\n\t\t\t<\/div>\n\t\t<\/div>\n\t\t\t\t\t\t\n\t\t\t\t<\/div>\n\n\t\t\t\t\t\t\t\t\t\t\t\t\t<\/div>\n\t\t\t\t\t\t<\/div>\n\t\t\t\t<\/div>\n\t\t\t\t<div class=\"elementor-element elementor-element-3fda5a8 elementor-widget elementor-widget-wd_text_block\" data-id=\"3fda5a8\" data-element_type=\"widget\" data-e-type=\"widget\" data-widget_type=\"wd_text_block.default\">\n\t\t\t\t<div class=\"elementor-widget-container\">\n\t\t\t\t\t\t\t<div class=\"wd-text-block reset-last-child text-left\">\n\t\t\t\n\t\t\t<h4>Durabilit\u00e9, qualit\u00e9 et s\u00e9curit\u00e9<\/h4><p>Avec son classement C et PN24 en r\u00e9sistance \u00e0 la glissance, ce carrelage allie esth\u00e9tique et s\u00e9curit\u00e9. Sa durabilit\u00e9 exceptionnelle garantit une long\u00e9vit\u00e9 remarquable, tandis que sa qualit\u00e9 sup\u00e9rieure assure un investissement \u00e0 long terme pour votre espace piscine. Profitez de chaque instant en toute s\u00e9r\u00e9nit\u00e9, avec le carrelage Black Java Stone, synonyme de fiabilit\u00e9 et de confort au touch\u00e9.<\/p>\n\t\t\t\t\t<\/div>\n\t\t\t\t\t\t<\/div>\n\t\t\t\t<\/div>\n\t\t\t\t\t<\/div>\n\t\t\t\t<\/div>\n\t\t<div class=\"elementor-element elementor-element-f5d762c e-flex e-con-boxed e-con e-parent\" data-id=\"f5d762c\" data-element_type=\"container\" data-e-type=\"container\">\n\t\t\t\t\t<div class=\"e-con-inner\">\n\t\t\t\t<div class=\"elementor-element elementor-element-827938a elementor-widget elementor-widget-stm_calc\" data-id=\"827938a\" data-element_type=\"widget\" data-e-type=\"widget\" data-widget_type=\"stm_calc.default\">\n\t\t\t\t<div class=\"elementor-widget-container\">\n\t\t\t\t\t<script type=\"text\/javascript\">window[\"ccb_front_template_4912\"] = [];<\/script>\n<div class=\"ccb-main-widget \" id=\"ccb_app_4912\" data-calc-id=\"4912\"><\/div>\n\t\t\t\t<\/div>\n\t\t\t\t<\/div>\n\t\t\t\t\t<\/div>\n\t\t\t\t<\/div>\n\t\t\t\t<\/div>\n\t\t","protected":false},"excerpt":{"rendered":"<p>Le carrelage Tresor java black Stone reproduit fid\u00e8lement l\u00b4aspect de la pierre de lave indon\u00e9sienne.<\/p>\n<p>la beaut\u00e9 de la pierre de Java avec la durabilit\u00e9\u00a0 du mat\u00e9riaux gr\u00e8s c\u00e9rame.<\/p>\n","protected":false},"featured_media":6621,"comment_status":"open","ping_status":"closed","template":"","meta":{"csbAdvScrollBarCursor":"","_joinchat":[]},"product_brand":[],"product_cat":[20],"product_tag":[],"class_list":{"0":"post-5069","1":"product","2":"type-product","3":"status-publish","4":"has-post-thumbnail","6":"product_cat-carrelage-piscine","8":"first","9":"instock","10":"taxable","11":"shipping-taxable","12":"purchasable","13":"product-type-simple"},"_links":{"self":[{"href":"https:\/\/poolceramica.com\/index.php\/wp-json\/wp\/v2\/product\/5069","targetHints":{"allow":["GET"]}}],"collection":[{"href":"https:\/\/poolceramica.com\/index.php\/wp-json\/wp\/v2\/product"}],"about":[{"href":"https:\/\/poolceramica.com\/index.php\/wp-json\/wp\/v2\/types\/product"}],"replies":[{"embeddable":true,"href":"https:\/\/poolceramica.com\/index.php\/wp-json\/wp\/v2\/comments?post=5069"}],"version-history":[{"count":31,"href":"https:\/\/poolceramica.com\/index.php\/wp-json\/wp\/v2\/product\/5069\/revisions"}],"predecessor-version":[{"id":6903,"href":"https:\/\/poolceramica.com\/index.php\/wp-json\/wp\/v2\/product\/5069\/revisions\/6903"}],"wp:featuredmedia":[{"embeddable":true,"href":"https:\/\/poolceramica.com\/index.php\/wp-json\/wp\/v2\/media\/6621"}],"wp:attachment":[{"href":"https:\/\/poolceramica.com\/index.php\/wp-json\/wp\/v2\/media?parent=5069"}],"wp:term":[{"taxonomy":"product_brand","embeddable":true,"href":"https:\/\/poolceramica.com\/index.php\/wp-json\/wp\/v2\/product_brand?post=5069"},{"taxonomy":"product_cat","embeddable":true,"href":"https:\/\/poolceramica.com\/index.php\/wp-json\/wp\/v2\/product_cat?post=5069"},{"taxonomy":"product_tag","embeddable":true,"href":"https:\/\/poolceramica.com\/index.php\/wp-json\/wp\/v2\/product_tag?post=5069"}],"curies":[{"name":"wp","href":"https:\/\/api.w.org\/{rel}","templated":true}]}}