{"id":6928,"date":"2024-06-11T17:21:17","date_gmt":"2024-06-11T17:21:17","guid":{"rendered":"https:\/\/poolceramica.com\/?page_id=6928"},"modified":"2024-06-12T20:13:30","modified_gmt":"2024-06-12T20:13:30","slug":"comment-calculer-le-carrelage-margelle-et-nez-de-marche-pour-piscine","status":"publish","type":"page","link":"https:\/\/poolceramica.com\/index.php\/comment-calculer-le-carrelage-margelle-et-nez-de-marche-pour-piscine\/","title":{"rendered":"Comment calculer le carrelage, margelle et nez de marche pour piscine"},"content":{"rendered":"\t\t<div data-elementor-type=\"wp-page\" data-elementor-id=\"6928\" class=\"elementor elementor-6928\">\n\t\t\t\t<div class=\"elementor-element elementor-element-39a4abb e-flex e-con-boxed e-con e-parent\" data-id=\"39a4abb\" data-element_type=\"container\" data-e-type=\"container\">\n\t\t\t\t\t<div class=\"e-con-inner\">\n\t\t\t\t<div class=\"elementor-element elementor-element-3bffd32 wd-width-100 elementor-widget elementor-widget-wd_title\" data-id=\"3bffd32\" data-element_type=\"widget\" data-e-type=\"widget\" data-widget_type=\"wd_title.default\">\n\t\t\t\t<div class=\"elementor-widget-container\">\n\t\t\t\t\t\t\t<div class=\"title-wrapper set-mb-s reset-last-child wd-title-color-default wd-title-style-default wd-title-size-default text-center\">\n\n\t\t\t\n\t\t\t<div class=\"liner-continer\">\n\t\t\t\t<h4 class=\"woodmart-title-container title wd-fontsize-l\">Comment calculer la surface de carrelage et le nombre de pi\u00e8ces de margelle et nez de marche pour une piscine <\/h4> \n\t\t\t\t\t\t\t<\/div>\n\n\t\t\t\t\t<\/div>\n\t\t\t\t\t\t<\/div>\n\t\t\t\t<\/div>\n\t\t\t\t\t<\/div>\n\t\t\t\t<\/div>\n\t\t<div class=\"elementor-element elementor-element-cc878f3 e-flex e-con-boxed e-con e-parent\" data-id=\"cc878f3\" data-element_type=\"container\" data-e-type=\"container\">\n\t\t\t\t\t<div class=\"e-con-inner\">\n\t\t\t\t<div class=\"elementor-element elementor-element-ec70588 elementor-widget elementor-widget-stm_calc\" data-id=\"ec70588\" data-element_type=\"widget\" data-e-type=\"widget\" data-widget_type=\"stm_calc.default\">\n\t\t\t\t<div class=\"elementor-widget-container\">\n\t\t\t\t\t<script type=\"text\/javascript\">window[\"ccb_front_template_6927\"] = [];<\/script>\n<div class=\"ccb-main-widget \" id=\"ccb_app_6927\" data-calc-id=\"6927\"><\/div>\n\t\t\t\t<\/div>\n\t\t\t\t<\/div>\n\t\t\t\t\t<\/div>\n\t\t\t\t<\/div>\n\t\t<div class=\"elementor-element elementor-element-49fc986 e-flex e-con-boxed e-con e-parent\" data-id=\"49fc986\" data-element_type=\"container\" data-e-type=\"container\">\n\t\t\t\t\t<div class=\"e-con-inner\">\n\t\t\t\t<div class=\"elementor-element elementor-element-1e3840a elementor-widget elementor-widget-wd_text_block\" data-id=\"1e3840a\" data-element_type=\"widget\" data-e-type=\"widget\" data-widget_type=\"wd_text_block.default\">\n\t\t\t\t<div class=\"elementor-widget-container\">\n\t\t\t\t\t\t\t<div class=\"wd-text-block reset-last-child text-left\">\n\t\t\t\n\t\t\t<h2>Calculateur de Carrelage pour Piscine : Surface, Margelle, et Nez de Marche<\/h2><p>Que vous soyez en train de planifier une nouvelle piscine ou une r\u00e9novation, notre calculateur de carrelage de piscine est l'outil parfait pour vous aider \u00e0 estimer la quantit\u00e9 de carrelage dont vous avez besoin. Utilisez-le pour calculer la surface en m\u00b2, le nombre de pi\u00e8ces de margelle, et les nez de marche n\u00e9cessaires pour votre projet.<\/p><h3>Pourquoi Choisir Notre Calculateur de Carrelage pour Piscine ?<\/h3><h4>Facilit\u00e9 d'utilisation<\/h4><p>Notre calculateur est simple et intuitif. En quelques clics, obtenez une estimation des mat\u00e9riaux n\u00e9cessaires pour votre piscine.<\/p><h4>Pr\u00e9cision et Int\u00e9gration des Chutes<\/h4><p>Notre outil prend en compte toutes les sp\u00e9cificit\u00e9s de votre projet ainsi que vos choix concernant les pi\u00e8ces de finition et les chutes n\u00e9cessaires (n'oubliez pas de cocher les cases qui permettent de les int\u00e9grer).<\/p><h4>Quantit\u00e9 Optimis\u00e9e pour Terminer le Chantier<\/h4><p>Notre calculateur n'est pas con\u00e7u pour calculer \u00e0 la pi\u00e8ce pr\u00e8s, mais plut\u00f4t pour fournir une estimation qui permet de finir le chantier sans avoir \u00e0 recommander des mat\u00e9riaux suppl\u00e9mentaires comme le ferait un professionnel. Vous aurez \u00e9galement un peu de marge suppl\u00e9mentaire que vous pourrez stocker pour couvrir d'\u00e9ventuelles reprises ou r\u00e9parations futures.<\/p><h4>Gain de Temps et d'Argent<\/h4><p>En utilisant notre calculateur, \u00e9vitez les erreurs co\u00fbteuses et \u00e9conomisez du temps en obtenant imm\u00e9diatement les quantit\u00e9s pr\u00e9cises de carrelage, de margelles et de nez de marche.<\/p><h3>Comment Utiliser Notre Calculateur de Carrelage pour Piscine<\/h3><ol><li><strong>Mesurez Votre Piscine<\/strong>: Prenez les dimensions exactes de votre piscine, y compris la longueur, la largeur, et la profondeur.<\/li><li><strong>Entrez les Donn\u00e9es<\/strong>: Ins\u00e9rez les dimensions dans notre calculateur de carrelage pour piscine.<\/li><li><strong>Obtenez Votre R\u00e9sultat<\/strong>: Le calculateur vous fournira imm\u00e9diatement la surface totale en m\u00b2, ainsi que le nombre de pi\u00e8ces de margelle et de nez de marche n\u00e9cessaires.<\/li><\/ol><h3>Exemples de Calcul de Carrelage pour Piscine<\/h3><h4>Surface de Carrelage<\/h4><p>Pour une piscine de 10m de longueur, 5m de largeur et 1,5m de profondeur, notre calculateur estime une surface totale de carrelage de 75m\u00b2.<\/p><h4>Nombre de Pi\u00e8ces de Margelle<\/h4><p>En fonction des dimensions de votre piscine, notre outil vous indiquera le nombre exact de pi\u00e8ces de margelle n\u00e9cessaires pour entourer votre piscine.<\/p><h4>Nez de Marche<\/h4><p>Si votre piscine inclut des escaliers, notre calculateur vous aidera \u00e0 d\u00e9terminer le nombre exact de nez de marche requis pour une finition parfaite.<\/p><h3>Pourquoi Opter pour Nos Carrelages de Piscine ?<\/h3><p>Nos carrelages sont sp\u00e9cialement con\u00e7us pour les piscines. Ils sont r\u00e9sistants, antid\u00e9rapants et disponibles dans une vari\u00e9t\u00e9 de styles et de couleurs pour s\u2019adapter \u00e0 toutes vos envies. De plus, nos margelles et nez de marche sont fabriqu\u00e9s pour assurer une s\u00e9curit\u00e9 maximale tout en ajoutant une touche esth\u00e9tique \u00e0 votre piscine.<\/p><h3>Conclusion<\/h3><p>Planifiez votre projet de piscine avec confiance gr\u00e2ce \u00e0 notre calculateur de carrelage. Que ce soit pour la surface, les margelles ou les nez de marche, notre outil vous garantit des r\u00e9sultats pr\u00e9cis et fiables, incluant les chutes n\u00e9cessaires pour \u00e9viter les surprises. Commencez d\u00e8s aujourd'hui et transformez votre espace piscine avec nos carrelages de haute qualit\u00e9.<\/p>\n\t\t\t\t\t<\/div>\n\t\t\t\t\t\t<\/div>\n\t\t\t\t<\/div>\n\t\t\t\t\t<\/div>\n\t\t\t\t<\/div>\n\t\t\t\t<\/div>\n\t\t","protected":false},"excerpt":{"rendered":"<p>Comment calculer la surface de carrelage et le nombre de pi\u00e8ces de margelle et nez de marche pour une piscine<\/p>\n","protected":false},"author":1,"featured_media":0,"parent":0,"menu_order":0,"comment_status":"closed","ping_status":"closed","template":"","meta":{"csbAdvScrollBarCursor":"","_joinchat":[],"footnotes":""},"class_list":["post-6928","page","type-page","status-publish","hentry"],"_links":{"self":[{"href":"https:\/\/poolceramica.com\/index.php\/wp-json\/wp\/v2\/pages\/6928","targetHints":{"allow":["GET"]}}],"collection":[{"href":"https:\/\/poolceramica.com\/index.php\/wp-json\/wp\/v2\/pages"}],"about":[{"href":"https:\/\/poolceramica.com\/index.php\/wp-json\/wp\/v2\/types\/page"}],"author":[{"embeddable":true,"href":"https:\/\/poolceramica.com\/index.php\/wp-json\/wp\/v2\/users\/1"}],"replies":[{"embeddable":true,"href":"https:\/\/poolceramica.com\/index.php\/wp-json\/wp\/v2\/comments?post=6928"}],"version-history":[{"count":17,"href":"https:\/\/poolceramica.com\/index.php\/wp-json\/wp\/v2\/pages\/6928\/revisions"}],"predecessor-version":[{"id":6949,"href":"https:\/\/poolceramica.com\/index.php\/wp-json\/wp\/v2\/pages\/6928\/revisions\/6949"}],"wp:attachment":[{"href":"https:\/\/poolceramica.com\/index.php\/wp-json\/wp\/v2\/media?parent=6928"}],"curies":[{"name":"wp","href":"https:\/\/api.w.org\/{rel}","templated":true}]}}