{"id":6866,"date":"2024-06-02T08:04:23","date_gmt":"2024-06-02T08:04:23","guid":{"rendered":"https:\/\/poolceramica.com\/?page_id=6866"},"modified":"2024-06-12T19:31:21","modified_gmt":"2024-06-12T19:31:21","slug":"calculateur-de-produit-de-mise-en-oeuvre","status":"publish","type":"page","link":"https:\/\/poolceramica.com\/index.php\/calculateur-de-produit-de-mise-en-oeuvre\/","title":{"rendered":"Calculateur de produit de mise en \u0153uvre"},"content":{"rendered":"\t\t<div data-elementor-type=\"wp-page\" data-elementor-id=\"6866\" class=\"elementor elementor-6866\">\n\t\t\t\t<div class=\"elementor-element elementor-element-20a64ef e-flex e-con-boxed e-con e-parent\" data-id=\"20a64ef\" data-element_type=\"container\" data-e-type=\"container\">\n\t\t\t\t\t<div class=\"e-con-inner\">\n\t\t\t\t<div class=\"elementor-element elementor-element-fa796c4 wd-width-100 elementor-widget elementor-widget-wd_title\" data-id=\"fa796c4\" data-element_type=\"widget\" data-e-type=\"widget\" data-widget_type=\"wd_title.default\">\n\t\t\t\t<div class=\"elementor-widget-container\">\n\t\t\t\t\t\t\t<div class=\"title-wrapper set-mb-s reset-last-child wd-title-color-default wd-title-style-simple wd-title-size-default text-center\">\n\n\t\t\t\n\t\t\t<div class=\"liner-continer\">\n\t\t\t\t<h4 class=\"woodmart-title-container title wd-fontsize-l\">Calculateur de produits de mise en \u0153uvre<\/h4> \n\t\t\t\t\t\t\t<\/div>\n\n\t\t\t\t\t\t\t<div class=\"title-after_title set-cont-mb-s reset-last-child wd-fontsize-xs\">\n\t\t\t\t\t<p>calculer la totalit\u00e9 des produits de mise en \u0153uvre pour r\u00e9aliser\u00a0 votre piscine\u00a0<\/p>\t\t\t\t<\/div>\n\t\t\t\t\t<\/div>\n\t\t\t\t\t\t<\/div>\n\t\t\t\t<\/div>\n\t\t\t\t\t<\/div>\n\t\t\t\t<\/div>\n\t\t<div class=\"elementor-element elementor-element-bc7214c e-flex e-con-boxed e-con e-parent\" data-id=\"bc7214c\" data-element_type=\"container\" data-e-type=\"container\">\n\t\t\t\t\t<div class=\"e-con-inner\">\n\t\t\t\t<div class=\"elementor-element elementor-element-4fe8641 elementor-widget elementor-widget-stm_calc\" data-id=\"4fe8641\" data-element_type=\"widget\" data-e-type=\"widget\" data-widget_type=\"stm_calc.default\">\n\t\t\t\t<div class=\"elementor-widget-container\">\n\t\t\t\t\t<script type=\"text\/javascript\">window[\"ccb_front_template_6871\"] = [];<\/script>\n<div class=\"ccb-main-widget \" id=\"ccb_app_6871\" data-calc-id=\"6871\"><\/div>\n\t\t\t\t<\/div>\n\t\t\t\t<\/div>\n\t\t\t\t\t<\/div>\n\t\t\t\t<\/div>\n\t\t<div class=\"elementor-element elementor-element-484c6a1 e-flex e-con-boxed e-con e-parent\" data-id=\"484c6a1\" data-element_type=\"container\" data-e-type=\"container\">\n\t\t\t\t\t<div class=\"e-con-inner\">\n\t\t\t\t<div class=\"elementor-element elementor-element-056878e elementor-widget elementor-widget-wd_text_block\" data-id=\"056878e\" data-element_type=\"widget\" data-e-type=\"widget\" data-widget_type=\"wd_text_block.default\">\n\t\t\t\t<div class=\"elementor-widget-container\">\n\t\t\t\t\t\t\t<div class=\"wd-text-block reset-last-child text-left\">\n\t\t\t\n\t\t\t<h3>Optimisez Votre Projet Piscine avec Notre Calculateur de Co\u00fbts<\/h3><p>Vous r\u00eavez de construire une piscine carrel\u00e9e et cherchez \u00e0 estimer pr\u00e9cis\u00e9ment les quantit\u00e9s de produits n\u00e9cessaires \u00e0 sa r\u00e9alisation ? Bienvenue sur <strong>Poolceramica<\/strong>, votre sp\u00e9cialiste en carrelage et produits de mise en \u0153uvre pour piscines. Notre calculateur vous aide \u00e0 planifier votre projet en tenant compte de chaque d\u00e9tail, pour un r\u00e9sultat professionnel, durable et haut de gamme.<\/p><h4>Pourquoi Utiliser Notre Calculateur ?<\/h4><p>Notre outil de calcul est con\u00e7u pour offrir une estimation pr\u00e9cise des quantit\u00e9s de produits n\u00e9cessaires en fonction des dimensions sp\u00e9cifiques de votre piscine. Voici ce que notre calculateur prend en compte :<\/p><h5>\u00c9tanch\u00e9it\u00e9 autour des pi\u00e8ces \u00e0 sceller<\/h5><p>Assurez-vous que chaque pi\u00e8ce \u00e0 sceller soit parfaitement \u00e9tanche pour \u00e9viter toute fuite d'eau.<\/p><h5>Enduit de redressage (ou enduit de cuvelage)<\/h5><p>Corrigez et pr\u00e9parez les surfaces pour avoir une surface pr\u00eate \u00e0 recevoir un de nos carrelages.<\/p><h5>\u00c9tanch\u00e9it\u00e9 sous carrelage<\/h5><p>Garantissez une protection \u00e0 l\u2019eau de votre structure et palliez aux microfissures qui peuvent appara\u00eetre sous votre carrelage (le carrelage et les joints ne sont pas une \u00e9tanch\u00e9it\u00e9).<\/p><h5>Joints de carrelage<\/h5><p>Obtenez une finition impeccable et durable avec des joints adapt\u00e9s \u00e0 votre projet.<\/p><p>Nos produits de mise en \u0153uvre sont tr\u00e8s sp\u00e9cialis\u00e9s dans l\u2019activit\u00e9 de la construction de piscine. Ils sont utilis\u00e9s sur les projets les plus haut de gamme dans cette activit\u00e9 par les professionnels.<\/p><p>Pour des projets complexes, ou si vous avez besoin de pallier \u00e0 des d\u00e9sordres ou si vous souhaitez avoir un accompagnement ou des renseignements, n\u2019h\u00e9sitez pas \u00e0 nous contacter \u00e0 travers notre <a target=\"_new\" rel=\"noreferrer\">formulaire de contact<\/a>.<\/p><h4>Comment Fonctionne le Calculateur ?<\/h4><p>Indiquez simplement les dimensions de votre piscine dans notre calculateur. En quelques secondes, une estimation pr\u00e9cise est faite des quantit\u00e9s de chaque produit n\u00e9cessaire. Cela vous permet de :<\/p><ul><li>Planifier efficacement votre budget et vos achats<\/li><li>Gagner du temps en \u00e9vitant les erreurs de calcul<\/li><li>Assurer la durabilit\u00e9 et l'esth\u00e9tique de votre piscine<\/li><li>Acc\u00e9der \u00e0 des produits professionnels<\/li><li>Suivre un processus de mise en \u0153uvre complet, utilis\u00e9 par les entrepreneurs garantissant une d\u00e9cennale pour la piscine (ce qui est tr\u00e8s rare surtout pour une finition carrelage \u00e0 ne pas confondre avec une garantie pour la pose de carrelage ou de ma\u00e7onnerie ext\u00e9rieure).<\/li><\/ul><h4>Pourquoi Choisir Poolceramica ?<\/h4><ul><li><strong>Produits de haute qualit\u00e9<\/strong> : Nous s\u00e9lectionnons les meilleurs produits pour garantir la r\u00e9ussite de votre projet.<\/li><li><strong>Expertise et conseils<\/strong> : Notre \u00e9quipe est \u00e0 votre disposition pour vous conseiller et vous accompagner \u00e0 chaque \u00e9tape.<\/li><\/ul><h3>Essayez Notre Calculateur Aujourd'hui !<\/h3><p>Ne laissez rien au hasard dans la r\u00e9alisation de votre piscine carrel\u00e9e. Utilisez notre calculateur de co\u00fbts pour une estimation pr\u00e9cise et d\u00e9marrez votre projet en toute s\u00e9r\u00e9nit\u00e9. Visitez <a href=\"https:\/\/www.poolceramica.com\/\" target=\"_new\" rel=\"noreferrer\">Poolceramica<\/a> et d\u00e9couvrez comment nous pouvons vous aider \u00e0 transformer votre r\u00eave de piscine en r\u00e9alit\u00e9.<\/p><h4>Liens Internes et Externes<\/h4><p>Pour en savoir plus sur nos produits et services, consultez les pages suivantes :<\/p><ul><li><a target=\"_new\" rel=\"noreferrer\">Guide de construction de piscines<\/a><\/li><li><a target=\"_new\" rel=\"noreferrer\">T\u00e9moignages clients<\/a><\/li><li><a target=\"_new\" rel=\"noreferrer\">Produits pour piscines<\/a><\/li><\/ul><h4>Contenu Multim\u00e9dia<\/h4><p>Regardez notre vid\u00e9o explicative sur l'utilisation du calculateur de co\u00fbts et d\u00e9couvrez comment il peut vous aider \u00e0 r\u00e9aliser votre projet piscine.<\/p>\n\t\t\t\t\t<\/div>\n\t\t\t\t\t\t<\/div>\n\t\t\t\t<\/div>\n\t\t\t\t\t<\/div>\n\t\t\t\t<\/div>\n\t\t\t\t<\/div>\n\t\t","protected":false},"excerpt":{"rendered":"<p>Calculateur de produits de mise en \u0153uvre calculer la totalit\u00e9 des produits de mise en \u0153uvre pour r\u00e9aliser\u00a0 votre piscine\u00a0<\/p>\n","protected":false},"author":1,"featured_media":0,"parent":0,"menu_order":0,"comment_status":"closed","ping_status":"closed","template":"","meta":{"csbAdvScrollBarCursor":"","_joinchat":[],"footnotes":""},"class_list":["post-6866","page","type-page","status-publish","hentry"],"_links":{"self":[{"href":"https:\/\/poolceramica.com\/index.php\/wp-json\/wp\/v2\/pages\/6866","targetHints":{"allow":["GET"]}}],"collection":[{"href":"https:\/\/poolceramica.com\/index.php\/wp-json\/wp\/v2\/pages"}],"about":[{"href":"https:\/\/poolceramica.com\/index.php\/wp-json\/wp\/v2\/types\/page"}],"author":[{"embeddable":true,"href":"https:\/\/poolceramica.com\/index.php\/wp-json\/wp\/v2\/users\/1"}],"replies":[{"embeddable":true,"href":"https:\/\/poolceramica.com\/index.php\/wp-json\/wp\/v2\/comments?post=6866"}],"version-history":[{"count":34,"href":"https:\/\/poolceramica.com\/index.php\/wp-json\/wp\/v2\/pages\/6866\/revisions"}],"predecessor-version":[{"id":6937,"href":"https:\/\/poolceramica.com\/index.php\/wp-json\/wp\/v2\/pages\/6866\/revisions\/6937"}],"wp:attachment":[{"href":"https:\/\/poolceramica.com\/index.php\/wp-json\/wp\/v2\/media?parent=6866"}],"curies":[{"name":"wp","href":"https:\/\/api.w.org\/{rel}","templated":true}]}}