{"id":6645,"date":"2024-05-25T14:38:03","date_gmt":"2024-05-25T14:38:03","guid":{"rendered":"https:\/\/poolceramica.com\/?page_id=6645"},"modified":"2024-05-26T14:29:27","modified_gmt":"2024-05-26T14:29:27","slug":"demande-de-devis-personnalise","status":"publish","type":"page","link":"https:\/\/poolceramica.com\/index.php\/demande-de-devis-personnalise\/","title":{"rendered":"Demande de devis personnalis\u00e9"},"content":{"rendered":"\t\t<div data-elementor-type=\"wp-page\" data-elementor-id=\"6645\" class=\"elementor elementor-6645\">\n\t\t\t\t<div class=\"elementor-element elementor-element-eeddf1a e-flex e-con-boxed e-con e-parent\" data-id=\"eeddf1a\" data-element_type=\"container\" data-e-type=\"container\">\n\t\t\t\t\t<div class=\"e-con-inner\">\n\t\t\t\t<div class=\"elementor-element elementor-element-70bb730 wd-width-100 elementor-widget elementor-widget-wd_title\" data-id=\"70bb730\" data-element_type=\"widget\" data-e-type=\"widget\" data-widget_type=\"wd_title.default\">\n\t\t\t\t<div class=\"elementor-widget-container\">\n\t\t\t\t\t\t\t<div class=\"title-wrapper set-mb-s reset-last-child wd-title-color-default wd-title-style-default wd-title-size-default text-center\">\n\n\t\t\t\n\t\t\t<div class=\"liner-continer\">\n\t\t\t\t<h4 class=\"woodmart-title-container title wd-fontsize-l\">Demande de devis personnalis\u00e9<\/h4> \n\t\t\t\t\t\t\t<\/div>\n\n\t\t\t\t\t\t\t<div class=\"title-after_title set-cont-mb-s reset-last-child wd-fontsize-xs\">\n\t\t\t\t\t<p>Faite votre demande en quelques cliques\u00a0<\/p>\t\t\t\t<\/div>\n\t\t\t\t\t<\/div>\n\t\t\t\t\t\t<\/div>\n\t\t\t\t<\/div>\n\t\t\t\t\t<\/div>\n\t\t\t\t<\/div>\n\t\t<div class=\"elementor-element elementor-element-694c459 e-flex e-con-boxed e-con e-parent\" data-id=\"694c459\" data-element_type=\"container\" data-e-type=\"container\">\n\t\t\t\t\t<div class=\"e-con-inner\">\n\t\t\t\t<div class=\"elementor-element elementor-element-6830813 elementor-widget elementor-widget-wd_contact_form_7\" data-id=\"6830813\" data-element_type=\"widget\" data-e-type=\"widget\" data-widget_type=\"wd_contact_form_7.default\">\n\t\t\t\t<div class=\"elementor-widget-container\">\n\t\t\t\t\t\n<div class=\"wpcf7 no-js\" id=\"wpcf7-f6803-o1\" lang=\"fr-FR\" dir=\"ltr\" data-wpcf7-id=\"6803\">\n<div class=\"screen-reader-response\"><p role=\"status\" aria-live=\"polite\" aria-atomic=\"true\"><\/p> <ul><\/ul><\/div>\n<form action=\"\/index.php\/wp-json\/wp\/v2\/pages\/6645#wpcf7-f6803-o1\" method=\"post\" class=\"wpcf7-form init\" aria-label=\"Formulaire de contact\" enctype=\"multipart\/form-data\" novalidate=\"novalidate\" data-status=\"init\">\n<fieldset class=\"hidden-fields-container\"><input type=\"hidden\" name=\"_wpcf7\" value=\"6803\" \/><input type=\"hidden\" name=\"_wpcf7_version\" value=\"6.1.5\" \/><input type=\"hidden\" name=\"_wpcf7_locale\" value=\"fr_FR\" \/><input type=\"hidden\" name=\"_wpcf7_unit_tag\" value=\"wpcf7-f6803-o1\" \/><input type=\"hidden\" name=\"_wpcf7_container_post\" value=\"0\" \/><input type=\"hidden\" name=\"_wpcf7_posted_data_hash\" value=\"\" \/>\n<\/fieldset>\n<p><label> Votre nom<br \/>\n<span class=\"wpcf7-form-control-wrap\" data-name=\"your-name\"><input size=\"40\" maxlength=\"400\" class=\"wpcf7-form-control wpcf7-text wpcf7-validates-as-required\" autocomplete=\"name\" aria-required=\"true\" aria-invalid=\"false\" value=\"\" type=\"text\" name=\"your-name\" \/><\/span> <\/label>\n<\/p>\n<p><label> Votre e-mail<br \/>\n<span class=\"wpcf7-form-control-wrap\" data-name=\"your-email\"><input size=\"40\" maxlength=\"400\" class=\"wpcf7-form-control wpcf7-email wpcf7-validates-as-required wpcf7-text wpcf7-validates-as-email\" autocomplete=\"email\" aria-required=\"true\" aria-invalid=\"false\" value=\"\" type=\"email\" name=\"your-email\" \/><\/span> <\/label>\n<\/p>\n<p><label> Votre t\u00e9l\u00e9phone<br \/>\n<span class=\"wpcf7-form-control-wrap\" data-name=\"tel-967\"><input size=\"40\" maxlength=\"400\" class=\"wpcf7-form-control wpcf7-tel wpcf7-text wpcf7-validates-as-tel\" aria-invalid=\"false\" value=\"\" type=\"tel\" name=\"tel-967\" \/><\/span> <\/label>\n<\/p>\n<p><label> Objet<br \/>\n<span class=\"wpcf7-form-control-wrap\" data-name=\"your-subject\"><input size=\"40\" maxlength=\"400\" class=\"wpcf7-form-control wpcf7-text wpcf7-validates-as-required\" aria-required=\"true\" aria-invalid=\"false\" value=\"\" type=\"text\" name=\"your-subject\" \/><\/span> <\/label>\n<\/p>\n<p><label> Votre message (facultatif)<br \/>\n<span class=\"wpcf7-form-control-wrap\" data-name=\"your-message\"><textarea cols=\"40\" rows=\"10\" maxlength=\"2000\" class=\"wpcf7-form-control wpcf7-textarea\" aria-invalid=\"false\" name=\"your-message\"><\/textarea><\/span> <\/label>\n<\/p>\n<p><label> Merci de nous envoyer un croquis avec les dimensions ( L+l+h ) de la piscine ainsi que des marches et de la plage immerg\u00e9e<br \/>\n<span class=\"wpcf7-form-control-wrap\" data-name=\"file-788\"><input size=\"40\" class=\"wpcf7-form-control wpcf7-file\" accept=\".image,.txt,.pdf,.jpg,.xlsx,.docx,.mp3,.mp4\" aria-invalid=\"false\" type=\"file\" name=\"file-788\" \/><\/span> <\/label><br \/>\n<span class=\"wpcf7-form-control-wrap\" data-name=\"file-418\"><input size=\"40\" class=\"wpcf7-form-control wpcf7-file\" accept=\".image,.txt,.pdf,.jpg,.xlsx,.docx,.mp3,.mp4\" aria-invalid=\"false\" type=\"file\" name=\"file-418\" \/><\/span><br \/>\n<span class=\"wpcf7-form-control-wrap\" data-name=\"file-419\"><input size=\"40\" class=\"wpcf7-form-control wpcf7-file\" accept=\".image,.txt,.pdf,.jpg,.xlsx,.docx,.mp3,.mp4\" aria-invalid=\"false\" type=\"file\" name=\"file-419\" \/><\/span>\n<\/p>\n<p><label> Quel est votre projet?<br \/>\n<span class=\"wpcf7-form-control-wrap\" data-name=\"menu-80\"><select class=\"wpcf7-form-control wpcf7-select\" aria-invalid=\"false\" name=\"menu-80\"><option value=\"\">&#8212;Veuillez choisir une option&#8212;<\/option><option value=\"Piscine\">Piscine<\/option><option value=\"Terrasse\">Terrasse<\/option><option value=\"Piscine et Terrasse\">Piscine et Terrasse<\/option><\/select><\/span> <\/label>\n<\/p>\n<p><label> Est ce que ce projet comprend du carrelage pour piscine?<br \/>\n<span class=\"wpcf7-form-control-wrap\" data-name=\"menu-741\"><select class=\"wpcf7-form-control wpcf7-select\" aria-invalid=\"false\" name=\"menu-741\"><option value=\"\">&#8212;Veuillez choisir une option&#8212;<\/option><option value=\"OUI\">OUI<\/option><option value=\"NON\">NON<\/option><\/select><\/span> <\/label>\n<\/p>\n<p><label> Souhaitez vous des pi\u00e8ces de finition pour les marches et la plage immerg\u00e9es?<br \/>\n<span class=\"wpcf7-form-control-wrap\" data-name=\"menu-740\"><select class=\"wpcf7-form-control wpcf7-select\" aria-invalid=\"false\" name=\"menu-740\"><option value=\"\">&#8212;Veuillez choisir une option&#8212;<\/option><option value=\"OUI\">OUI<\/option><option value=\"NON\">NON<\/option><\/select><\/span> <\/label>\n<\/p>\n<p><label> Est ce que ce projet comprend des margelles autour de la piscine?<br \/>\n<span class=\"wpcf7-form-control-wrap\" data-name=\"menu-737\"><select class=\"wpcf7-form-control wpcf7-select\" aria-invalid=\"false\" name=\"menu-737\"><option value=\"\">&#8212;Veuillez choisir une option&#8212;<\/option><option value=\"OUI\">OUI<\/option><option value=\"NON\">NON<\/option><\/select><\/span> <\/label>\n<\/p>\n<p><label> Quel forme de margelle autour de la piscine?<br \/>\n<span class=\"wpcf7-form-control-wrap\" data-name=\"menu-31\"><select class=\"wpcf7-form-control wpcf7-select\" aria-invalid=\"false\" name=\"menu-31\"><option value=\"\">&#8212;Veuillez choisir une option&#8212;<\/option><option value=\"31x62 en forme de L\">31x62 en forme de L<\/option><option value=\"31x62 bout rond\">31x62 bout rond<\/option><option value=\"31x98 en forme de L\">31x98 en forme de L<\/option><\/select><\/span> <\/label>\n<\/p>\n<p><label> Est ce que le projet comprend du carrelage pour la Terrasse?<br \/>\n<span class=\"wpcf7-form-control-wrap\" data-name=\"menu-736\"><select class=\"wpcf7-form-control wpcf7-select\" aria-invalid=\"false\" name=\"menu-736\"><option value=\"\">&#8212;Veuillez choisir une option&#8212;<\/option><option value=\"OUI\">OUI<\/option><option value=\"NON\">NON<\/option><\/select><\/span> <\/label>\n<\/p>\n<p><label> Quel est la surface de la terrasse en M2 sans les chute?<br \/>\n<span class=\"wpcf7-form-control-wrap\" data-name=\"number-868\"><input class=\"wpcf7-form-control wpcf7-number wpcf7-validates-as-number\" min=\"0\" max=\"450\" aria-invalid=\"false\" value=\"0\" type=\"number\" name=\"number-868\" \/><\/span> <\/label>\n<\/p>\n<p><label> Quel est le nombre de Ml de marche pour la terrasse sans les chute?<br \/>\n<span class=\"wpcf7-form-control-wrap\" data-name=\"number-869\"><input class=\"wpcf7-form-control wpcf7-number wpcf7-validates-as-number\" min=\"0\" max=\"100\" aria-invalid=\"false\" value=\"0\" type=\"number\" name=\"number-869\" \/><\/span> <\/label>\n<\/p>\n<p><label> Quel dimensions de carrelage pour votre Terrasse?<br \/>\n<span class=\"wpcf7-form-control-wrap\" data-name=\"menu-30\"><select class=\"wpcf7-form-control wpcf7-select\" aria-invalid=\"false\" name=\"menu-30\"><option value=\"\">&#8212;Veuillez choisir une option&#8212;<\/option><option value=\"31x62\">31x62<\/option><option value=\"48x98\">48x98<\/option><\/select><\/span> <\/label>\n<\/p>\n<p><label> Avez vous besoin d\u00b4enduit de redressage pour la piscine?<br \/>\n<span class=\"wpcf7-form-control-wrap\" data-name=\"menu-735\"><select class=\"wpcf7-form-control wpcf7-select\" aria-invalid=\"false\" name=\"menu-735\"><option value=\"\">&#8212;Veuillez choisir une option&#8212;<\/option><option value=\"OUI\">OUI<\/option><option value=\"NON\">NON<\/option><\/select><\/span> <\/label>\n<\/p>\n<p><label> Avez vous besoin d\u00b4une \u00e9tanch\u00e9it\u00e9 des travers\u00e9es de parois pour la piscine?<br \/>\n<span class=\"wpcf7-form-control-wrap\" data-name=\"menu-734\"><select class=\"wpcf7-form-control wpcf7-select\" aria-invalid=\"false\" name=\"menu-734\"><option value=\"\">&#8212;Veuillez choisir une option&#8212;<\/option><option value=\"OUI\">OUI<\/option><option value=\"NON\">NON<\/option><\/select><\/span> <\/label>\n<\/p>\n<p><label> Avez vous besoin d\u00b4une \u00e9tanch\u00e9it\u00e9 sous carrelage pour la piscine?<br \/>\n<span class=\"wpcf7-form-control-wrap\" data-name=\"menu-733\"><select class=\"wpcf7-form-control wpcf7-select\" aria-invalid=\"false\" name=\"menu-733\"><option value=\"\">&#8212;Veuillez choisir une option&#8212;<\/option><option value=\"OUI\">OUI<\/option><option value=\"NON\">NON<\/option><\/select><\/span> <\/label>\n<\/p>\n<p><label> quel type d\u00b4\u00e9tanch\u00e9it\u00e9 sous carrelage?<br \/>\n<span class=\"wpcf7-form-control-wrap\" data-name=\"menu-32\"><select class=\"wpcf7-form-control wpcf7-select\" aria-invalid=\"false\" name=\"menu-32\"><option value=\"\">&#8212;Veuillez choisir une option&#8212;<\/option><option value=\"Mono composant\">Mono composant<\/option><option value=\"Bi composant\">Bi composant<\/option><\/select><\/span> <\/label>\n<\/p>\n<p><label> Souhaitez vous la colle pour la piscine et la terrasse?<br \/>\n<span class=\"wpcf7-form-control-wrap\" data-name=\"menu-732\"><select class=\"wpcf7-form-control wpcf7-select\" aria-invalid=\"false\" name=\"menu-732\"><option value=\"\">&#8212;Veuillez choisir une option&#8212;<\/option><option value=\"OUI\">OUI<\/option><option value=\"NON\">NON<\/option><\/select><\/span> <\/label>\n<\/p>\n<p><label> Avez vous besoin des Joints pour la piscine?<br \/>\n<span class=\"wpcf7-form-control-wrap\" data-name=\"menu-731\"><select class=\"wpcf7-form-control wpcf7-select\" aria-invalid=\"false\" name=\"menu-731\"><option value=\"\">&#8212;Veuillez choisir une option&#8212;<\/option><option value=\"OUI\">OUI<\/option><option value=\"NON\">NON<\/option><\/select><\/span> <\/label>\n<\/p>\n<p><label> quel type de joint?<br \/>\n<span class=\"wpcf7-form-control-wrap\" data-name=\"menu-33\"><select class=\"wpcf7-form-control wpcf7-select\" aria-invalid=\"false\" name=\"menu-33\"><option value=\"\">&#8212;Veuillez choisir une option&#8212;<\/option><option value=\"Haute r\u00e9sistance\">Haute r\u00e9sistance<\/option><option value=\"Epoxy\">Epoxy<\/option><\/select><\/span> <\/label>\n<\/p>\n<p><label> Avez vous besoin des Joints pour la Terrasse?<br \/>\n<span class=\"wpcf7-form-control-wrap\" data-name=\"menu-730\"><select class=\"wpcf7-form-control wpcf7-select\" aria-invalid=\"false\" name=\"menu-730\"><option value=\"\">&#8212;Veuillez choisir une option&#8212;<\/option><option value=\"OUI\">OUI<\/option><option value=\"NON\">NON<\/option><\/select><\/span> <\/label>\n<\/p>\n<p><span class=\"wpcf7-form-control-wrap\" data-name=\"acceptance-551\"><span class=\"wpcf7-form-control wpcf7-acceptance optional\"><span class=\"wpcf7-list-item\"><label><input type=\"checkbox\" name=\"acceptance-551\" value=\"1\" aria-invalid=\"false\" \/><span class=\"wpcf7-list-item-label\">j\u00b4accepte que mes donn\u00e9es personnelles soient trait\u00e9es<\/span><\/label><\/span><\/span><\/span>\n<\/p>\n<p><input class=\"wpcf7-form-control wpcf7-submit has-spinner\" type=\"submit\" value=\"Envoyer\" \/>\n<\/p><div class=\"wpcf7-response-output\" aria-hidden=\"true\"><\/div>\n<\/form>\n<\/div>\n\t\t\t\t<\/div>\n\t\t\t\t<\/div>\n\t\t\t\t\t<\/div>\n\t\t\t\t<\/div>\n\t\t\t\t<\/div>\n\t\t","protected":false},"excerpt":{"rendered":"<p>Demande de devis personnalis\u00e9 Faite votre demande en quelques cliques\u00a0 Votre nom Votre e-mail Votre t\u00e9l\u00e9phone Objet Votre message (facultatif)<\/p>\n","protected":false},"author":1,"featured_media":0,"parent":0,"menu_order":0,"comment_status":"closed","ping_status":"closed","template":"","meta":{"csbAdvScrollBarCursor":"","_joinchat":[],"footnotes":""},"class_list":["post-6645","page","type-page","status-publish","hentry"],"_links":{"self":[{"href":"https:\/\/poolceramica.com\/index.php\/wp-json\/wp\/v2\/pages\/6645","targetHints":{"allow":["GET"]}}],"collection":[{"href":"https:\/\/poolceramica.com\/index.php\/wp-json\/wp\/v2\/pages"}],"about":[{"href":"https:\/\/poolceramica.com\/index.php\/wp-json\/wp\/v2\/types\/page"}],"author":[{"embeddable":true,"href":"https:\/\/poolceramica.com\/index.php\/wp-json\/wp\/v2\/users\/1"}],"replies":[{"embeddable":true,"href":"https:\/\/poolceramica.com\/index.php\/wp-json\/wp\/v2\/comments?post=6645"}],"version-history":[{"count":27,"href":"https:\/\/poolceramica.com\/index.php\/wp-json\/wp\/v2\/pages\/6645\/revisions"}],"predecessor-version":[{"id":6810,"href":"https:\/\/poolceramica.com\/index.php\/wp-json\/wp\/v2\/pages\/6645\/revisions\/6810"}],"wp:attachment":[{"href":"https:\/\/poolceramica.com\/index.php\/wp-json\/wp\/v2\/media?parent=6645"}],"curies":[{"name":"wp","href":"https:\/\/api.w.org\/{rel}","templated":true}]}}