{"id":6576,"date":"2024-05-16T20:00:46","date_gmt":"2024-05-16T20:00:46","guid":{"rendered":"https:\/\/poolceramica.com\/Calculateur%20de%20bande%20d\u00b4\u00e9tanch\u00e9it\u00e9"},"modified":"2024-05-16T20:03:25","modified_gmt":"2024-05-16T20:03:25","slug":"calculateur-de-bande-detancheite","status":"publish","type":"page","link":"https:\/\/poolceramica.com\/index.php\/calculateur-de-bande-detancheite\/","title":{"rendered":"Calculateur de bande d\u00b4\u00e9tanch\u00e9it\u00e9"},"content":{"rendered":"\t\t<div data-elementor-type=\"wp-page\" data-elementor-id=\"6576\" class=\"elementor elementor-6576\">\n\t\t\t\t<div class=\"elementor-element elementor-element-b6258ba e-flex e-con-boxed e-con e-parent\" data-id=\"b6258ba\" data-element_type=\"container\" data-e-type=\"container\">\n\t\t\t\t\t<div class=\"e-con-inner\">\n\t\t\t\t<div class=\"elementor-element elementor-element-7ccbd01 wd-width-100 elementor-widget elementor-widget-wd_title\" data-id=\"7ccbd01\" data-element_type=\"widget\" data-e-type=\"widget\" data-widget_type=\"wd_title.default\">\n\t\t\t\t<div class=\"elementor-widget-container\">\n\t\t\t\t\t\t\t<div class=\"title-wrapper set-mb-s reset-last-child wd-title-color-default wd-title-style-default wd-title-size-default text-center\">\n\n\t\t\t\n\t\t\t<div class=\"liner-continer\">\n\t\t\t\t<h4 class=\"woodmart-title-container title wd-fontsize-l\">Outil d\u00b4aide au calcul  du nombre de ml de bande d\u00b4\u00e9tanch\u00e9it\u00e9<\/h4> \n\t\t\t\t\t\t\t<\/div>\n\n\t\t\t\t\t<\/div>\n\t\t\t\t\t\t<\/div>\n\t\t\t\t<\/div>\n\t\t\t\t\t<\/div>\n\t\t\t\t<\/div>\n\t\t<div class=\"elementor-element elementor-element-a180e09 e-flex e-con-boxed e-con e-parent\" data-id=\"a180e09\" data-element_type=\"container\" data-e-type=\"container\">\n\t\t\t\t\t<div class=\"e-con-inner\">\n\t\t\t\t<div class=\"elementor-element elementor-element-40f1fbc elementor-widget elementor-widget-stm_calc\" data-id=\"40f1fbc\" data-element_type=\"widget\" data-e-type=\"widget\" data-widget_type=\"stm_calc.default\">\n\t\t\t\t<div class=\"elementor-widget-container\">\n\t\t\t\t\t<script type=\"text\/javascript\">window[\"ccb_front_template_5749\"] = [];<\/script>\n<div class=\"ccb-main-widget \" id=\"ccb_app_5749\" data-calc-id=\"5749\"><\/div>\n\t\t\t\t<\/div>\n\t\t\t\t<\/div>\n\t\t\t\t\t<\/div>\n\t\t\t\t<\/div>\n\t\t\t\t<\/div>\n\t\t","protected":false},"excerpt":{"rendered":"<p>Outil d\u00b4aide au calcul du nombre de ml de bande d\u00b4\u00e9tanch\u00e9it\u00e9<\/p>\n","protected":false},"author":1,"featured_media":0,"parent":0,"menu_order":0,"comment_status":"closed","ping_status":"closed","template":"","meta":{"csbAdvScrollBarCursor":"","_joinchat":[],"footnotes":""},"class_list":["post-6576","page","type-page","status-publish","hentry"],"_links":{"self":[{"href":"https:\/\/poolceramica.com\/index.php\/wp-json\/wp\/v2\/pages\/6576","targetHints":{"allow":["GET"]}}],"collection":[{"href":"https:\/\/poolceramica.com\/index.php\/wp-json\/wp\/v2\/pages"}],"about":[{"href":"https:\/\/poolceramica.com\/index.php\/wp-json\/wp\/v2\/types\/page"}],"author":[{"embeddable":true,"href":"https:\/\/poolceramica.com\/index.php\/wp-json\/wp\/v2\/users\/1"}],"replies":[{"embeddable":true,"href":"https:\/\/poolceramica.com\/index.php\/wp-json\/wp\/v2\/comments?post=6576"}],"version-history":[{"count":7,"href":"https:\/\/poolceramica.com\/index.php\/wp-json\/wp\/v2\/pages\/6576\/revisions"}],"predecessor-version":[{"id":6586,"href":"https:\/\/poolceramica.com\/index.php\/wp-json\/wp\/v2\/pages\/6576\/revisions\/6586"}],"wp:attachment":[{"href":"https:\/\/poolceramica.com\/index.php\/wp-json\/wp\/v2\/media?parent=6576"}],"curies":[{"name":"wp","href":"https:\/\/api.w.org\/{rel}","templated":true}]}}