{"id":5043,"date":"2024-05-04T07:49:08","date_gmt":"2024-05-04T07:49:08","guid":{"rendered":"https:\/\/poolceramica.com\/?page_id=5043"},"modified":"2024-05-16T11:32:10","modified_gmt":"2024-05-16T11:32:10","slug":"nez-de-marches-et-de-plage-en-piscine","status":"publish","type":"page","link":"https:\/\/poolceramica.com\/index.php\/nez-de-marches-et-de-plage-en-piscine\/","title":{"rendered":"Calculer les nez de marches et de la plage en piscine"},"content":{"rendered":"\t\t<div data-elementor-type=\"wp-page\" data-elementor-id=\"5043\" class=\"elementor elementor-5043\">\n\t\t\t\t<div class=\"elementor-element elementor-element-256b366 e-flex e-con-boxed e-con e-parent\" data-id=\"256b366\" data-element_type=\"container\" data-e-type=\"container\">\n\t\t\t\t\t<div class=\"e-con-inner\">\n\t\t\t\t<div class=\"elementor-element elementor-element-19d11c6 wd-width-100 elementor-widget elementor-widget-wd_title\" data-id=\"19d11c6\" data-element_type=\"widget\" data-e-type=\"widget\" data-widget_type=\"wd_title.default\">\n\t\t\t\t<div class=\"elementor-widget-container\">\n\t\t\t\t\t\t\t<div class=\"title-wrapper set-mb-s reset-last-child wd-title-color-default wd-title-style-default wd-title-size-default text-center\">\n\n\t\t\t\n\t\t\t<div class=\"liner-continer\">\n\t\t\t\t<h4 class=\"woodmart-title-container title wd-fontsize-l\">Outil pour calculer  le nombre de nez de marche<\/h4> \n\t\t\t\t\t\t\t<\/div>\n\n\t\t\t\t\t<\/div>\n\t\t\t\t\t\t<\/div>\n\t\t\t\t<\/div>\n\t\t\t\t\t<\/div>\n\t\t\t\t<\/div>\n\t\t<div class=\"elementor-element elementor-element-613bb44 e-flex e-con-boxed e-con e-parent\" data-id=\"613bb44\" data-element_type=\"container\" data-e-type=\"container\">\n\t\t\t\t\t<div class=\"e-con-inner\">\n\t\t\t\t<div class=\"elementor-element elementor-element-d1b1173 elementor-widget elementor-widget-stm_calc\" data-id=\"d1b1173\" data-element_type=\"widget\" data-e-type=\"widget\" data-widget_type=\"stm_calc.default\">\n\t\t\t\t<div class=\"elementor-widget-container\">\n\t\t\t\t\t<script type=\"text\/javascript\">window[\"ccb_front_template_5036\"] = [];<\/script>\n<div class=\"ccb-main-widget \" id=\"ccb_app_5036\" data-calc-id=\"5036\"><\/div>\n\t\t\t\t<\/div>\n\t\t\t\t<\/div>\n\t\t\t\t\t<\/div>\n\t\t\t\t<\/div>\n\t\t<div class=\"elementor-element elementor-element-87d6a0a e-flex e-con-boxed e-con e-parent\" data-id=\"87d6a0a\" data-element_type=\"container\" data-e-type=\"container\">\n\t\t\t\t\t<div class=\"e-con-inner\">\n\t\t\t\t<div class=\"elementor-element elementor-element-89b97f1 wd-width-100 elementor-widget elementor-widget-wd_title\" data-id=\"89b97f1\" data-element_type=\"widget\" data-e-type=\"widget\" data-widget_type=\"wd_title.default\">\n\t\t\t\t<div class=\"elementor-widget-container\">\n\t\t\t\t\t\t\t<div class=\"title-wrapper set-mb-s reset-last-child wd-title-color-default wd-title-style-default wd-title-size-default text-center\">\n\n\t\t\t\t\t\t\t<div class=\"title-subtitle subtitle-color-default subtitle-style-default wd-fontsize-xs\">\n\t\t\t\t\tNez de marche piscine\t\t\t\t<\/div>\n\t\t\t\n\t\t\t<div class=\"liner-continer\">\n\t\t\t\t<h4 class=\"woodmart-title-container title wd-fontsize-l\">Comment calculer le nombre de pi\u00e8ces pour les nez de marche et de la plage immerg\u00e9e de votre piscine <\/h4> \n\t\t\t\t\t\t\t<\/div>\n\n\t\t\t\t\t\t\t<div class=\"title-after_title set-cont-mb-s reset-last-child wd-fontsize-xs\">\n\t\t\t\t\t<p>Pool ceramica, vous aide a calculer la quantit\u00e9 de pieces pour les marches et la plage immerg\u00e9e dont vous aurez besoin pour votre piscine \u00e0 l\u00b4aide de ce calculateur qui vous permet d\u00b4int\u00e9grer les 20% de chute qui est le pourcentage appliqu\u00e9 par les professionnels cela correspond aux chutes induites par les coupes, ainsi que les casses inh\u00e9rentes \u00e0 un chantier lors de la mise en \u0153uvre. Cela vous permettra d\u00b4aller au bout de votre projet sereinement sans avoir \u00e0 recommander, vous ne serai donc pas bloqu\u00e9 et vous n aurai pas de diff\u00e9rence de bain de production. \u00c0 la fin de votre chantier vous aurez quelques boites en plus qu\u00b4il faudra garder pr\u00e9cieusement dans le cas ou une futur intervention demanderai un changement de carreau.<\/p>\t\t\t\t<\/div>\n\t\t\t\t\t<\/div>\n\t\t\t\t\t\t<\/div>\n\t\t\t\t<\/div>\n\t\t\t\t\t<\/div>\n\t\t\t\t<\/div>\n\t\t<div class=\"elementor-element elementor-element-2b07bc5 e-flex e-con-boxed e-con e-parent\" data-id=\"2b07bc5\" data-element_type=\"container\" data-e-type=\"container\">\n\t\t\t\t\t<div class=\"e-con-inner\">\n\t\t\t\t<div class=\"elementor-element elementor-element-ef5a949 elementor-widget elementor-widget-wd_image_or_svg\" data-id=\"ef5a949\" data-element_type=\"widget\" data-e-type=\"widget\" data-widget_type=\"wd_image_or_svg.default\">\n\t\t\t\t<div class=\"elementor-widget-container\">\n\t\t\t\t\t\n\t\t<div class=\"wd-image text-left\">\n\t\t\t\t\t\t\t\t<img fetchpriority=\"high\" decoding=\"async\" width=\"2003\" height=\"1126\" src=\"https:\/\/poolceramica.com\/wp-content\/uploads\/2024\/05\/RG-PROJECTS-52.jpg\" class=\"attachment-full size-full\" alt=\"\" srcset=\"https:\/\/poolceramica.com\/wp-content\/uploads\/2024\/05\/RG-PROJECTS-52.jpg 2003w, https:\/\/poolceramica.com\/wp-content\/uploads\/2024\/05\/RG-PROJECTS-52-430x242.jpg 430w, https:\/\/poolceramica.com\/wp-content\/uploads\/2024\/05\/RG-PROJECTS-52-150x84.jpg 150w, https:\/\/poolceramica.com\/wp-content\/uploads\/2024\/05\/RG-PROJECTS-52-700x394.jpg 700w, https:\/\/poolceramica.com\/wp-content\/uploads\/2024\/05\/RG-PROJECTS-52-400x225.jpg 400w, https:\/\/poolceramica.com\/wp-content\/uploads\/2024\/05\/RG-PROJECTS-52-1300x731.jpg 1300w, https:\/\/poolceramica.com\/wp-content\/uploads\/2024\/05\/RG-PROJECTS-52-768x432.jpg 768w, https:\/\/poolceramica.com\/wp-content\/uploads\/2024\/05\/RG-PROJECTS-52-1536x863.jpg 1536w, https:\/\/poolceramica.com\/wp-content\/uploads\/2024\/05\/RG-PROJECTS-52-860x483.jpg 860w\" sizes=\"(max-width: 2003px) 100vw, 2003px\" \/>\t\t\t\t\t<\/div>\n\n\t\t\t\t\t\t<\/div>\n\t\t\t\t<\/div>\n\t\t\t\t\t<\/div>\n\t\t\t\t<\/div>\n\t\t<div class=\"elementor-element elementor-element-58d2417 e-flex e-con-boxed e-con e-parent\" data-id=\"58d2417\" data-element_type=\"container\" data-e-type=\"container\">\n\t\t\t\t\t<div class=\"e-con-inner\">\n\t\t<div class=\"elementor-element elementor-element-2678a75 e-con-full e-flex e-con e-child\" data-id=\"2678a75\" data-element_type=\"container\" data-e-type=\"container\">\n\t\t\t\t<div class=\"elementor-element elementor-element-5946584 elementor-widget elementor-widget-wd_text_block\" data-id=\"5946584\" data-element_type=\"widget\" data-e-type=\"widget\" data-widget_type=\"wd_text_block.default\">\n\t\t\t\t<div class=\"elementor-widget-container\">\n\t\t\t\t\t\t\t<div class=\"wd-text-block reset-last-child text-center\">\n\t\t\t\n\t\t\t<h2>Des Pieces de finition pour les marches et la plage immerg\u00e9e dans ma piscine ?\u00a0<\/h2><p>Ces pi\u00e8ces de finition permettent de traiter ces angles facilement par rapport a des coupes en biseaux sur le carrelage, elles apportent une finition sans interruption de l\u00b4angle qui sera emmaill\u00e9 avec un angle droit adouci apportant plus de s\u00e9curit\u00e9 et beaucoup moins sensible au choc qu une coupe en biseau.\u00a0 \u00a0\u00a0<\/p>\n\t\t\t\t\t<\/div>\n\t\t\t\t\t\t<\/div>\n\t\t\t\t<\/div>\n\t\t\t\t<\/div>\n\t\t\t\t<div class=\"elementor-element elementor-element-1dd57ac elementor-widget elementor-widget-wd_image_or_svg\" data-id=\"1dd57ac\" data-element_type=\"widget\" data-e-type=\"widget\" data-widget_type=\"wd_image_or_svg.default\">\n\t\t\t\t<div class=\"elementor-widget-container\">\n\t\t\t\t\t\n\t\t<div class=\"wd-image text-left\">\n\t\t\t\t\t\t\t\t<img decoding=\"async\" width=\"1080\" height=\"763\" src=\"https:\/\/poolceramica.com\/wp-content\/uploads\/2024\/05\/L62-Bali-fond-transparent-.png\" class=\"attachment-full size-full\" alt=\"\" srcset=\"https:\/\/poolceramica.com\/wp-content\/uploads\/2024\/05\/L62-Bali-fond-transparent-.png 1080w, https:\/\/poolceramica.com\/wp-content\/uploads\/2024\/05\/L62-Bali-fond-transparent--430x304.png 430w, https:\/\/poolceramica.com\/wp-content\/uploads\/2024\/05\/L62-Bali-fond-transparent--150x106.png 150w, https:\/\/poolceramica.com\/wp-content\/uploads\/2024\/05\/L62-Bali-fond-transparent--700x495.png 700w, https:\/\/poolceramica.com\/wp-content\/uploads\/2024\/05\/L62-Bali-fond-transparent--400x283.png 400w, https:\/\/poolceramica.com\/wp-content\/uploads\/2024\/05\/L62-Bali-fond-transparent--768x543.png 768w, https:\/\/poolceramica.com\/wp-content\/uploads\/2024\/05\/L62-Bali-fond-transparent--860x608.png 860w\" sizes=\"(max-width: 1080px) 100vw, 1080px\" \/>\t\t\t\t\t<\/div>\n\n\t\t\t\t\t\t<\/div>\n\t\t\t\t<\/div>\n\t\t\t\t\t<\/div>\n\t\t\t\t<\/div>\n\t\t\t\t<\/div>\n\t\t","protected":false},"excerpt":{"rendered":"<p>Outil pour calculer le nombre de nez de marche Nez de marche piscine Comment calculer le nombre de pi\u00e8ces pour<\/p>\n","protected":false},"author":1,"featured_media":0,"parent":0,"menu_order":0,"comment_status":"closed","ping_status":"closed","template":"","meta":{"csbAdvScrollBarCursor":"","_joinchat":[],"footnotes":""},"class_list":["post-5043","page","type-page","status-publish","hentry"],"_links":{"self":[{"href":"https:\/\/poolceramica.com\/index.php\/wp-json\/wp\/v2\/pages\/5043","targetHints":{"allow":["GET"]}}],"collection":[{"href":"https:\/\/poolceramica.com\/index.php\/wp-json\/wp\/v2\/pages"}],"about":[{"href":"https:\/\/poolceramica.com\/index.php\/wp-json\/wp\/v2\/types\/page"}],"author":[{"embeddable":true,"href":"https:\/\/poolceramica.com\/index.php\/wp-json\/wp\/v2\/users\/1"}],"replies":[{"embeddable":true,"href":"https:\/\/poolceramica.com\/index.php\/wp-json\/wp\/v2\/comments?post=5043"}],"version-history":[{"count":23,"href":"https:\/\/poolceramica.com\/index.php\/wp-json\/wp\/v2\/pages\/5043\/revisions"}],"predecessor-version":[{"id":6467,"href":"https:\/\/poolceramica.com\/index.php\/wp-json\/wp\/v2\/pages\/5043\/revisions\/6467"}],"wp:attachment":[{"href":"https:\/\/poolceramica.com\/index.php\/wp-json\/wp\/v2\/media?parent=5043"}],"curies":[{"name":"wp","href":"https:\/\/api.w.org\/{rel}","templated":true}]}}