{"id":5017,"date":"2024-05-01T08:44:12","date_gmt":"2024-05-01T08:44:12","guid":{"rendered":"https:\/\/poolceramica.com\/?page_id=5017"},"modified":"2024-05-16T11:50:45","modified_gmt":"2024-05-16T11:50:45","slug":"calculer-la-quantite-de-margelle","status":"publish","type":"page","link":"https:\/\/poolceramica.com\/index.php\/calculer-la-quantite-de-margelle\/","title":{"rendered":"Calculer la quantit\u00e9 de pi\u00e8ce de margelle pour votre piscine"},"content":{"rendered":"\t\t<div data-elementor-type=\"wp-page\" data-elementor-id=\"5017\" class=\"elementor elementor-5017\">\n\t\t\t\t<div class=\"elementor-element elementor-element-d355229 e-flex e-con-boxed e-con e-parent\" data-id=\"d355229\" data-element_type=\"container\" data-e-type=\"container\">\n\t\t\t\t\t<div class=\"e-con-inner\">\n\t\t\t\t<div class=\"elementor-element elementor-element-96c47af wd-width-100 elementor-widget elementor-widget-wd_title\" data-id=\"96c47af\" data-element_type=\"widget\" data-e-type=\"widget\" data-widget_type=\"wd_title.default\">\n\t\t\t\t<div class=\"elementor-widget-container\">\n\t\t\t\t\t\t\t<div class=\"title-wrapper set-mb-s reset-last-child wd-title-color-default wd-title-style-default wd-title-size-default text-center\">\n\n\t\t\t\n\t\t\t<div class=\"liner-continer\">\n\t\t\t\t<h4 class=\"woodmart-title-container title wd-fontsize-l\">Outil d\u00b4aide au calcul du nombre de margelle pour piscine<\/h4> \n\t\t\t\t\t\t\t<\/div>\n\n\t\t\t\t\t<\/div>\n\t\t\t\t\t\t<\/div>\n\t\t\t\t<\/div>\n\t\t\t\t\t<\/div>\n\t\t\t\t<\/div>\n\t\t<div class=\"elementor-element elementor-element-a9c2b9f e-flex e-con-boxed e-con e-parent\" data-id=\"a9c2b9f\" data-element_type=\"container\" data-e-type=\"container\">\n\t\t\t\t\t<div class=\"e-con-inner\">\n\t\t\t\t<div class=\"elementor-element elementor-element-cfe94ce elementor-widget elementor-widget-stm_calc\" data-id=\"cfe94ce\" data-element_type=\"widget\" data-e-type=\"widget\" data-widget_type=\"stm_calc.default\">\n\t\t\t\t<div class=\"elementor-widget-container\">\n\t\t\t\t\t<script type=\"text\/javascript\">window[\"ccb_front_template_4879\"] = [];<\/script>\n<div class=\"ccb-main-widget \" id=\"ccb_app_4879\" data-calc-id=\"4879\"><\/div>\n\t\t\t\t<\/div>\n\t\t\t\t<\/div>\n\t\t\t\t\t<\/div>\n\t\t\t\t<\/div>\n\t\t<div class=\"elementor-element elementor-element-3ed26b4 e-flex e-con-boxed e-con e-parent\" data-id=\"3ed26b4\" data-element_type=\"container\" data-e-type=\"container\">\n\t\t\t\t\t<div class=\"e-con-inner\">\n\t\t\t\t<div class=\"elementor-element elementor-element-4e41233 wd-width-100 elementor-widget elementor-widget-wd_title\" data-id=\"4e41233\" data-element_type=\"widget\" data-e-type=\"widget\" data-widget_type=\"wd_title.default\">\n\t\t\t\t<div class=\"elementor-widget-container\">\n\t\t\t\t\t\t\t<div class=\"title-wrapper set-mb-s reset-last-child wd-title-color-default wd-title-style-default wd-title-size-default text-center\">\n\n\t\t\t\t\t\t\t<div class=\"title-subtitle subtitle-color-default subtitle-style-default wd-fontsize-xs\">\n\t\t\t\t\tMargelles piscine\t\t\t\t<\/div>\n\t\t\t\n\t\t\t<div class=\"liner-continer\">\n\t\t\t\t<h4 class=\"woodmart-title-container title wd-fontsize-l\">Comment calculer le nombre de margelle pour votre piscine?<\/h4> \n\t\t\t\t\t\t\t<\/div>\n\n\t\t\t\t\t\t\t<div class=\"title-after_title set-cont-mb-s reset-last-child wd-fontsize-xs\">\n\t\t\t\t\t<p>Pool ceramica, vous aide a calculer la quantit\u00e9 de Margelle dont vous aurez besoin pour votre piscine \u00e0 l\u00b4aide de ce calculateur qui vous permet d\u00b4int\u00e9grer les 10% de chute qui est le pourcentage appliqu\u00e9 par les professionnels cela correspond aux chutes induites par les coupes, ainsi que les casses inh\u00e9rentes \u00e0 un chantier lors de la mise en \u0153uvre. Cela vous permettra d\u00b4aller au bout de votre projet sereinement sans avoir \u00e0 recommander, vous ne serai donc pas bloqu\u00e9 et vous n aurai pas de diff\u00e9rence de bain de production. \u00c0 la fin de votre chantier vous aurez quelques boites en plus qu\u00b4il faudra garder pr\u00e9cieusement dans le cas ou une futur intervention demanderai un changement de carreau.<\/p>\t\t\t\t<\/div>\n\t\t\t\t\t<\/div>\n\t\t\t\t\t\t<\/div>\n\t\t\t\t<\/div>\n\t\t\t\t\t<\/div>\n\t\t\t\t<\/div>\n\t\t\t\t<\/div>\n\t\t","protected":false},"excerpt":{"rendered":"<p>Outil d\u00b4aide au calcul du nombre de margelle pour piscine Margelles piscine Comment calculer le nombre de margelle pour votre<\/p>\n","protected":false},"author":1,"featured_media":0,"parent":0,"menu_order":0,"comment_status":"closed","ping_status":"closed","template":"","meta":{"csbAdvScrollBarCursor":"","_joinchat":[],"footnotes":""},"class_list":["post-5017","page","type-page","status-publish","hentry"],"_links":{"self":[{"href":"https:\/\/poolceramica.com\/index.php\/wp-json\/wp\/v2\/pages\/5017","targetHints":{"allow":["GET"]}}],"collection":[{"href":"https:\/\/poolceramica.com\/index.php\/wp-json\/wp\/v2\/pages"}],"about":[{"href":"https:\/\/poolceramica.com\/index.php\/wp-json\/wp\/v2\/types\/page"}],"author":[{"embeddable":true,"href":"https:\/\/poolceramica.com\/index.php\/wp-json\/wp\/v2\/users\/1"}],"replies":[{"embeddable":true,"href":"https:\/\/poolceramica.com\/index.php\/wp-json\/wp\/v2\/comments?post=5017"}],"version-history":[{"count":12,"href":"https:\/\/poolceramica.com\/index.php\/wp-json\/wp\/v2\/pages\/5017\/revisions"}],"predecessor-version":[{"id":6479,"href":"https:\/\/poolceramica.com\/index.php\/wp-json\/wp\/v2\/pages\/5017\/revisions\/6479"}],"wp:attachment":[{"href":"https:\/\/poolceramica.com\/index.php\/wp-json\/wp\/v2\/media?parent=5017"}],"curies":[{"name":"wp","href":"https:\/\/api.w.org\/{rel}","templated":true}]}}