{"id":4988,"date":"2024-04-28T16:06:06","date_gmt":"2024-04-28T16:06:06","guid":{"rendered":"https:\/\/poolceramica.com\/?page_id=4988"},"modified":"2024-05-16T11:34:45","modified_gmt":"2024-05-16T11:34:45","slug":"surface-de-carrelage-pour-une-piscine","status":"publish","type":"page","link":"https:\/\/poolceramica.com\/index.php\/surface-de-carrelage-pour-une-piscine\/","title":{"rendered":"Calculer la surface de carrelage pour une piscine"},"content":{"rendered":"\t\t<div data-elementor-type=\"wp-page\" data-elementor-id=\"4988\" class=\"elementor elementor-4988\">\n\t\t\t\t<div class=\"elementor-element elementor-element-a294421 e-flex e-con-boxed e-con e-parent\" data-id=\"a294421\" data-element_type=\"container\" data-e-type=\"container\">\n\t\t\t\t\t<div class=\"e-con-inner\">\n\t\t\t\t<div class=\"elementor-element elementor-element-07c37eb wd-width-100 elementor-widget elementor-widget-wd_title\" data-id=\"07c37eb\" data-element_type=\"widget\" data-e-type=\"widget\" data-widget_type=\"wd_title.default\">\n\t\t\t\t<div class=\"elementor-widget-container\">\n\t\t\t\t\t\t\t<div class=\"title-wrapper set-mb-s reset-last-child wd-title-color-default wd-title-style-default wd-title-size-default text-center\">\n\n\t\t\t\n\t\t\t<div class=\"liner-continer\">\n\t\t\t\t<h4 class=\"woodmart-title-container title wd-fontsize-l\">Outil de calcul de la surface de carrelage pour piscine<\/h4> \n\t\t\t\t\t\t\t<\/div>\n\n\t\t\t\t\t<\/div>\n\t\t\t\t\t\t<\/div>\n\t\t\t\t<\/div>\n\t\t\t\t\t<\/div>\n\t\t\t\t<\/div>\n\t\t<div class=\"elementor-element elementor-element-6887030 e-flex e-con-boxed e-con e-parent\" data-id=\"6887030\" data-element_type=\"container\" data-e-type=\"container\">\n\t\t\t\t\t<div class=\"e-con-inner\">\n\t\t\t\t<div class=\"elementor-element elementor-element-96d0c64 elementor-widget elementor-widget-stm_calc\" data-id=\"96d0c64\" data-element_type=\"widget\" data-e-type=\"widget\" data-widget_type=\"stm_calc.default\">\n\t\t\t\t<div class=\"elementor-widget-container\">\n\t\t\t\t\t<script type=\"text\/javascript\">window[\"ccb_front_template_4912\"] = [];<\/script>\n<div class=\"ccb-main-widget \" id=\"ccb_app_4912\" data-calc-id=\"4912\"><\/div>\n\t\t\t\t<\/div>\n\t\t\t\t<\/div>\n\t\t\t\t\t<\/div>\n\t\t\t\t<\/div>\n\t\t<div class=\"elementor-element elementor-element-33ec54c e-flex e-con-boxed e-con e-parent\" data-id=\"33ec54c\" data-element_type=\"container\" data-e-type=\"container\">\n\t\t\t\t\t<div class=\"e-con-inner\">\n\t\t\t\t<div class=\"elementor-element elementor-element-d8b88ad elementor-widget elementor-widget-wd_text_block\" data-id=\"d8b88ad\" data-element_type=\"widget\" data-e-type=\"widget\" data-widget_type=\"wd_text_block.default\">\n\t\t\t\t<div class=\"elementor-widget-container\">\n\t\t\t\t\t\t\t<div class=\"wd-text-block reset-last-child text-center\">\n\t\t\t\n\t\t\t<h2>Comment calculer la quantit\u00e9 de carrelage pour une piscine.<\/h2><p>Pool ceramica, vous aide a calculer la surface de carrelage dont vous aurez besoin pour votre piscine \u00e0 l\u00b4aide de ce calculateur qui vous permet d\u00b4int\u00e9grer les 10% de chute qui est le pourcentage appliqu\u00e9 par les professionnels cela correspond aux chutes induites par les coupes, ainsi que les casses inh\u00e9rentes \u00e0 un chantier lors de la mise en \u0153uvre. Cela vous permettra d\u00b4aller au bout de votre projet sereinement sans avoir \u00e0 recommander, vous ne serai donc pas bloqu\u00e9 et vous n aurai pas de diff\u00e9rence de bain de production. \u00c0 la fin de votre chantier vous aurez quelques boites en plus qu\u00b4il faudra garder pr\u00e9cieusement dans le cas ou une futur intervention demanderai un changement de carreau.<\/p>\n\t\t\t\t\t<\/div>\n\t\t\t\t\t\t<\/div>\n\t\t\t\t<\/div>\n\t\t\t\t\t<\/div>\n\t\t\t\t<\/div>\n\t\t\t\t<\/div>\n\t\t","protected":false},"excerpt":{"rendered":"<p>Outil de calcul de la surface de carrelage pour piscine Comment calculer la quantit\u00e9 de carrelage pour une piscine. Pool<\/p>\n","protected":false},"author":1,"featured_media":0,"parent":0,"menu_order":0,"comment_status":"closed","ping_status":"closed","template":"","meta":{"csbAdvScrollBarCursor":"","_joinchat":[],"footnotes":""},"class_list":["post-4988","page","type-page","status-publish","hentry"],"_links":{"self":[{"href":"https:\/\/poolceramica.com\/index.php\/wp-json\/wp\/v2\/pages\/4988","targetHints":{"allow":["GET"]}}],"collection":[{"href":"https:\/\/poolceramica.com\/index.php\/wp-json\/wp\/v2\/pages"}],"about":[{"href":"https:\/\/poolceramica.com\/index.php\/wp-json\/wp\/v2\/types\/page"}],"author":[{"embeddable":true,"href":"https:\/\/poolceramica.com\/index.php\/wp-json\/wp\/v2\/users\/1"}],"replies":[{"embeddable":true,"href":"https:\/\/poolceramica.com\/index.php\/wp-json\/wp\/v2\/comments?post=4988"}],"version-history":[{"count":27,"href":"https:\/\/poolceramica.com\/index.php\/wp-json\/wp\/v2\/pages\/4988\/revisions"}],"predecessor-version":[{"id":6473,"href":"https:\/\/poolceramica.com\/index.php\/wp-json\/wp\/v2\/pages\/4988\/revisions\/6473"}],"wp:attachment":[{"href":"https:\/\/poolceramica.com\/index.php\/wp-json\/wp\/v2\/media?parent=4988"}],"curies":[{"name":"wp","href":"https:\/\/api.w.org\/{rel}","templated":true}]}}