{"id":4945,"date":"2024-04-27T11:33:16","date_gmt":"2024-04-27T11:33:16","guid":{"rendered":"https:\/\/poolceramica.com\/?page_id=4945"},"modified":"2024-04-28T14:43:15","modified_gmt":"2024-04-28T14:43:15","slug":"guides","status":"publish","type":"page","link":"https:\/\/poolceramica.com\/index.php\/guides\/","title":{"rendered":"guides"},"content":{"rendered":"\t\t<div data-elementor-type=\"wp-page\" data-elementor-id=\"4945\" class=\"elementor elementor-4945\">\n\t\t\t\t<div class=\"elementor-element elementor-element-7c8572f e-flex e-con-boxed e-con e-parent\" data-id=\"7c8572f\" data-element_type=\"container\" data-e-type=\"container\">\n\t\t\t\t\t<div class=\"e-con-inner\">\n\t\t<div class=\"elementor-element elementor-element-5c09bdb e-con-full e-flex e-con e-child\" data-id=\"5c09bdb\" data-element_type=\"container\" data-e-type=\"container\">\n\t\t\t\t<div class=\"elementor-element elementor-element-4523709 elementor-widget elementor-widget-wd_image_or_svg\" data-id=\"4523709\" data-element_type=\"widget\" data-e-type=\"widget\" data-widget_type=\"wd_image_or_svg.default\">\n\t\t\t\t<div class=\"elementor-widget-container\">\n\t\t\t\t\t\n\t\t<div class=\"wd-image text-left\">\n\t\t\t\t\t\t\t<a  href=\"https:\/\/poolceramica.com\/index.php\/2024\/04\/13\/carrelage-ideal-pour-votre-piscine\/\" aria-label=\"Image link\">\n\t\t\t\t\t\t\t\t<img fetchpriority=\"high\" decoding=\"async\" width=\"869\" height=\"972\" src=\"https:\/\/poolceramica.com\/wp-content\/uploads\/2024\/04\/image-Quel-carrelage-pour-votre-piscine-.png\" class=\"attachment-full size-full\" alt=\"\" srcset=\"https:\/\/poolceramica.com\/wp-content\/uploads\/2024\/04\/image-Quel-carrelage-pour-votre-piscine-.png 869w, https:\/\/poolceramica.com\/wp-content\/uploads\/2024\/04\/image-Quel-carrelage-pour-votre-piscine--430x481.png 430w, https:\/\/poolceramica.com\/wp-content\/uploads\/2024\/04\/image-Quel-carrelage-pour-votre-piscine--150x168.png 150w, https:\/\/poolceramica.com\/wp-content\/uploads\/2024\/04\/image-Quel-carrelage-pour-votre-piscine--700x783.png 700w, https:\/\/poolceramica.com\/wp-content\/uploads\/2024\/04\/image-Quel-carrelage-pour-votre-piscine--268x300.png 268w, https:\/\/poolceramica.com\/wp-content\/uploads\/2024\/04\/image-Quel-carrelage-pour-votre-piscine--715x800.png 715w, https:\/\/poolceramica.com\/wp-content\/uploads\/2024\/04\/image-Quel-carrelage-pour-votre-piscine--768x859.png 768w, https:\/\/poolceramica.com\/wp-content\/uploads\/2024\/04\/image-Quel-carrelage-pour-votre-piscine--860x962.png 860w\" sizes=\"(max-width: 869px) 100vw, 869px\" \/>\t\t\t\t\t\t\t<\/a>\n\t\t\t\t\t<\/div>\n\n\t\t\t\t\t\t<\/div>\n\t\t\t\t<\/div>\n\t\t\t\t<\/div>\n\t\t<div class=\"elementor-element elementor-element-e3fed58 e-con-full e-flex e-con e-child\" data-id=\"e3fed58\" data-element_type=\"container\" data-e-type=\"container\">\n\t\t\t\t<div class=\"elementor-element elementor-element-8f0a893 elementor-widget elementor-widget-wd_text_block\" data-id=\"8f0a893\" data-element_type=\"widget\" data-e-type=\"widget\" data-widget_type=\"wd_text_block.default\">\n\t\t\t\t<div class=\"elementor-widget-container\">\n\t\t\t\t\t\t\t<div class=\"wd-text-block reset-last-child text-center\">\n\t\t\t\n\t\t\t<h2>Quel carrelage pour votre piscine ?<\/h2><p>D\u00e9couvrez dans cet article les \u00e9l\u00e9ments essentiels pour faire un choix avis\u00e9 pour votre futur carrelage de votre piscine.<\/p>\n\t\t\t\t\t<\/div>\n\t\t\t\t\t\t<\/div>\n\t\t\t\t<\/div>\n\t\t\t\t<div class=\"elementor-element elementor-element-900c9fc elementor-widget elementor-widget-wd_button\" data-id=\"900c9fc\" data-element_type=\"widget\" data-e-type=\"widget\" data-widget_type=\"wd_button.default\">\n\t\t\t\t<div class=\"elementor-widget-container\">\n\t\t\t\t\t\t\t<div class=\"wd-button-wrapper text-center\" >\n\t\t\t<a class=\"btn btn-style-bordered btn-style-rectangle btn-size-extra-large btn-color-white btn-icon-pos-right\"  href=\"https:\/\/poolceramica.com\/index.php\/2024\/04\/13\/carrelage-ideal-pour-votre-piscine\/\">\n\t\t\t\t<span class=\"wd-btn-text\" data-elementor-setting-key=\"text\">\n\t\t\t\t\tComment choisir le carrelage ideal de votre piscine? \t\t\t\t<\/span>\n\n\t\t\t\t\t\t\t<\/a>\n\t\t<\/div>\n\t\t\t\t\t\t<\/div>\n\t\t\t\t<\/div>\n\t\t\t\t<\/div>\n\t\t\t\t\t<\/div>\n\t\t\t\t<\/div>\n\t\t\t\t<\/div>\n\t\t","protected":false},"excerpt":{"rendered":"<p>Quel carrelage pour votre piscine ? D\u00e9couvrez dans cet article les \u00e9l\u00e9ments essentiels pour faire un choix avis\u00e9 pour votre<\/p>\n","protected":false},"author":1,"featured_media":0,"parent":0,"menu_order":0,"comment_status":"closed","ping_status":"closed","template":"","meta":{"csbAdvScrollBarCursor":"","_joinchat":[],"footnotes":""},"class_list":["post-4945","page","type-page","status-publish","hentry"],"_links":{"self":[{"href":"https:\/\/poolceramica.com\/index.php\/wp-json\/wp\/v2\/pages\/4945","targetHints":{"allow":["GET"]}}],"collection":[{"href":"https:\/\/poolceramica.com\/index.php\/wp-json\/wp\/v2\/pages"}],"about":[{"href":"https:\/\/poolceramica.com\/index.php\/wp-json\/wp\/v2\/types\/page"}],"author":[{"embeddable":true,"href":"https:\/\/poolceramica.com\/index.php\/wp-json\/wp\/v2\/users\/1"}],"replies":[{"embeddable":true,"href":"https:\/\/poolceramica.com\/index.php\/wp-json\/wp\/v2\/comments?post=4945"}],"version-history":[{"count":12,"href":"https:\/\/poolceramica.com\/index.php\/wp-json\/wp\/v2\/pages\/4945\/revisions"}],"predecessor-version":[{"id":4980,"href":"https:\/\/poolceramica.com\/index.php\/wp-json\/wp\/v2\/pages\/4945\/revisions\/4980"}],"wp:attachment":[{"href":"https:\/\/poolceramica.com\/index.php\/wp-json\/wp\/v2\/media?parent=4945"}],"curies":[{"name":"wp","href":"https:\/\/api.w.org\/{rel}","templated":true}]}}